{"id":89,"date":"2024-06-27T14:17:33","date_gmt":"2024-06-27T17:17:33","guid":{"rendered":"https:\/\/graduacao.uel.br\/ciencias-biologicas\/?page_id=89"},"modified":"2024-06-27T14:17:33","modified_gmt":"2024-06-27T17:17:33","slug":"licenciatura","status":"publish","type":"page","link":"https:\/\/graduacao.uel.br\/ciencias-biologicas\/licenciatura\/","title":{"rendered":"Licenciatura"},"content":{"rendered":"\n<p>O Curso de Ci\u00eancias Biol\u00f3gicas Licenciatura prepara o profissional para atuar em Escolas de Educa\u00e7\u00e3o B\u00e1sica, Institui\u00e7\u00f5es de Ensino Superior, Institutos de Pesquisa, Funda\u00e7\u00f5es, Autarquias, Organiza\u00e7\u00f5es n\u00e3o Governamentais, Ind\u00fastrias, Secretarias de Estado, Prefeituras, consultorias e assessorias a Empresas.<\/p>\n\n\n\n<p>O curso \u00e9 matutino, com dura\u00e7\u00e3o m\u00ednima de 4 anos.<\/p>\n\n\n\n<div data-wp-interactive=\"core\/file\" class=\"wp-block-file\"><object data-wp-bind--hidden=\"!state.hasPdfPreview\" hidden class=\"wp-block-file__embed\" data=\"https:\/\/graduacao.uel.br\/ciencias-biologicas\/wp-content\/uploads\/2024\/06\/ciencias_biologicas_licenciatura.pdf\" type=\"application\/pdf\" style=\"width:100%;height:600px\" aria-label=\"Incorporado de ciencias_biologicas_licenciatura.\"><\/object><a id=\"wp-block-file--media-9b91b505-fa1c-4375-a929-56a6d37fa270\" href=\"https:\/\/graduacao.uel.br\/ciencias-biologicas\/wp-content\/uploads\/2024\/06\/ciencias_biologicas_licenciatura.pdf\">ciencias_biologicas_licenciatura<\/a><a href=\"https:\/\/graduacao.uel.br\/ciencias-biologicas\/wp-content\/uploads\/2024\/06\/ciencias_biologicas_licenciatura.pdf\" class=\"wp-block-file__button wp-element-button\" download aria-describedby=\"wp-block-file--media-9b91b505-fa1c-4375-a929-56a6d37fa270\">Baixar<\/a><\/div>\n","protected":false},"excerpt":{"rendered":"<p>O Curso de Ci\u00eancias Biol\u00f3gicas Licenciatura prepara o profissional para atuar em Escolas de Educa\u00e7\u00e3o B\u00e1sica, Institui\u00e7\u00f5es de Ensino Superior, Institutos de Pesquisa, Funda\u00e7\u00f5es, Autarquias, Organiza\u00e7\u00f5es n\u00e3o Governamentais, Ind\u00fastrias, Secretarias de Estado, Prefeituras, consultorias e assessorias a Empresas. O curso \u00e9 matutino, com dura\u00e7\u00e3o m\u00ednima de 4 anos.<\/p>\n","protected":false},"author":8,"featured_media":0,"parent":0,"menu_order":0,"comment_status":"closed","ping_status":"closed","template":"","meta":{"_acf_changed":false,"footnotes":""},"class_list":["post-89","page","type-page","status-publish","hentry"],"acf":[],"_links":{"self":[{"href":"https:\/\/graduacao.uel.br\/ciencias-biologicas\/wp-json\/wp\/v2\/pages\/89","targetHints":{"allow":["GET"]}}],"collection":[{"href":"https:\/\/graduacao.uel.br\/ciencias-biologicas\/wp-json\/wp\/v2\/pages"}],"about":[{"href":"https:\/\/graduacao.uel.br\/ciencias-biologicas\/wp-json\/wp\/v2\/types\/page"}],"author":[{"embeddable":true,"href":"https:\/\/graduacao.uel.br\/ciencias-biologicas\/wp-json\/wp\/v2\/users\/8"}],"replies":[{"embeddable":true,"href":"https:\/\/graduacao.uel.br\/ciencias-biologicas\/wp-json\/wp\/v2\/comments?post=89"}],"version-history":[{"count":1,"href":"https:\/\/graduacao.uel.br\/ciencias-biologicas\/wp-json\/wp\/v2\/pages\/89\/revisions"}],"predecessor-version":[{"id":91,"href":"https:\/\/graduacao.uel.br\/ciencias-biologicas\/wp-json\/wp\/v2\/pages\/89\/revisions\/91"}],"wp:attachment":[{"href":"https:\/\/graduacao.uel.br\/ciencias-biologicas\/wp-json\/wp\/v2\/media?parent=89"}],"curies":[{"name":"wp","href":"https:\/\/api.w.org\/{rel}","templated":true}]}}