{"id":27,"date":"2024-07-03T20:38:11","date_gmt":"2024-07-03T23:38:11","guid":{"rendered":"https:\/\/graduacao.uel.br\/ciencias-contabeis\/?page_id=27"},"modified":"2024-07-08T22:05:17","modified_gmt":"2024-07-09T01:05:17","slug":"o-curso","status":"publish","type":"page","link":"https:\/\/graduacao.uel.br\/ciencias-contabeis\/o-curso\/","title":{"rendered":"O Curso"},"content":{"rendered":"\n<p>A cria\u00e7\u00e3o do curso de Ci\u00eancias Cont\u00e1beis antecede a da Universidade Estadual de Londrina. <\/p>\n\n\n\n<p>Em 1966, a Lei Estadual n\u00b0 5.308, de 05 de maio de 1966, criou a Faculdade Estadual de Ci\u00eancias Econ\u00f3micas e Cont\u00e1beis de Londrina. Em 1969, a Lei 6.034, de 06 de novembro de 1969, cria as Universidades Estaduais de Londrina, Maring\u00e1 e Ponta Grossa. <\/p>\n\n\n\n<p>Em 1970, o Decreto 18.110, de 28 janeiro de 1970, cria a Universidade Estadual de Londrina e extingue a mantenedora das Faculdades de Medicina e de Ci\u00eancias Econ\u00f3micas e Cont\u00e1beis de Londrina (FESULON). A cria\u00e7\u00e3o do curso de Ci\u00eancias Cont\u00e1beis e o primeiro projeto pedag\u00f3gico do curso de ci\u00eancias cont\u00e1beis foram aprovados pelo CEPE por meio da Resolu\u00e7\u00e3o n\u00b0 76\/72 de 11 de fevereiro de 1972.<\/p>\n\n\n\n<p>O funcionamento do curso ocorreu no primeiro semestre de 1972, no per\u00edodo noturno, sendo que a primeira cola\u00e7\u00e3o de grau aconteceu em 20 de dezembro de 1975. Nesta, a Universidade Estadual de Londrina concedeu o t\u00edtulo de Bacharel em Ci\u00eancias Cont\u00e1beis a 26 profissionais. Apenas na d\u00e9cada de 1990, inicia-se o curso no per\u00edodo matutino, o curso passa a ofertar 120 vagas. <\/p>\n\n\n\n<p>O curso no turno matutino se inicia em 1994 e a primeira formatura do curso de Ci\u00eancias Cont\u00e1beis Matutino acontece em 25 de outubro de 1999, na qual colaram grau sete profissionais.<\/p>\n\n\n\n<p><\/p>\n","protected":false},"excerpt":{"rendered":"<p>A cria\u00e7\u00e3o do curso de Ci\u00eancias Cont\u00e1beis antecede a da Universidade Estadual de Londrina. Em 1966, a Lei Estadual n\u00b0 5.308, de 05 de maio de 1966, criou a Faculdade Estadual de Ci\u00eancias Econ\u00f3micas e Cont\u00e1beis de Londrina. Em 1969, a Lei 6.034, de 06 de novembro de 1969, cria as Universidades Estaduais de Londrina, [&hellip;]<\/p>\n","protected":false},"author":8,"featured_media":0,"parent":0,"menu_order":0,"comment_status":"closed","ping_status":"closed","template":"","meta":{"_acf_changed":false,"footnotes":""},"class_list":["post-27","page","type-page","status-publish","hentry"],"acf":[],"_links":{"self":[{"href":"https:\/\/graduacao.uel.br\/ciencias-contabeis\/wp-json\/wp\/v2\/pages\/27","targetHints":{"allow":["GET"]}}],"collection":[{"href":"https:\/\/graduacao.uel.br\/ciencias-contabeis\/wp-json\/wp\/v2\/pages"}],"about":[{"href":"https:\/\/graduacao.uel.br\/ciencias-contabeis\/wp-json\/wp\/v2\/types\/page"}],"author":[{"embeddable":true,"href":"https:\/\/graduacao.uel.br\/ciencias-contabeis\/wp-json\/wp\/v2\/users\/8"}],"replies":[{"embeddable":true,"href":"https:\/\/graduacao.uel.br\/ciencias-contabeis\/wp-json\/wp\/v2\/comments?post=27"}],"version-history":[{"count":2,"href":"https:\/\/graduacao.uel.br\/ciencias-contabeis\/wp-json\/wp\/v2\/pages\/27\/revisions"}],"predecessor-version":[{"id":70,"href":"https:\/\/graduacao.uel.br\/ciencias-contabeis\/wp-json\/wp\/v2\/pages\/27\/revisions\/70"}],"wp:attachment":[{"href":"https:\/\/graduacao.uel.br\/ciencias-contabeis\/wp-json\/wp\/v2\/media?parent=27"}],"curies":[{"name":"wp","href":"https:\/\/api.w.org\/{rel}","templated":true}]}}