{"id":33,"date":"2024-07-03T20:42:25","date_gmt":"2024-07-03T23:42:25","guid":{"rendered":"https:\/\/graduacao.uel.br\/ciencias-contabeis\/?page_id=33"},"modified":"2025-02-14T14:29:42","modified_gmt":"2025-02-14T17:29:42","slug":"contatos","status":"publish","type":"page","link":"https:\/\/graduacao.uel.br\/ciencias-contabeis\/contatos\/","title":{"rendered":"Contatos"},"content":{"rendered":"\n<p><strong>Coordenadora do&nbsp;Colegiado<br><\/strong>Daiana Bragueto Martins<br>daiana@uel.br<\/p>\n\n\n\n<p><strong>Vice-coordenador<\/strong>\u00a0<strong>do\u00a0Colegiado<\/strong><br>Jo\u00e3o Am\u00e9rico Tomaz de Aquino<br>tomaz@uel.br<\/p>\n\n\n\n<p><strong>Coordenador de Est\u00e1gio<\/strong><br>Claudecir Paton<br>paton@uel.br<br><\/p>\n\n\n\n<p><strong>Coordenador de TCC<\/strong><br>Marcelo Carocia<br>mcarocia@uel.br<br><br><strong>Coordenadora de AEX<\/strong><br>Rosyneide Aparecida Costa dos Santos<br>rosy.santos@uel.br<br><br><\/p>\n","protected":false},"excerpt":{"rendered":"<p>Coordenadora do&nbsp;ColegiadoDaiana Bragueto Martinsdaiana@uel.br Vice-coordenador\u00a0do\u00a0ColegiadoJo\u00e3o Am\u00e9rico Tomaz de Aquinotomaz@uel.br Coordenador de Est\u00e1gioClaudecir Patonpaton@uel.br Coordenador de TCCMarcelo Carociamcarocia@uel.br Coordenadora de AEXRosyneide Aparecida Costa dos Santosrosy.santos@uel.br<\/p>\n","protected":false},"author":8,"featured_media":0,"parent":0,"menu_order":0,"comment_status":"closed","ping_status":"closed","template":"","meta":{"_acf_changed":false,"footnotes":""},"class_list":["post-33","page","type-page","status-publish","hentry"],"acf":[],"_links":{"self":[{"href":"https:\/\/graduacao.uel.br\/ciencias-contabeis\/wp-json\/wp\/v2\/pages\/33","targetHints":{"allow":["GET"]}}],"collection":[{"href":"https:\/\/graduacao.uel.br\/ciencias-contabeis\/wp-json\/wp\/v2\/pages"}],"about":[{"href":"https:\/\/graduacao.uel.br\/ciencias-contabeis\/wp-json\/wp\/v2\/types\/page"}],"author":[{"embeddable":true,"href":"https:\/\/graduacao.uel.br\/ciencias-contabeis\/wp-json\/wp\/v2\/users\/8"}],"replies":[{"embeddable":true,"href":"https:\/\/graduacao.uel.br\/ciencias-contabeis\/wp-json\/wp\/v2\/comments?post=33"}],"version-history":[{"count":4,"href":"https:\/\/graduacao.uel.br\/ciencias-contabeis\/wp-json\/wp\/v2\/pages\/33\/revisions"}],"predecessor-version":[{"id":93,"href":"https:\/\/graduacao.uel.br\/ciencias-contabeis\/wp-json\/wp\/v2\/pages\/33\/revisions\/93"}],"wp:attachment":[{"href":"https:\/\/graduacao.uel.br\/ciencias-contabeis\/wp-json\/wp\/v2\/media?parent=33"}],"curies":[{"name":"wp","href":"https:\/\/api.w.org\/{rel}","templated":true}]}}