{"id":35,"date":"2024-07-03T20:45:05","date_gmt":"2024-07-03T23:45:05","guid":{"rendered":"https:\/\/graduacao.uel.br\/ciencias-contabeis\/?page_id=35"},"modified":"2025-02-14T16:26:33","modified_gmt":"2025-02-14T19:26:33","slug":"links-importantes","status":"publish","type":"page","link":"https:\/\/graduacao.uel.br\/ciencias-contabeis\/links-importantes\/","title":{"rendered":"Links Importantes"},"content":{"rendered":"\n<p><strong><a href=\"http:\/\/bit.ly\/uelcont\" data-type=\"link\" data-id=\"bit.ly\/uelcont\">Q&amp;A &#8211; PERGUNTAS E RESPOSTAS &#8211; Curso de Cont\u00e1beis &#8211; UEL<\/a><\/strong><\/p>\n\n\n\n<p><\/p>\n\n\n\n<p><a href=\"https:\/\/bit.ly\/3NBeT9L\"><strong>AAC<\/strong> &#8211; Instru\u00e7\u00e3o de Servi\u00e7o 01\/2022<\/a><\/p>\n\n\n\n<p><\/p>\n\n\n\n<p><strong><a href=\"https:\/\/www.youtube.com\/channel\/UCOWQowJdWgHrFX5jmBFKQlg\" data-type=\"link\" data-id=\"https:\/\/www.youtube.com\/channel\/UCOWQowJdWgHrFX5jmBFKQlg\">CANAL YOUTUBE &#8211; Departamento de Ci\u00eancias Cont\u00e1beis da UEL<\/a><\/strong><\/p>\n\n\n\n<p><\/p>\n\n\n\n<p><a href=\"https:\/\/www.instagram.com\/deptocontabeisuel\/\"><strong>INSTAGRAM &#8211; Depto Ci\u00eancias Cont\u00e1beis UEL (@deptocontabeisuel)<\/strong><\/a><\/p>\n\n\n\n<div style=\"height:161px\" aria-hidden=\"true\" class=\"wp-block-spacer\"><\/div>\n\n\n\n<p class=\"has-medium-font-size\"><strong>Manual de Identidade Visual da UEL<\/strong><\/p>\n\n\n\n<p>Ao representar a Universidade Estadual de Londrina, utilize a&nbsp;<a href=\"https:\/\/portal.uel.br\/conheca-a-uel\/pages\/marca-e-logotipo.php\" target=\"_blank\" rel=\"noreferrer noopener\">logomarca da UEL<\/a>, conforme manual abaixo:<\/p>\n\n\n\n<p><\/p>\n\n\n\n<div data-wp-interactive=\"core\/file\" class=\"wp-block-file\"><object data-wp-bind--hidden=\"!state.hasPdfPreview\" hidden class=\"wp-block-file__embed\" data=\"https:\/\/graduacao.uel.br\/matematica\/wp-content\/uploads\/2024\/03\/MANUAL_DE_IDENTIDADE_UEL_-_2019-1.pdf\" type=\"application\/pdf\" style=\"width:100%;height:200px\" aria-label=\"Incorporado de MANUAL_DE_IDENTIDADE_UEL_-_2019 (1).\"><\/object><a id=\"wp-block-file--media-21ee5bb6-f08a-419d-93d5-b3ba0049eb7d\" href=\"https:\/\/graduacao.uel.br\/matematica\/wp-content\/uploads\/2024\/03\/MANUAL_DE_IDENTIDADE_UEL_-_2019-1.pdf\">MANUAL_DE_IDENTIDADE_UEL_-_2019 (1)<\/a><a href=\"https:\/\/graduacao.uel.br\/matematica\/wp-content\/uploads\/2024\/03\/MANUAL_DE_IDENTIDADE_UEL_-_2019-1.pdf\" class=\"wp-block-file__button wp-element-button\" download aria-describedby=\"wp-block-file--media-21ee5bb6-f08a-419d-93d5-b3ba0049eb7d\">Baixar<\/a><\/div>\n\n\n\n<p><\/p>\n","protected":false},"excerpt":{"rendered":"<p>Q&amp;A &#8211; PERGUNTAS E RESPOSTAS &#8211; Curso de Cont\u00e1beis &#8211; UEL AAC &#8211; Instru\u00e7\u00e3o de Servi\u00e7o 01\/2022 CANAL YOUTUBE &#8211; Departamento de Ci\u00eancias Cont\u00e1beis da UEL INSTAGRAM &#8211; Depto Ci\u00eancias Cont\u00e1beis UEL (@deptocontabeisuel) Manual de Identidade Visual da UEL Ao representar a Universidade Estadual de Londrina, utilize a&nbsp;logomarca da UEL, conforme manual abaixo:<\/p>\n","protected":false},"author":8,"featured_media":0,"parent":0,"menu_order":0,"comment_status":"closed","ping_status":"closed","template":"","meta":{"_acf_changed":false,"footnotes":""},"class_list":["post-35","page","type-page","status-publish","hentry"],"acf":[],"_links":{"self":[{"href":"https:\/\/graduacao.uel.br\/ciencias-contabeis\/wp-json\/wp\/v2\/pages\/35","targetHints":{"allow":["GET"]}}],"collection":[{"href":"https:\/\/graduacao.uel.br\/ciencias-contabeis\/wp-json\/wp\/v2\/pages"}],"about":[{"href":"https:\/\/graduacao.uel.br\/ciencias-contabeis\/wp-json\/wp\/v2\/types\/page"}],"author":[{"embeddable":true,"href":"https:\/\/graduacao.uel.br\/ciencias-contabeis\/wp-json\/wp\/v2\/users\/8"}],"replies":[{"embeddable":true,"href":"https:\/\/graduacao.uel.br\/ciencias-contabeis\/wp-json\/wp\/v2\/comments?post=35"}],"version-history":[{"count":9,"href":"https:\/\/graduacao.uel.br\/ciencias-contabeis\/wp-json\/wp\/v2\/pages\/35\/revisions"}],"predecessor-version":[{"id":113,"href":"https:\/\/graduacao.uel.br\/ciencias-contabeis\/wp-json\/wp\/v2\/pages\/35\/revisions\/113"}],"wp:attachment":[{"href":"https:\/\/graduacao.uel.br\/ciencias-contabeis\/wp-json\/wp\/v2\/media?parent=35"}],"curies":[{"name":"wp","href":"https:\/\/api.w.org\/{rel}","templated":true}]}}