{"id":64,"date":"2024-07-08T21:54:03","date_gmt":"2024-07-09T00:54:03","guid":{"rendered":"https:\/\/graduacao.uel.br\/ciencias-contabeis\/?page_id=64"},"modified":"2024-07-08T21:54:03","modified_gmt":"2024-07-09T00:54:03","slug":"atletica","status":"publish","type":"page","link":"https:\/\/graduacao.uel.br\/ciencias-contabeis\/atletica\/","title":{"rendered":"Atl\u00e9tica"},"content":{"rendered":"\n<p>A&nbsp;<a href=\"https:\/\/www.instagram.com\/xvdesetembro\">Atl\u00e9tica XV de Setembro<\/a>&nbsp;foi fundada em 2005 durante a gest\u00e3o 2005\/2006. A Atl\u00e9tica n\u00e3o se limita a festas e eventos. Sua miss\u00e3o central \u00e9 a integra\u00e7\u00e3o de alunos de diversos cursos de Administra\u00e7\u00e3o, Ci\u00eancias Cont\u00e1beis, Ci\u00eancias Econ\u00f4micas e Secretariado Executivo e o investimento em seus atletas. O atual presidente \u00e9 o estudante Gabriel Aar\u00e3o.<\/p>\n\n\n\n<p>Saiba mais sobre a&nbsp;<a href=\"https:\/\/www.instagram.com\/xvdesetembro\">XV de Setembro<\/a>.<\/p>\n","protected":false},"excerpt":{"rendered":"<p>A&nbsp;Atl\u00e9tica XV de Setembro&nbsp;foi fundada em 2005 durante a gest\u00e3o 2005\/2006. A Atl\u00e9tica n\u00e3o se limita a festas e eventos. Sua miss\u00e3o central \u00e9 a integra\u00e7\u00e3o de alunos de diversos cursos de Administra\u00e7\u00e3o, Ci\u00eancias Cont\u00e1beis, Ci\u00eancias Econ\u00f4micas e Secretariado Executivo e o investimento em seus atletas. O atual presidente \u00e9 o estudante Gabriel Aar\u00e3o. Saiba [&hellip;]<\/p>\n","protected":false},"author":8,"featured_media":0,"parent":0,"menu_order":0,"comment_status":"closed","ping_status":"closed","template":"","meta":{"_acf_changed":false,"footnotes":""},"class_list":["post-64","page","type-page","status-publish","hentry"],"acf":[],"_links":{"self":[{"href":"https:\/\/graduacao.uel.br\/ciencias-contabeis\/wp-json\/wp\/v2\/pages\/64","targetHints":{"allow":["GET"]}}],"collection":[{"href":"https:\/\/graduacao.uel.br\/ciencias-contabeis\/wp-json\/wp\/v2\/pages"}],"about":[{"href":"https:\/\/graduacao.uel.br\/ciencias-contabeis\/wp-json\/wp\/v2\/types\/page"}],"author":[{"embeddable":true,"href":"https:\/\/graduacao.uel.br\/ciencias-contabeis\/wp-json\/wp\/v2\/users\/8"}],"replies":[{"embeddable":true,"href":"https:\/\/graduacao.uel.br\/ciencias-contabeis\/wp-json\/wp\/v2\/comments?post=64"}],"version-history":[{"count":1,"href":"https:\/\/graduacao.uel.br\/ciencias-contabeis\/wp-json\/wp\/v2\/pages\/64\/revisions"}],"predecessor-version":[{"id":65,"href":"https:\/\/graduacao.uel.br\/ciencias-contabeis\/wp-json\/wp\/v2\/pages\/64\/revisions\/65"}],"wp:attachment":[{"href":"https:\/\/graduacao.uel.br\/ciencias-contabeis\/wp-json\/wp\/v2\/media?parent=64"}],"curies":[{"name":"wp","href":"https:\/\/api.w.org\/{rel}","templated":true}]}}