{"id":10,"date":"2024-07-03T20:15:06","date_gmt":"2024-07-03T23:15:06","guid":{"rendered":"https:\/\/graduacao.uel.br\/ciencias-economicas\/?page_id=10"},"modified":"2025-05-05T17:57:02","modified_gmt":"2025-05-05T20:57:02","slug":"eventos","status":"publish","type":"page","link":"https:\/\/graduacao.uel.br\/ciencias-economicas\/eventos\/","title":{"rendered":"Eventos"},"content":{"rendered":"\n<p>Conhe\u00e7a os Eventos que est\u00e3o acontecendo na UEL e os que est\u00e3o para acontecer:<\/p>\n\n\n\n<p><\/p>\n\n\n\n<div class=\"wp-block-pb-accordion-item c-accordion__item js-accordion-item no-js is-open\" data-initially-open=\"true\" data-click-to-close=\"false\" data-auto-close=\"false\" data-scroll=\"false\" data-scroll-offset=\"0\"><h2 id=\"at-100\" class=\"c-accordion__title js-accordion-controller\" role=\"button\"><strong>202<\/strong>5<\/h2><div id=\"ac-100\" class=\"c-accordion__content\">\n<div class=\"wp-block-columns is-layout-flex wp-container-core-columns-is-layout-9d6595d7 wp-block-columns-is-layout-flex\">\n<div class=\"wp-block-column is-layout-flow wp-block-column-is-layout-flow\">\n<p><a href=\"https:\/\/www.sistemasweb.uel.br\/index.php?contents=system\/insc\/index.php&amp;pagina=view\/inscricoes\/seleciona_evento.php&amp;cod_evento=10481\" target=\"_blank\" rel=\"noreferrer noopener\"><strong>AN\u00c1LISE DE DADOS COM EXCEL E RSTUDIO<\/strong><\/a> &#8211; OPEN FINANCE<\/p>\n\n\n\n<p><strong>Objetivo:&nbsp;<\/strong>Desenvolver habilidades em an\u00e1lise de dados utilizando Excel e RStudio, com foco em integra\u00e7\u00e3o e compartilhamento de dados entre as duas ferramentas.<\/p>\n\n\n\n<p><strong>Local<\/strong>: Classroom<\/p>\n\n\n\n<p><strong>Per\u00edodo de Realiza\u00e7\u00e3o:&nbsp;<\/strong>15\/05\/2025 a 30\/07\/2025<br><strong>Per\u00edodo de Inscri\u00e7\u00e3o:&nbsp;<\/strong>09\/04\/2025 00:00 a 17\/05\/2025 23:59<\/p>\n\n\n\n<p>Link para inscri\u00e7\u00e3o: <a href=\"https:\/\/www.sistemasweb.uel.br\/index.php?contents=system\/insc\/index.php&amp;pagina=view\/inscricoes\/seleciona_evento.php&amp;cod_evento=10481\">https:\/\/www.sistemasweb.uel.br\/index.phpcontents=system\/insc\/index.php&amp;pagina=view\/inscricoes\/seleciona_evento.php&amp;cod_evento=10481<\/a><\/p>\n\n\n\n<div style=\"height:32px\" aria-hidden=\"true\" class=\"wp-block-spacer\"><\/div>\n\n\n\n<p><strong><a href=\"http:\/\/www.uel.br\/eventos\/sigec\/?id=10184\" data-type=\"link\" data-id=\"http:\/\/www.uel.br\/eventos\/sigec\/?id=10184\">EDUCA\u00c7\u00c3O CONTINUADA, METODOLOGIAS ATIVAS E INTELIG\u00caNCIA ARTIFICIAL: INDISPENS\u00c1VEL PARA O ECONOMISTA MODERNO<\/a><\/strong><\/p>\n\n\n\n<p><strong>Objetivo:&nbsp;<\/strong>Apreender Educa\u00e7\u00e3o Continuada, Metodologias Ativas e Intelig\u00eancia Artificial que s\u00e3o indispens\u00e1vel para o Economista Moderno se familiarizando com os Eixos de Conhecimentos em Ci\u00eancias Econ\u00f4micas UEL 2025<\/p>\n\n\n\n<p><strong>Local<\/strong>: UEL\/CESA &#8211; SALA DE INFORM\u00c1TICA DE ECONOMIA 454<\/p>\n\n\n\n<p><strong>Data de Realiza\u00e7\u00e3o:&nbsp;<\/strong>18\/02\/2025<br><strong>Per\u00edodo de Inscri\u00e7\u00e3o:&nbsp;<\/strong>22\/01\/2025 00:00 a 18\/02\/2025 00:00<\/p>\n\n\n\n<p>Link para inscri\u00e7\u00e3o: <a href=\"http:\/\/www.uel.br\/eventos\/sigec\/?id=10184\">http:\/\/www.uel.br\/eventos\/sigec\/?id=10184<\/a><\/p>\n<\/div>\n<\/div>\n<\/div><\/div>\n\n\n\n<div class=\"wp-block-columns is-layout-flex wp-container-core-columns-is-layout-9d6595d7 wp-block-columns-is-layout-flex\">\n<div class=\"wp-block-column is-layout-flow wp-block-column-is-layout-flow\">\n<p><strong><a href=\"http:\/\/www.uel.br\/eventos\/sigec\/?id=10088\" data-type=\"link\" data-id=\"http:\/\/www.uel.br\/eventos\/sigec\/?id=10088\">GINCANA DE ECONOMIA\/UEL 2025: APREENDER PARA RESPONDER<\/a><\/strong><\/p>\n\n\n\n<p><strong>Objetivo:&nbsp;<\/strong>Apreender reflex\u00f5es sobre a avalia\u00e7\u00e3o da aprendizagem do Curso de Ci\u00eancias Econ\u00f4micas com vistas ao exerc\u00edcio da profiss\u00e3o do economista moderno frente a demanda global.<\/p>\n\n\n\n<p><strong>Local<\/strong>: SALA 467\/468 &#8211; CESA\/UEL<\/p>\n\n\n\n<p><strong>Per\u00edodo de Realiza\u00e7\u00e3o:&nbsp;<\/strong>08\/01\/2025 a 11\/11\/2025<br><strong>Per\u00edodo de Inscri\u00e7\u00e3o:&nbsp;<\/strong>21\/12\/2024 00:00 a 01\/11\/2025 23:59<\/p>\n\n\n\n<p>Link para inscri\u00e7\u00e3o: <a href=\"http:\/\/www.uel.br\/eventos\/sigec\/?id=10088\">http:\/\/www.uel.br\/eventos\/sigec\/?id=10088<\/a><\/p>\n\n\n\n<div style=\"height:32px\" aria-hidden=\"true\" class=\"wp-block-spacer\"><\/div>\n\n\n\n<p><strong>SEMANA PEDAG\u00d3GICA DE ESTUDOS ECON\u00d4MICOS 2025<\/strong><\/p>\n\n\n\n<p>Educa\u00e7\u00e3o Continuada, Metodologias Ativas e Intelig\u00eancia Artificial: Indispens\u00e1vel para o Economista Moderno.<\/p>\n\n\n\n<p><strong>Local:<\/strong> UEL-CESA &#8211; SALA DE INFORM\u00c1TICA DE ECONOMIA n\u00ba 414<\/p>\n\n\n\n<p><strong>Per\u00edodo de realiza\u00e7\u00e3o\/hor\u00e1rio:<\/strong> 19\/02\/2025, das 14 \u00e0s 18 horas<\/p>\n\n\n\n<p><strong>Carga hor\u00e1ria:<\/strong> 10 horas<\/p>\n\n\n\n<div style=\"height:32px\" aria-hidden=\"true\" class=\"wp-block-spacer\"><\/div>\n\n\n\n<p><strong>O EXERCICIO DA PROFISS\u00c3O DO ECONOMISTA MODERNO SEMANA DE RECEP\u00c7\u00c3O AOS INGRESSANTES UEL 2025<\/strong><\/p>\n\n\n\n<p><strong>Local<\/strong>: CURSO DE CI\u00caNCIAS ECON\u00d4MICAS (N. 009 TURMA 1000 e N. 016 TURMA 2000) &#8211; UEL<\/p>\n\n\n\n<p><strong>Per\u00edodo de Realiza\u00e7\u00e3o:<\/strong> De 24\/03 a 28\/03\/2025<\/p>\n\n\n\n<div style=\"height:32px\" aria-hidden=\"true\" class=\"wp-block-spacer\"><\/div>\n\n\n\n<p><a href=\"https:\/\/www.sistemasweb.uel.br\/index.php?contents=system\/insc\/index.php&amp;pagina=view\/inscricoes\/seleciona_evento.php&amp;cod_evento=10616\" target=\"_blank\" rel=\"noreferrer noopener\"><strong>INTELIG\u00caNCIA ARTIFICIAL E AUTONOMIA NO ESTUDO: APRENDER A PENSAR COM O APOIO DAS M\u00c1QUINAS<\/strong><\/a><\/p>\n\n\n\n<p><strong>Objetivo:\u00a0<\/strong>Apresentar, de forma pr\u00e1tica e reflexiva, como a Intelig\u00eancia Artificial, especialmente as tecnologias cognitivas, pode se tornar uma verdadeira parceira no cotidiano de estudos dos estudantes de Economia.<\/p>\n\n\n\n<p><strong>Data de Realiza\u00e7\u00e3o:\u00a0<\/strong>04\/06\/2025<br><strong>Per\u00edodo de Inscri\u00e7\u00e3o:\u00a0<\/strong>25\/04\/2025 08:00 a 04\/06\/2025 23:59<\/p>\n\n\n\n<p>Link para inscri\u00e7\u00e3o: <a href=\"http:\/\/www.uel.br\/eventos\/sigec\/?id=10616\">http:\/\/www.uel.br\/eventos\/sigec\/?id=10616<\/a><\/p>\n<\/div>\n<\/div>\n\n\n\n<p class=\"has-primary-accent-color has-text-color has-link-color has-medium-font-size wp-elements-88fe800876dcb0dc8575e963d210fc36\"><strong>Eventos diversos na UEL<\/strong><\/p>\n\n\n\n                <div class=\"feed-noticias-perobal alm-listing alm-ajax alm-has-transition\" id=\"feed-noticias-perobal-evento\"><a class=\"noticia-feed d-flex flex-column flex-md-row align-items-start\" href=\"https:\/\/operobal.uel.br\/cesa\/2026\/03\/24\/unati-abre-programacao-de-2026-com-palestra-sobre-saude-para-idosos\/\">\n                                                    <img decoding=\"async\" class=\"lazy entered loaded\" src=\"https:\/\/operobal.uel.br\/wp-content\/uploads\/2021\/08\/unati-uel-4.jpg\"\/>    \n                                                    <article class=\"ml-0 ml-md-4 corpo-noticia-feed\">\n                                                        <p class=\"antetitulo mb-0\">Terceira Idade<\/p>\n                                                        <p class=\"titulo mb-2\">Unati abre programa\u00e7\u00e3o de 2026 com palestra sobre sa\u00fade para idosos<\/p>\n                                                        <p class=\"descricao\">Evento gratuito marca in\u00edcio das atividades com palestras e homenagens a pessoas de refer\u00eancia na \u00e1rea do envelhecimento saud\u00e1vel.<\/p>\n                                                    <\/article>\n                                                <\/a><hr class=\"mt-4 mb-4 d-none d-md-block\"><a class=\"noticia-feed d-flex flex-column flex-md-row align-items-start\" href=\"https:\/\/operobal.uel.br\/ctu\/2026\/03\/23\/seminario-de-historia-da-cidade-e-urbanismo-esta-com-inscricoes-abertas-para-submissao-de-trabalhos\/\">\n                                                    <img decoding=\"async\" class=\"lazy entered loaded\" src=\"https:\/\/operobal.uel.br\/wp-content\/uploads\/2026\/03\/Seminario-de-Historia-da-Cidade-e-do-Urbanismo-SHCU.jpg\"\/>    \n                                                    <article class=\"ml-0 ml-md-4 corpo-noticia-feed\">\n                                                        <p class=\"antetitulo mb-0\">Semin\u00e1rio<\/p>\n                                                        <p class=\"titulo mb-2\">Semin\u00e1rio de Hist\u00f3ria da Cidade e Urbanismo est\u00e1 com inscri\u00e7\u00f5es abertas para submiss\u00e3o de trabalhos<\/p>\n                                                        <p class=\"descricao\">O evento \u00e9 uma parceria do Programa de P\u00f3s-Gradua\u00e7\u00e3o em Arquitetura e Urbanismo (PPU-UEM\/UEL)\n<\/p>\n                                                    <\/article>\n                                                <\/a><hr class=\"mt-4 mb-4 d-none d-md-block\"><a class=\"noticia-feed d-flex flex-column flex-md-row align-items-start\" href=\"https:\/\/operobal.uel.br\/clch\/2026\/03\/23\/arquivo-publico-do-parana-realiza-etapa-paranaense-da-conferencia-nacional-de-arquivos\/\">\n                                                    <img decoding=\"async\" class=\"lazy entered loaded\" src=\"https:\/\/operobal.uel.br\/wp-content\/uploads\/2026\/03\/materia-1-180-anos-jpg.jpg\"\/>    \n                                                    <article class=\"ml-0 ml-md-4 corpo-noticia-feed\">\n                                                        <p class=\"antetitulo mb-0\">ESTADUAL<\/p>\n                                                        <p class=\"titulo mb-2\">Arquivo P\u00fablico do Paran\u00e1 realiza etapa paranaense da Confer\u00eancia Nacional de Arquivos\u00a0<\/p>\n                                                        <p class=\"descricao\">Evento com participa\u00e7\u00e3o do NDPH\/UEL representa retomada sobre a discuss\u00e3o de pol\u00edticas p\u00fablicas arquiv\u00edsticas no Brasil.<\/p>\n                                                    <\/article>\n                                                <\/a><hr class=\"mt-4 mb-4 d-none d-md-block\"><a class=\"noticia-feed d-flex flex-column flex-md-row align-items-start\" href=\"https:\/\/operobal.uel.br\/cefe\/2026\/03\/20\/nefel-faz-entrega-simbolica-do-livro-comemorativo-dos-50-anos-do-curso-de-educacao-fisica-da-uel\/\">\n                                                    <img decoding=\"async\" class=\"lazy entered loaded\" src=\"https:\/\/operobal.uel.br\/wp-content\/uploads\/2026\/03\/WhatsApp-Image-2026-03-20-at-14.21.18-2.jpeg\"\/>    \n                                                    <article class=\"ml-0 ml-md-4 corpo-noticia-feed\">\n                                                        <p class=\"antetitulo mb-0\">50 anos<\/p>\n                                                        <p class=\"titulo mb-2\">NEFEL faz entrega simb\u00f3lica do livro comemorativo dos 50 anos do curso de Educa\u00e7\u00e3o F\u00edsica da UEL<\/p>\n                                                        <p class=\"descricao\">O livro comp\u00f5e uma rica tessitura hist\u00f3rica, afetiva e anal\u00edtica, que resgata a mem\u00f3ria coletiva e valoriza os sujeitos deste processo. <\/p>\n                                                    <\/article>\n                                                <\/a><hr class=\"mt-4 mb-4 d-none d-md-block\"><a class=\"noticia-feed d-flex flex-column flex-md-row align-items-start\" href=\"https:\/\/operobal.uel.br\/cca\/2026\/03\/20\/pos-graduacao-em-ciencia-de-alimentos-traz-egressos-para-celebrar-aniversario\/\">\n                                                    <img decoding=\"async\" class=\"lazy entered loaded\" src=\"https:\/\/operobal.uel.br\/wp-content\/uploads\/2026\/03\/WhatsApp-Image-2026-03-20-at-10.16.49.jpeg\"\/>    \n                                                    <article class=\"ml-0 ml-md-4 corpo-noticia-feed\">\n                                                        <p class=\"antetitulo mb-0\">50 anos<\/p>\n                                                        <p class=\"titulo mb-2\">P\u00f3s-Gradua\u00e7\u00e3o em Ci\u00eancia de Alimentos traz egressos para celebrar anivers\u00e1rio<\/p>\n                                                        <p class=\"descricao\">Programa comemorou 50 anos de hist\u00f3ria com palestras de ex-alunos e apresenta\u00e7\u00f5es de trabalhos.<\/p>\n                                                    <\/article>\n                                                <\/a><\/div><button id=\"feed-noticias-perobal-load-moreevento\" type=\"button\" class=\"feed-noticias-button\" data-endpoint=\"https:\/\/operobal.uel.br\/wp-json\/wp-perobal\/v1\/posts\/tags\/evento?numberposts=50\" data-ppp=\"5\" data-pages=\"5\">Leia mais<\/button>","protected":false},"excerpt":{"rendered":"<p>Conhe\u00e7a os Eventos que est\u00e3o acontecendo na UEL e os que est\u00e3o para acontecer: GINCANA DE ECONOMIA\/UEL 2025: APREENDER PARA RESPONDER Objetivo:&nbsp;Apreender reflex\u00f5es sobre a avalia\u00e7\u00e3o da aprendizagem do Curso de Ci\u00eancias Econ\u00f4micas com vistas ao exerc\u00edcio da profiss\u00e3o do economista moderno frente a demanda global. Local: SALA 467\/468 &#8211; CESA\/UEL Per\u00edodo de Realiza\u00e7\u00e3o:&nbsp;08\/01\/2025 a [&hellip;]<\/p>\n","protected":false},"author":8,"featured_media":0,"parent":0,"menu_order":0,"comment_status":"closed","ping_status":"closed","template":"","meta":{"_acf_changed":false,"footnotes":""},"class_list":["post-10","page","type-page","status-publish","hentry"],"acf":[],"_links":{"self":[{"href":"https:\/\/graduacao.uel.br\/ciencias-economicas\/wp-json\/wp\/v2\/pages\/10","targetHints":{"allow":["GET"]}}],"collection":[{"href":"https:\/\/graduacao.uel.br\/ciencias-economicas\/wp-json\/wp\/v2\/pages"}],"about":[{"href":"https:\/\/graduacao.uel.br\/ciencias-economicas\/wp-json\/wp\/v2\/types\/page"}],"author":[{"embeddable":true,"href":"https:\/\/graduacao.uel.br\/ciencias-economicas\/wp-json\/wp\/v2\/users\/8"}],"replies":[{"embeddable":true,"href":"https:\/\/graduacao.uel.br\/ciencias-economicas\/wp-json\/wp\/v2\/comments?post=10"}],"version-history":[{"count":38,"href":"https:\/\/graduacao.uel.br\/ciencias-economicas\/wp-json\/wp\/v2\/pages\/10\/revisions"}],"predecessor-version":[{"id":180,"href":"https:\/\/graduacao.uel.br\/ciencias-economicas\/wp-json\/wp\/v2\/pages\/10\/revisions\/180"}],"wp:attachment":[{"href":"https:\/\/graduacao.uel.br\/ciencias-economicas\/wp-json\/wp\/v2\/media?parent=10"}],"curies":[{"name":"wp","href":"https:\/\/api.w.org\/{rel}","templated":true}]}}