{"id":25,"date":"2024-07-03T20:39:10","date_gmt":"2024-07-03T23:39:10","guid":{"rendered":"https:\/\/graduacao.uel.br\/ciencias-economicas\/?page_id=25"},"modified":"2025-02-14T16:13:11","modified_gmt":"2025-02-14T19:13:11","slug":"matriz-curricular","status":"publish","type":"page","link":"https:\/\/graduacao.uel.br\/ciencias-economicas\/matriz-curricular\/","title":{"rendered":"Matriz Curricular"},"content":{"rendered":"\n<p>Para os estudantes que&nbsp;<strong>ingressaram antes de 2022<\/strong>, a Matriz Curricular vigente \u00e9 a seguinte:&nbsp;<strong><a href=\"https:\/\/sites.uel.br\/prograd\/wp-content\/uploads\/catalogo_cursos\/2021\/organizacao_curricular\/ciencias_economicas_matutino.pdf\" target=\"_blank\" rel=\"noreferrer noopener\">Matutino<\/a><\/strong>&nbsp;ou&nbsp;<strong><a href=\"https:\/\/sites.uel.br\/prograd\/wp-content\/uploads\/catalogo_cursos\/2021\/organizacao_curricular\/ciencias_economicas_noturno.pdf\" target=\"_blank\" rel=\"noreferrer noopener\">Noturno<\/a><\/strong>, conforme <a href=\"https:\/\/sites.uel.br\/prograd\/wp-content\/uploads\/documentos\/resolucoes\/2009\/resolucao_111_09.pdf\" target=\"_blank\" rel=\"noreferrer noopener\">Resolu\u00e7\u00e3o CEPE\/CA n\u00ba 0111\/2009<\/a>.<\/p>\n\n\n\n<p><strong>\u00c0 partir de 2022<\/strong>, ap\u00f3s reformula\u00e7\u00e3o curricular do Projeto Pedag\u00f3gico do Curso de Ci\u00eancias Econ\u00f4micas, pela\u00a0<a href=\"https:\/\/sites.uel.br\/prograd\/wp-content\/uploads\/documentos\/resolucoes\/2022\/resolucao_71_22.pdf\" target=\"_blank\" rel=\"noreferrer noopener\"><\/a><a href=\"https:\/\/sites.uel.br\/prograd\/wp-content\/uploads\/documentos\/resolucoes\/2021\/resolucao_36_21.pdf\" target=\"_blank\" rel=\"noreferrer noopener\">Resolu\u00e7\u00e3o CEPE\/CA n\u00ba 36\/2021<\/a>,<\/p>\n\n\n\n<p>a Matriz Curricular vigente passou a ser a seguinte:&nbsp;<strong><a href=\"https:\/\/sites.uel.br\/prograd\/wp-content\/uploads\/catalogo_cursos\/2023\/organizacao_curricular\/ciencias_economicas_matutino.pdf\" target=\"_blank\" rel=\"noreferrer noopener\">Matutino<\/a><\/strong>&nbsp;ou&nbsp;<strong><a href=\"https:\/\/sites.uel.br\/prograd\/wp-content\/uploads\/catalogo_cursos\/2023\/organizacao_curricular\/ciencias_economicas_noturno.pdf\" target=\"_blank\" rel=\"noreferrer noopener\">Noturno<\/a><\/strong>.<\/p>\n","protected":false},"excerpt":{"rendered":"<p>Para os estudantes que&nbsp;ingressaram antes de 2022, a Matriz Curricular vigente \u00e9 a seguinte:&nbsp;Matutino&nbsp;ou&nbsp;Noturno, conforme Resolu\u00e7\u00e3o CEPE\/CA n\u00ba 0111\/2009. \u00c0 partir de 2022, ap\u00f3s reformula\u00e7\u00e3o curricular do Projeto Pedag\u00f3gico do Curso de Ci\u00eancias Econ\u00f4micas, pela\u00a0Resolu\u00e7\u00e3o CEPE\/CA n\u00ba 36\/2021, a Matriz Curricular vigente passou a ser a seguinte:&nbsp;Matutino&nbsp;ou&nbsp;Noturno.<\/p>\n","protected":false},"author":8,"featured_media":0,"parent":0,"menu_order":0,"comment_status":"closed","ping_status":"closed","template":"","meta":{"_acf_changed":false,"footnotes":""},"class_list":["post-25","page","type-page","status-publish","hentry"],"acf":[],"_links":{"self":[{"href":"https:\/\/graduacao.uel.br\/ciencias-economicas\/wp-json\/wp\/v2\/pages\/25","targetHints":{"allow":["GET"]}}],"collection":[{"href":"https:\/\/graduacao.uel.br\/ciencias-economicas\/wp-json\/wp\/v2\/pages"}],"about":[{"href":"https:\/\/graduacao.uel.br\/ciencias-economicas\/wp-json\/wp\/v2\/types\/page"}],"author":[{"embeddable":true,"href":"https:\/\/graduacao.uel.br\/ciencias-economicas\/wp-json\/wp\/v2\/users\/8"}],"replies":[{"embeddable":true,"href":"https:\/\/graduacao.uel.br\/ciencias-economicas\/wp-json\/wp\/v2\/comments?post=25"}],"version-history":[{"count":6,"href":"https:\/\/graduacao.uel.br\/ciencias-economicas\/wp-json\/wp\/v2\/pages\/25\/revisions"}],"predecessor-version":[{"id":169,"href":"https:\/\/graduacao.uel.br\/ciencias-economicas\/wp-json\/wp\/v2\/pages\/25\/revisions\/169"}],"wp:attachment":[{"href":"https:\/\/graduacao.uel.br\/ciencias-economicas\/wp-json\/wp\/v2\/media?parent=25"}],"curies":[{"name":"wp","href":"https:\/\/api.w.org\/{rel}","templated":true}]}}