{"id":56,"date":"2024-07-04T17:30:32","date_gmt":"2024-07-04T20:30:32","guid":{"rendered":"https:\/\/graduacao.uel.br\/ciencias-economicas\/?page_id=56"},"modified":"2024-12-03T14:55:44","modified_gmt":"2024-12-03T17:55:44","slug":"tcc","status":"publish","type":"page","link":"https:\/\/graduacao.uel.br\/ciencias-economicas\/tcc\/","title":{"rendered":"TCC"},"content":{"rendered":"\n<p>O Trabalho de Conclus\u00e3o de Curso (TCC) \u00e9 uma pesquisa cient\u00edfica de natureza monogr\u00e1fica, t\u00e9cnica, filos\u00f3fica e\/ou cient\u00edfica; elaborado individualmente pelo acad\u00eamico regularmente matriculado no Curso de Gradua\u00e7\u00e3o em Ci\u00eancias Econ\u00f4micas. <\/p>\n\n\n\n<p>Conforme a Resolu\u00e7\u00e3o 086\/2010 da UEL, o TCC \u00e9 atividade essencial e obrigat\u00f3ria para a conclus\u00e3o do Curso. O TCC possui uma rela\u00e7\u00e3o estreita com a escolha do mercado de trabalho para o economista, que costuma ser bem amplo. Ele pode atuar tanto na iniciativa privada, como em empresas, organiza\u00e7\u00f5es e escrit\u00f3rios, quanto na p\u00fablica, quando \u00e9 aprovado em concursos que ofertam cargos na \u00e1rea. <\/p>\n\n\n\n<ul class=\"wp-block-list\">\n<li>Regimento de TCC. link:&nbsp;<a href=\"https:\/\/www.uel.br\/cesa\/deco\/pages\/arquivos\/tcc2019\/2semestre\/REGULAMENTO%20DO%20TRABALHO%20DE%20CONCLUSAO%20DO%20CURSO%20DE%20ECONOMIA_%5B1%5D.pdf\" target=\"_blank\" rel=\"noreferrer noopener\">Regulamento do TCC do Curso de Ci\u00eancias Econ\u00f4micas<\/a>;<\/li>\n\n\n\n<li>Modelo de TCC da Economia em Word. link:&nbsp;<a href=\"https:\/\/www.uel.br\/cesa\/deco\/pages\/arquivos\/monografias\/MODELO_DE_MONOGRAFIA_VERSAO_FINAL_Eco.doc\" target=\"_blank\" rel=\"noreferrer noopener\">Modelo de TCC Vers\u00e3o Final (.DOC)<\/a>;<\/li>\n\n\n\n<li>Modelo de TCC da Economia em LaTeX. link:&nbsp;<a href=\"https:\/\/pt.overleaf.com\/latex\/templates\/economia-uel-latex-template\/pntpfgfhdfjg\" target=\"_blank\" rel=\"noreferrer noopener\">Modelo de TCC (LaTeX )<\/a>;<\/li>\n\n\n\n<li>Aba de consulta de TCCs de anos anteriores. link:\u00a0<a href=\"https:\/\/www.uel.br\/cesa\/deco\/pesquisa\/formularioconsulta.php\" target=\"_blank\" rel=\"noreferrer noopener\">CONSULTAR MONOGRAFIAS<\/a>.<\/li>\n<\/ul>\n\n\n\n<p><\/p>\n","protected":false},"excerpt":{"rendered":"<p>O Trabalho de Conclus\u00e3o de Curso (TCC) \u00e9 uma pesquisa cient\u00edfica de natureza monogr\u00e1fica, t\u00e9cnica, filos\u00f3fica e\/ou cient\u00edfica; elaborado individualmente pelo acad\u00eamico regularmente matriculado no Curso de Gradua\u00e7\u00e3o em Ci\u00eancias Econ\u00f4micas. Conforme a Resolu\u00e7\u00e3o 086\/2010 da UEL, o TCC \u00e9 atividade essencial e obrigat\u00f3ria para a conclus\u00e3o do Curso. O TCC possui uma rela\u00e7\u00e3o estreita [&hellip;]<\/p>\n","protected":false},"author":8,"featured_media":0,"parent":0,"menu_order":0,"comment_status":"closed","ping_status":"closed","template":"","meta":{"_acf_changed":false,"footnotes":""},"class_list":["post-56","page","type-page","status-publish","hentry"],"acf":[],"_links":{"self":[{"href":"https:\/\/graduacao.uel.br\/ciencias-economicas\/wp-json\/wp\/v2\/pages\/56","targetHints":{"allow":["GET"]}}],"collection":[{"href":"https:\/\/graduacao.uel.br\/ciencias-economicas\/wp-json\/wp\/v2\/pages"}],"about":[{"href":"https:\/\/graduacao.uel.br\/ciencias-economicas\/wp-json\/wp\/v2\/types\/page"}],"author":[{"embeddable":true,"href":"https:\/\/graduacao.uel.br\/ciencias-economicas\/wp-json\/wp\/v2\/users\/8"}],"replies":[{"embeddable":true,"href":"https:\/\/graduacao.uel.br\/ciencias-economicas\/wp-json\/wp\/v2\/comments?post=56"}],"version-history":[{"count":3,"href":"https:\/\/graduacao.uel.br\/ciencias-economicas\/wp-json\/wp\/v2\/pages\/56\/revisions"}],"predecessor-version":[{"id":148,"href":"https:\/\/graduacao.uel.br\/ciencias-economicas\/wp-json\/wp\/v2\/pages\/56\/revisions\/148"}],"wp:attachment":[{"href":"https:\/\/graduacao.uel.br\/ciencias-economicas\/wp-json\/wp\/v2\/media?parent=56"}],"curies":[{"name":"wp","href":"https:\/\/api.w.org\/{rel}","templated":true}]}}