{"id":72,"date":"2024-07-04T17:46:15","date_gmt":"2024-07-04T20:46:15","guid":{"rendered":"https:\/\/graduacao.uel.br\/ciencias-economicas\/?page_id=72"},"modified":"2024-07-04T17:46:15","modified_gmt":"2024-07-04T20:46:15","slug":"empresa-junior","status":"publish","type":"page","link":"https:\/\/graduacao.uel.br\/ciencias-economicas\/empresa-junior\/","title":{"rendered":"Empresa J\u00fanior"},"content":{"rendered":"\n<p>A Empresa J\u00fanior de Consultoria e Assessoria Econ\u00f4mica (ECAE) \u00e9 uma institui\u00e7\u00e3o sem fins lucrativos, fundada em 1999. A ECAE-UEL, empresa de consultoria gerida pelos pr\u00f3prios alunos, com a coordena\u00e7\u00e3o de professores supervisores, tem suas instala\u00e7\u00f5es espec\u00edficas destinadas a atividades pr\u00e1ticas, onde presta consultoria a pequenas empresas e empreendedores, prestando servi\u00e7os nas \u00e1reas de consultoria econ\u00f4mica, an\u00e1lise financeira e de mercado. <\/p>\n\n\n\n<p>Consultorias realizadas pela empresa j\u00fanior: Estriba Marketing Digital, Londrina, PR, precifica\u00e7\u00e3o de servi\u00e7os, pesquisa de mercado, controle financeiro e viabilidade econ\u00f4mica. Assessoria para a FAUEL na administra\u00e7\u00e3o de conv\u00eanios e contratos com diferentes \u00f3rg\u00e3os p\u00fablicos e empresas privadas.<\/p>\n","protected":false},"excerpt":{"rendered":"<p>A Empresa J\u00fanior de Consultoria e Assessoria Econ\u00f4mica (ECAE) \u00e9 uma institui\u00e7\u00e3o sem fins lucrativos, fundada em 1999. A ECAE-UEL, empresa de consultoria gerida pelos pr\u00f3prios alunos, com a coordena\u00e7\u00e3o de professores supervisores, tem suas instala\u00e7\u00f5es espec\u00edficas destinadas a atividades pr\u00e1ticas, onde presta consultoria a pequenas empresas e empreendedores, prestando servi\u00e7os nas \u00e1reas de consultoria [&hellip;]<\/p>\n","protected":false},"author":8,"featured_media":0,"parent":0,"menu_order":0,"comment_status":"closed","ping_status":"closed","template":"","meta":{"_acf_changed":false,"footnotes":""},"class_list":["post-72","page","type-page","status-publish","hentry"],"acf":[],"_links":{"self":[{"href":"https:\/\/graduacao.uel.br\/ciencias-economicas\/wp-json\/wp\/v2\/pages\/72","targetHints":{"allow":["GET"]}}],"collection":[{"href":"https:\/\/graduacao.uel.br\/ciencias-economicas\/wp-json\/wp\/v2\/pages"}],"about":[{"href":"https:\/\/graduacao.uel.br\/ciencias-economicas\/wp-json\/wp\/v2\/types\/page"}],"author":[{"embeddable":true,"href":"https:\/\/graduacao.uel.br\/ciencias-economicas\/wp-json\/wp\/v2\/users\/8"}],"replies":[{"embeddable":true,"href":"https:\/\/graduacao.uel.br\/ciencias-economicas\/wp-json\/wp\/v2\/comments?post=72"}],"version-history":[{"count":1,"href":"https:\/\/graduacao.uel.br\/ciencias-economicas\/wp-json\/wp\/v2\/pages\/72\/revisions"}],"predecessor-version":[{"id":73,"href":"https:\/\/graduacao.uel.br\/ciencias-economicas\/wp-json\/wp\/v2\/pages\/72\/revisions\/73"}],"wp:attachment":[{"href":"https:\/\/graduacao.uel.br\/ciencias-economicas\/wp-json\/wp\/v2\/media?parent=72"}],"curies":[{"name":"wp","href":"https:\/\/api.w.org\/{rel}","templated":true}]}}