{"id":74,"date":"2024-07-04T17:46:46","date_gmt":"2024-07-04T20:46:46","guid":{"rendered":"https:\/\/graduacao.uel.br\/ciencias-economicas\/?page_id=74"},"modified":"2024-07-04T17:47:07","modified_gmt":"2024-07-04T20:47:07","slug":"centro-academico-ca","status":"publish","type":"page","link":"https:\/\/graduacao.uel.br\/ciencias-economicas\/centro-academico-ca\/","title":{"rendered":"Centro Acad\u00eamico (CA)"},"content":{"rendered":"\n<p>O Centro Acad\u00eamico (CA) do Curso de Ci\u00eancias Econ\u00f4mica representa todos os estudantes do curso. O representante do CA participa das reuni\u00f5es do Departamento e do Colegiado, se mantendo atualizado quanto as atividades da academia. <\/p>\n\n\n\n<p>Assim, o CA mantem com os estudantes um canal permanente de contato, realizando discuss\u00f5es, debates, reuni\u00f5es e outras atividades da maneira mais democr\u00e1tica e aberta poss\u00edvel, para que todos possam participar.<\/p>\n","protected":false},"excerpt":{"rendered":"<p>O Centro Acad\u00eamico (CA) do Curso de Ci\u00eancias Econ\u00f4mica representa todos os estudantes do curso. O representante do CA participa das reuni\u00f5es do Departamento e do Colegiado, se mantendo atualizado quanto as atividades da academia. Assim, o CA mantem com os estudantes um canal permanente de contato, realizando discuss\u00f5es, debates, reuni\u00f5es e outras atividades da [&hellip;]<\/p>\n","protected":false},"author":8,"featured_media":0,"parent":0,"menu_order":0,"comment_status":"closed","ping_status":"closed","template":"","meta":{"_acf_changed":false,"footnotes":""},"class_list":["post-74","page","type-page","status-publish","hentry"],"acf":[],"_links":{"self":[{"href":"https:\/\/graduacao.uel.br\/ciencias-economicas\/wp-json\/wp\/v2\/pages\/74","targetHints":{"allow":["GET"]}}],"collection":[{"href":"https:\/\/graduacao.uel.br\/ciencias-economicas\/wp-json\/wp\/v2\/pages"}],"about":[{"href":"https:\/\/graduacao.uel.br\/ciencias-economicas\/wp-json\/wp\/v2\/types\/page"}],"author":[{"embeddable":true,"href":"https:\/\/graduacao.uel.br\/ciencias-economicas\/wp-json\/wp\/v2\/users\/8"}],"replies":[{"embeddable":true,"href":"https:\/\/graduacao.uel.br\/ciencias-economicas\/wp-json\/wp\/v2\/comments?post=74"}],"version-history":[{"count":2,"href":"https:\/\/graduacao.uel.br\/ciencias-economicas\/wp-json\/wp\/v2\/pages\/74\/revisions"}],"predecessor-version":[{"id":76,"href":"https:\/\/graduacao.uel.br\/ciencias-economicas\/wp-json\/wp\/v2\/pages\/74\/revisions\/76"}],"wp:attachment":[{"href":"https:\/\/graduacao.uel.br\/ciencias-economicas\/wp-json\/wp\/v2\/media?parent=74"}],"curies":[{"name":"wp","href":"https:\/\/api.w.org\/{rel}","templated":true}]}}