{"id":211,"date":"2024-04-24T15:57:27","date_gmt":"2024-04-24T18:57:27","guid":{"rendered":"https:\/\/graduacao.uel.br\/ciencias-sociais\/?page_id=211"},"modified":"2024-04-24T15:57:28","modified_gmt":"2024-04-24T18:57:28","slug":"empresa-junior","status":"publish","type":"page","link":"https:\/\/graduacao.uel.br\/ciencias-sociais\/empresa-junior\/","title":{"rendered":"Empresa J\u00fanior"},"content":{"rendered":"\n<p>A <strong>Empresa Equ\u00e2nime<\/strong>, poder\u00e1 prestar consultoria, fazer transcri\u00e7\u00f5es, elaborar propostas, organizar informa\u00e7\u00f5es, trazer autores renomados para leitura, reflex\u00e3o e debate, realizar pesquisas de mercado, auxiliar em pesquisas acad\u00eamicas e trabalhos de conclus\u00e3o de curso e trabalhar com documentos t\u00e9cnicos e cient\u00edficos nas suas tr\u00eas linhas de atua\u00e7\u00e3o: Ci\u00eancia Pol\u00edtica, Antropologia e Ci\u00eancias Sociais, conforme o interesse dos alunos participantes e da demanda. <\/p>\n\n\n\n<p>Com o passar do tempo e o crescimento da empresa, o campo de atua\u00e7\u00e3o tende a ampliar.<\/p>\n","protected":false},"excerpt":{"rendered":"<p>A Empresa Equ\u00e2nime, poder\u00e1 prestar consultoria, fazer transcri\u00e7\u00f5es, elaborar propostas, organizar informa\u00e7\u00f5es, trazer autores renomados para leitura, reflex\u00e3o e debate, realizar pesquisas de mercado, auxiliar em pesquisas acad\u00eamicas e trabalhos de conclus\u00e3o de curso e trabalhar com documentos t\u00e9cnicos e cient\u00edficos nas suas tr\u00eas linhas de atua\u00e7\u00e3o: Ci\u00eancia Pol\u00edtica, Antropologia e Ci\u00eancias Sociais, conforme o [&hellip;]<\/p>\n","protected":false},"author":6,"featured_media":0,"parent":0,"menu_order":0,"comment_status":"closed","ping_status":"closed","template":"","meta":{"_acf_changed":false,"footnotes":""},"class_list":["post-211","page","type-page","status-publish","hentry"],"acf":[],"_links":{"self":[{"href":"https:\/\/graduacao.uel.br\/ciencias-sociais\/wp-json\/wp\/v2\/pages\/211","targetHints":{"allow":["GET"]}}],"collection":[{"href":"https:\/\/graduacao.uel.br\/ciencias-sociais\/wp-json\/wp\/v2\/pages"}],"about":[{"href":"https:\/\/graduacao.uel.br\/ciencias-sociais\/wp-json\/wp\/v2\/types\/page"}],"author":[{"embeddable":true,"href":"https:\/\/graduacao.uel.br\/ciencias-sociais\/wp-json\/wp\/v2\/users\/6"}],"replies":[{"embeddable":true,"href":"https:\/\/graduacao.uel.br\/ciencias-sociais\/wp-json\/wp\/v2\/comments?post=211"}],"version-history":[{"count":1,"href":"https:\/\/graduacao.uel.br\/ciencias-sociais\/wp-json\/wp\/v2\/pages\/211\/revisions"}],"predecessor-version":[{"id":212,"href":"https:\/\/graduacao.uel.br\/ciencias-sociais\/wp-json\/wp\/v2\/pages\/211\/revisions\/212"}],"wp:attachment":[{"href":"https:\/\/graduacao.uel.br\/ciencias-sociais\/wp-json\/wp\/v2\/media?parent=211"}],"curies":[{"name":"wp","href":"https:\/\/api.w.org\/{rel}","templated":true}]}}