{"id":260,"date":"2024-05-02T14:17:01","date_gmt":"2024-05-02T17:17:01","guid":{"rendered":"https:\/\/graduacao.uel.br\/ciencias-sociais\/?page_id=260"},"modified":"2024-05-02T15:42:08","modified_gmt":"2024-05-02T18:42:08","slug":"bacharelado-ppc","status":"publish","type":"page","link":"https:\/\/graduacao.uel.br\/ciencias-sociais\/bacharelado-ppc\/","title":{"rendered":"Bacharelado (PPC)"},"content":{"rendered":"\n<p>O bacharel em Ci\u00eancias Sociais formado pela UEL recebe uma s\u00f3lida forma\u00e7\u00e3o te\u00f3rico-metodol\u00f3gica em sociologia, antropologia, ci\u00eancia pol\u00edtica e em metodologias de pesquisa. Sendo assim, um dos grandes diferenciais do curso \u00e9 a possibilidade de formar profissionais que sejam ao mesmo tempo possuidores de conhecimentos integradores e multidisciplinares e especialistas em uma dessas \u00e1reas de atua\u00e7\u00e3o. <\/p>\n\n\n\n<p>Essa busca pela especializa\u00e7\u00e3o e aperfei\u00e7oamento te\u00f3rico e metodol\u00f3gico \u00e9 incentivada desde o in\u00edcio da gradua\u00e7\u00e3o a partir da a\u00e7\u00e3o dos docentes vinculados ao Departamento de Ci\u00eancias Sociais da UEL que \u00e9 composto majoritariamente por doutores formados em institui\u00e7\u00f5es de renome no Brasil e no exterior. <\/p>\n\n\n\n<p>Nas \u00e1reas de conhecimento que complementam a forma\u00e7\u00e3o do estudante em Ci\u00eancias Sociais, h\u00e1 a importante participa\u00e7\u00e3o de docentes tamb\u00e9m altamente qualificados dos departamentos de Filosofia, Hist\u00f3ria e Estat\u00edstica.<\/p>\n\n\n\n<p><\/p>\n\n\n\n<div class=\"wp-block-buttons is-content-justification-center is-layout-flex wp-container-core-buttons-is-layout-16018d1d wp-block-buttons-is-layout-flex\">\n<div class=\"wp-block-button\"><a class=\"wp-block-button__link has-primary-accent-background-color has-background wp-element-button\" href=\"https:\/\/sites.uel.br\/prograd\/graduacao\/projetos-pedagogicos\/projetos-pedagogicos-ciencias-sociais-bacharelado\/\">Resolu\u00e7\u00f5es e Delibera\u00e7\u00f5es<\/a><\/div>\n<\/div>\n\n\n\n<p><\/p>\n\n\n\n<div class=\"wp-block-pb-accordion-item c-accordion__item js-accordion-item no-js\" data-initially-open=\"false\" data-click-to-close=\"true\" data-auto-close=\"true\" data-scroll=\"false\" data-scroll-offset=\"0\"><h6 id=\"at-2600\" class=\"c-accordion__title js-accordion-controller\" role=\"button\">DEPARTAMENTO<\/h6><div id=\"ac-2600\" class=\"c-accordion__content\">\n<p>O Departamento, subunidade dos Centros de Estudos, constitui-se na menor estrutura de organiza\u00e7\u00e3o administrativa, did\u00e1tico cient\u00edfica e de lota\u00e7\u00e3o de pessoal.<br>No Departamento s\u00e3o reunidas atividades acad\u00eamicas afins e nele est\u00e3o integrados docentes e t\u00e9cnico administrativos para objetivos comuns. (Art. 122 do Regimento Geral da UEL).<\/p>\n<\/div><\/div>\n\n\n\n<div class=\"wp-block-pb-accordion-item c-accordion__item js-accordion-item no-js\" data-initially-open=\"false\" data-click-to-close=\"true\" data-auto-close=\"true\" data-scroll=\"false\" data-scroll-offset=\"0\"><h6 id=\"at-2603\" class=\"c-accordion__title js-accordion-controller\" role=\"button\">COLEGIADO<\/h6><div id=\"ac-2603\" class=\"c-accordion__content\">\n<p>Os Colegiados de cursos de gradua\u00e7\u00e3o exercem a coordena\u00e7\u00e3o pedag\u00f3gica dos cursos e ser\u00e3o constitu\u00eddos por representantes docentes da \u00e1rea principal de conhecimento e da \u00e1rea b\u00e1sica e\/ou complementar de conhecimento, estudantes e servidores, na forma prevista nos \u00a72\u00ba e \u00a73\u00ba do Art. 27 do Estatuto da Universidade. (Art. alterado atrav\u00e9s da Resolu\u00e7\u00e3o CU 168\/2007).<\/p>\n\n\n\n<p><\/p>\n<\/div><\/div>\n\n\n\n<div class=\"wp-block-pb-accordion-item c-accordion__item js-accordion-item no-js\" data-initially-open=\"false\" data-click-to-close=\"true\" data-auto-close=\"true\" data-scroll=\"false\" data-scroll-offset=\"0\"><h6 id=\"at-2604\" class=\"c-accordion__title js-accordion-controller\" role=\"button\"><strong>N\u00daCLEO DOCENTE ESTRUTURANTE (NDE)<\/strong><\/h6><div id=\"ac-2604\" class=\"c-accordion__content\">\n<p>O NDE institui-se como parte da estrutura de gest\u00e3o acad\u00eamica do curso com atribui\u00e7\u00f5es consultivas, propositivas e de assessoria, acerca de mat\u00e9rias de natureza acad\u00eamica e pedag\u00f3gica, sendo correspons\u00e1vel pela elabora\u00e7\u00e3o, implementa\u00e7\u00e3o e consolida\u00e7\u00e3o do Projeto Pedag\u00f3gico do Curso (PPC), al\u00e9m de zelar pelo cumprimento das Diretrizes Curriculares Nacionais (DCNs). Tem como objetivos:<\/p>\n\n\n\n<p>1 \u2013 Levantar dificuldades na atua\u00e7\u00e3o do corpo docente do Curso;<\/p>\n\n\n\n<p>2 \u2013 Auxiliar na elabora\u00e7\u00e3o e no acompanhamento do PPC;<\/p>\n\n\n\n<p>3 \u2013 Propor programas ou outras formas de capacita\u00e7\u00e3o docente;<\/p>\n\n\n\n<p>4 \u2013 Acompanhar as avalia\u00e7\u00f5es do Curso definidas pelo Colegiado;<\/p>\n\n\n\n<p>5 \u2013 Analisar e propor modifica\u00e7\u00f5es, quando necess\u00e1rias;<\/p>\n\n\n\n<p>6 \u2013 Indicar formas de incentivo ao desenvolvimento de atividades de pesquisa;<\/p>\n\n\n\n<p>7 \u2013 Contribuir para a concretiza\u00e7\u00e3o do perfil profissional;<\/p>\n\n\n\n<p>8 \u2013 Zelar pelo cumprimento das DCNs aplic\u00e1veis ao Curso de Ci\u00eancias Sociais.<\/p>\n<\/div><\/div>\n","protected":false},"excerpt":{"rendered":"<p>O bacharel em Ci\u00eancias Sociais formado pela UEL recebe uma s\u00f3lida forma\u00e7\u00e3o te\u00f3rico-metodol\u00f3gica em sociologia, antropologia, ci\u00eancia pol\u00edtica e em metodologias de pesquisa. Sendo assim, um dos grandes diferenciais do curso \u00e9 a possibilidade de formar profissionais que sejam ao mesmo tempo possuidores de conhecimentos integradores e multidisciplinares e especialistas em uma dessas \u00e1reas de [&hellip;]<\/p>\n","protected":false},"author":6,"featured_media":0,"parent":0,"menu_order":0,"comment_status":"closed","ping_status":"closed","template":"","meta":{"_acf_changed":false,"footnotes":""},"class_list":["post-260","page","type-page","status-publish","hentry"],"acf":[],"_links":{"self":[{"href":"https:\/\/graduacao.uel.br\/ciencias-sociais\/wp-json\/wp\/v2\/pages\/260","targetHints":{"allow":["GET"]}}],"collection":[{"href":"https:\/\/graduacao.uel.br\/ciencias-sociais\/wp-json\/wp\/v2\/pages"}],"about":[{"href":"https:\/\/graduacao.uel.br\/ciencias-sociais\/wp-json\/wp\/v2\/types\/page"}],"author":[{"embeddable":true,"href":"https:\/\/graduacao.uel.br\/ciencias-sociais\/wp-json\/wp\/v2\/users\/6"}],"replies":[{"embeddable":true,"href":"https:\/\/graduacao.uel.br\/ciencias-sociais\/wp-json\/wp\/v2\/comments?post=260"}],"version-history":[{"count":9,"href":"https:\/\/graduacao.uel.br\/ciencias-sociais\/wp-json\/wp\/v2\/pages\/260\/revisions"}],"predecessor-version":[{"id":297,"href":"https:\/\/graduacao.uel.br\/ciencias-sociais\/wp-json\/wp\/v2\/pages\/260\/revisions\/297"}],"wp:attachment":[{"href":"https:\/\/graduacao.uel.br\/ciencias-sociais\/wp-json\/wp\/v2\/media?parent=260"}],"curies":[{"name":"wp","href":"https:\/\/api.w.org\/{rel}","templated":true}]}}