{"id":56,"date":"2024-04-22T14:52:07","date_gmt":"2024-04-22T17:52:07","guid":{"rendered":"https:\/\/graduacao.uel.br\/ciencias-sociais\/?page_id=56"},"modified":"2024-07-23T11:24:21","modified_gmt":"2024-07-23T14:24:21","slug":"corpo-docente","status":"publish","type":"page","link":"https:\/\/graduacao.uel.br\/ciencias-sociais\/corpo-docente\/","title":{"rendered":"Corpo Docente2"},"content":{"rendered":"\n<p>O Departamento de Ci\u00eancias Sociais \u00e9 constitu\u00eddo por quatro \u00e1reas:&nbsp;<strong>Antropologia<\/strong>,&nbsp;<strong>Ci\u00eancia Pol\u00edtica<\/strong>,&nbsp;<strong>Sociologia&nbsp;<\/strong>e<strong>&nbsp;Metodologia&nbsp;de Ensino em Ci\u00eancias Sociais<\/strong>.&nbsp;<\/p>\n\n\n\n<figure class=\"wp-block-table is-style-stripes has-small-font-size\"><table><tbody><tr><td><strong>Docente Antropologia<\/strong><\/td><td><strong>e-mail<\/strong><\/td><td><strong>Link<\/strong> <strong>Lattes<\/strong><\/td><\/tr><tr><td>Andreia Aparecida Ferreira Lopes&nbsp;<\/td><td>andreiaferreira@uel.br<\/td><td><a href=\"http:\/\/buscatextual.cnpq.br\/buscatextual\/visualizacv.do?metodo=apresentar&amp;id=K4797672U3\">Link<\/a><\/td><\/tr><tr><td>Alexsandro Eleoterio Pereira de Souza<\/td><td>alex.eleoterio@uel.br<\/td><td><a href=\"http:\/\/buscatextual.cnpq.br\/buscatextual\/visualizacv.do?metodo=apresentar&amp;id=K4235049A9\">Link<\/a><\/td><\/tr><tr><td>Carla Delgado de Souza&nbsp;<\/td><td>carla.delgado@uel.br&nbsp;&nbsp;&nbsp;<\/td><td><a href=\"http:\/\/buscatextual.cnpq.br\/buscatextual\/visualizacv.do?metodo=apresentar&amp;id=K4777584J6\">Link<\/a><\/td><\/tr><tr><td>Giovanni Cirino&nbsp;<\/td><td>gcirino@uel.br<\/td><td><a href=\"http:\/\/lattes.cnpq.br\/5275565913355618\">Link<\/a><\/td><\/tr><tr><td>Maria Carolina de Ara\u00fajo Antonio<\/td><td>mariacarol@uel.br<\/td><td><a href=\"http:\/\/lattes.cnpq.br\/2183333256045294\">Link<\/a><\/td><\/tr><tr><td>Martha C\u00e9lia Ram\u00edrez-G\u00e1lvez&nbsp;<\/td><td>martha@uel.br<\/td><td><a href=\"http:\/\/buscatextual.cnpq.br\/buscatextual\/visualizacv.do?metodo=apresentar&amp;id=K4768554U7\">Link<\/a><\/td><\/tr><tr><td><strong>Docente<\/strong> <strong>Ci\u00eancia Pol\u00edtica<\/strong><\/td><td><strong>e-mail<\/strong><\/td><td><strong>Link Lattes<\/strong><\/td><\/tr><tr><td>Cleber da Silva Lopes<\/td><td>clopes@uel.br&nbsp;<\/td><td><a href=\"http:\/\/buscatextual.cnpq.br\/buscatextual\/visualizacv.do?metodo=apresentar&amp;id=K4702105P8\">Link<\/a><\/td><\/tr><tr><td>Eliel Ribeiro Machado&nbsp;&nbsp;<\/td><td>eliel@uel.br<\/td><td><a href=\"http:\/\/buscatextual.cnpq.br\/buscatextual\/visualizacv.do?metodo=apresentar&amp;id=K4700394T8\">Link<\/a><\/td><\/tr><tr><td>Karen Elena Costa Dal Castel<\/td><td>karendalcastel@uel.br<\/td><td>Link<\/td><\/tr><tr><td>Raquel Kritsch&nbsp;<\/td><td>kritsch@uel.br<\/td><td><a href=\"http:\/\/buscatextual.cnpq.br\/buscatextual\/visualizacv.do?metodo=apresentar&amp;id=K4768536U6\">Link<\/a><\/td><\/tr><tr><td>Rodolfo Sanches<\/td><td>rodolfosanches@uel.br<\/td><td><a href=\"http:\/\/buscatextual.cnpq.br\/buscatextual\/visualizacv.do?metodo=apresentar&amp;id=K4451553A4\">Link<\/a><\/td><\/tr><tr><td>Rodrigo Ricardo Mayer&nbsp;<\/td><td>rodrigomayer@uel.br<\/td><td><a href=\"http:\/\/buscatextual.cnpq.br\/buscatextual\/visualizacv.do?metodo=apresentar&amp;id=K4237913U3\">Link<\/a><\/td><\/tr><tr><td>Ronaldo Fabiano dos Santos Gaspar<\/td><td>ronaldogaspar@uel.br&nbsp;<\/td><td><a href=\"http:\/\/lattes.cnpq.br\/6953782443467262\">Link<\/a><\/td><\/tr><tr><td><strong>Docente Sociologia<\/strong><\/td><td><strong>e-mail<\/strong><\/td><td><strong>Link Lattes<\/strong><\/td><\/tr><tr><td>Ariovaldo Oliveira Santos&nbsp;<\/td><td>ariovald@uel.br<\/td><td><a href=\"http:\/\/buscatextual.cnpq.br\/buscatextual\/visualizacv.do?metodo=apresentar&amp;id=K4707555J6\">Link<\/a><\/td><\/tr><tr><td>Claudia Siqueira Baltar<\/td><td>cbaltar@uel.br&nbsp;<\/td><td><a href=\"http:\/\/buscatextual.cnpq.br\/buscatextual\/visualizacv.do?metodo=apresentar&amp;id=K4766863Y0\">Link<\/a><\/td><\/tr><tr><td>Claudinei Carlos Spirandelli<\/td><td>spirandelli@uel.br&nbsp;<\/td><td><a href=\"http:\/\/buscatextual.cnpq.br\/buscatextual\/visualizacv.do?metodo=apresentar&amp;id=K4703456T6\">Link<\/a><\/td><\/tr><tr><td>Daniela Vieira dos Santos<\/td><td>santos.danielavieira@uel.br&nbsp;<\/td><td><a href=\"http:\/\/buscatextual.cnpq.br\/buscatextual\/visualizacv.do?metodo=apresentar&amp;id=K4730339T8\">Link<\/a><\/td><\/tr><tr><td>Elsio Lenard\u00e3o&nbsp;<\/td><td>elsio@uel.br&nbsp;<\/td><td><a href=\"http:\/\/buscatextual.cnpq.br\/buscatextual\/visualizacv.do?metodo=apresentar&amp;id=K4723829H0\">Link<\/a><\/td><\/tr><tr><td>F\u00e1bio Lanza<\/td><td>lanza@uel.br&nbsp;<\/td><td><a href=\"http:\/\/buscatextual.cnpq.br\/buscatextual\/visualizacv.do?metodo=apresentar&amp;id=K4742814Z0\">Link<\/a><\/td><\/tr><tr><td>Fernanda Forte de Carvalho<\/td><td>fernandaforte@uel.br<\/td><td><a href=\"http:\/\/buscatextual.cnpq.br\/buscatextual\/visualizacv.do?metodo=apresentar&amp;id=K4753010Z7\">Link<\/a><\/td><\/tr><tr><td>Fernando Kulaitis<\/td><td>fernando.kulaitis@gmail.com&nbsp;&nbsp;&nbsp;&nbsp;<\/td><td><a href=\"http:\/\/lattes.cnpq.br\/5479243502286263\">Link<\/a><\/td><\/tr><tr><td>Fl\u00e1vio Braune Wiik&nbsp;<\/td><td>flaviowiik@gmail.com<\/td><td><a href=\"http:\/\/buscatextual.cnpq.br\/buscatextual\/visualizacv.do?metodo=apresentar&amp;id=K4795437J6\">Link<\/a><\/td><\/tr><tr><td>Jos\u00e9 Julio Nunes Ferreira&nbsp;<\/td><td>&nbsp;josejulio@uel.br<\/td><td><a href=\"http:\/\/buscatextual.cnpq.br\/buscatextual\/visualizacv.do?metodo=apresentar&amp;id=K4728839Z3\">Link<\/a><\/td><\/tr><tr><td>Maria Jos\u00e9 de Rezende&nbsp;<\/td><td>mjderezende@gmail.com<\/td><td><a href=\"http:\/\/buscatextual.cnpq.br\/buscatextual\/visualizacv.do?metodo=apresentar&amp;id=K4707354J5\">Link<\/a><\/td><\/tr><tr><td>Maria Nilza da Silva&nbsp;<\/td><td>mnilzap@gmail.com<\/td><td><a href=\"http:\/\/lattes.cnpq.br\/2994707153442186\">Link<\/a><\/td><\/tr><tr><td>Mariana Aparecida dos Santos Panta<\/td><td>mariana.panta@uel.br<\/td><td><a href=\"http:\/\/buscatextual.cnpq.br\/buscatextual\/visualizacv.do?metodo=apresentar&amp;id=K4251774A3\">Link<\/a><\/td><\/tr><tr><td>&nbsp;Rafael Braz da Silva&nbsp;<\/td><td>&nbsp;rafael.braz@uel.br<\/td><td><a href=\"http:\/\/buscatextual.cnpq.br\/buscatextual\/visualizacv.do?metodo=apresentar&amp;id=K4130185E1\">Link<\/a><\/td><\/tr><tr><td>Rodrigo Bischoff Belli&nbsp;<\/td><td>rbbelli@uel.br<\/td><td><a href=\"http:\/\/buscatextual.cnpq.br\/buscatextual\/visualizacv.do?metodo=apresentar&amp;id=K4284429T0\">Link<\/a><\/td><\/tr><tr><td>Ronaldo Baltar&nbsp;<\/td><td>&nbsp;baltar@uel.br<\/td><td><a href=\"http:\/\/buscatextual.cnpq.br\/buscatextual\/visualizacv.do?metodo=apresentar&amp;id=K4782262U7\">Link<\/a><\/td><\/tr><tr><td>Rosivaldo Pellegrini&nbsp;<\/td><td>&nbsp;valdo@uel.br<\/td><td><a href=\"http:\/\/buscatextual.cnpq.br\/buscatextual\/visualizacv.do?metodo=apresentar&amp;id=K4758034Z6\">Link<\/a><\/td><\/tr><tr><td>Silvana Aparecida Mariano&nbsp;<\/td><td>silvanamariano@uel.br<\/td><td><a href=\"http:\/\/buscatextual.cnpq.br\/buscatextual\/visualizacv.do?metodo=apresentar&amp;id=K4707986U7\">Link<\/a><\/td><\/tr><tr><td>Simone Wolff&nbsp;<\/td><td>swolff@uel.br<\/td><td><a href=\"http:\/\/buscatextual.cnpq.br\/buscatextual\/visualizacv.do?metodo=apresentar&amp;id=K4763784A5\">Link<\/a><\/td><\/tr><tr><td><strong>Docente Metodologia de Ensino<\/strong><\/td><td><strong>e-mail<\/strong><\/td><td><strong>Link Lattes<\/strong><\/td><\/tr><tr><td>Adriana de F\u00e1tima Ferreria<\/td><td>adriana@uel.br<\/td><td><a href=\"http:\/\/buscatextual.cnpq.br\/buscatextual\/visualizacv.do?metodo=apresentar&amp;id=K4713320Y7\">Link<\/a><\/td><\/tr><tr><td>Angela Maria de Sousa Lima<\/td><td>angellamaria@uel.br<\/td><td><a href=\"http:\/\/buscatextual.cnpq.br\/buscatextual\/visualizacv.do?metodo=apresentar&amp;id=K4138551E8\">Link<\/a><\/td><\/tr><tr><td>Ang\u00e9lica Lyra de Araujo&nbsp;<\/td><td>lyradearaujo@gmail.com<\/td><td><a href=\"http:\/\/buscatextual.cnpq.br\/buscatextual\/visualizacv.do?metodo=apresentar&amp;id=K4164261A8\">Link<\/a><\/td><\/tr><tr><td>Ileizi Luciana Fiorelli Silva<\/td><td>ileizi@uel.br<\/td><td><a href=\"http:\/\/buscatextual.cnpq.br\/buscatextual\/visualizacv.do?metodo=apresentar&amp;id=K4707342U2\">Link<\/a><\/td><\/tr><tr><td>Let\u00edcia Figueira Moutinho Kulaitis&nbsp;<\/td><td>leticiafk@uel.br&nbsp;<\/td><td><a href=\"http:\/\/buscatextual.cnpq.br\/buscatextual\/visualizacv.do?metodo=apresentar&amp;id=K4732341Y7\">Link<\/a><\/td><\/tr><tr><td>&nbsp;Luiz Augusto Silva Ventura do &nbsp;Nascimento<\/td><td>lsventura@uel.br&nbsp;&nbsp;&nbsp;&nbsp;&nbsp;&nbsp;&nbsp;&nbsp;&nbsp;<\/td><td><a href=\"http:\/\/buscatextual.cnpq.br\/buscatextual\/visualizacv.do?metodo=apresentar&amp;id=K4858807E3\">Link<\/a><\/td><\/tr><tr><td>Marco Antonio Rossi&nbsp;<\/td><td>travessia21@gmail.com<\/td><td><a href=\"http:\/\/buscatextual.cnpq.br\/buscatextual\/visualizacv.do?metodo=apresentar&amp;id=K4188580P7\">Link<\/a><\/td><\/tr><tr><td>Renata Schlumberger Schevisbiski&nbsp;<\/td><td>renatass@uel.br<\/td><td><a href=\"http:\/\/buscatextual.cnpq.br\/buscatextual\/visualizacv.do?metodo=apresentar&amp;id=K4733312Y6\">Link<\/a><\/td><\/tr><\/tbody><\/table><\/figure>\n\n\n\n<div class=\"wp-block-columns is-layout-flex wp-container-core-columns-is-layout-9d6595d7 wp-block-columns-is-layout-flex\">\n<div class=\"wp-block-column is-layout-flow wp-block-column-is-layout-flow\"><\/div>\n<\/div>\n","protected":false},"excerpt":{"rendered":"<p>O Departamento de Ci\u00eancias Sociais \u00e9 constitu\u00eddo por quatro \u00e1reas:&nbsp;Antropologia,&nbsp;Ci\u00eancia Pol\u00edtica,&nbsp;Sociologia&nbsp;e&nbsp;Metodologia&nbsp;de Ensino em Ci\u00eancias Sociais.&nbsp; Docente Antropologia e-mail Link Lattes Andreia Aparecida Ferreira Lopes&nbsp; andreiaferreira@uel.br Link Alexsandro Eleoterio Pereira de Souza alex.eleoterio@uel.br Link Carla Delgado de Souza&nbsp; carla.delgado@uel.br&nbsp;&nbsp;&nbsp; Link Giovanni Cirino&nbsp; gcirino@uel.br Link Maria Carolina de Ara\u00fajo Antonio mariacarol@uel.br Link Martha C\u00e9lia Ram\u00edrez-G\u00e1lvez&nbsp; martha@uel.br Link [&hellip;]<\/p>\n","protected":false},"author":6,"featured_media":0,"parent":0,"menu_order":0,"comment_status":"closed","ping_status":"closed","template":"","meta":{"_acf_changed":false,"footnotes":""},"class_list":["post-56","page","type-page","status-publish","hentry"],"acf":[],"_links":{"self":[{"href":"https:\/\/graduacao.uel.br\/ciencias-sociais\/wp-json\/wp\/v2\/pages\/56","targetHints":{"allow":["GET"]}}],"collection":[{"href":"https:\/\/graduacao.uel.br\/ciencias-sociais\/wp-json\/wp\/v2\/pages"}],"about":[{"href":"https:\/\/graduacao.uel.br\/ciencias-sociais\/wp-json\/wp\/v2\/types\/page"}],"author":[{"embeddable":true,"href":"https:\/\/graduacao.uel.br\/ciencias-sociais\/wp-json\/wp\/v2\/users\/6"}],"replies":[{"embeddable":true,"href":"https:\/\/graduacao.uel.br\/ciencias-sociais\/wp-json\/wp\/v2\/comments?post=56"}],"version-history":[{"count":33,"href":"https:\/\/graduacao.uel.br\/ciencias-sociais\/wp-json\/wp\/v2\/pages\/56\/revisions"}],"predecessor-version":[{"id":352,"href":"https:\/\/graduacao.uel.br\/ciencias-sociais\/wp-json\/wp\/v2\/pages\/56\/revisions\/352"}],"wp:attachment":[{"href":"https:\/\/graduacao.uel.br\/ciencias-sociais\/wp-json\/wp\/v2\/media?parent=56"}],"curies":[{"name":"wp","href":"https:\/\/api.w.org\/{rel}","templated":true}]}}