{"id":58,"date":"2024-04-22T14:52:19","date_gmt":"2024-04-22T17:52:19","guid":{"rendered":"https:\/\/graduacao.uel.br\/ciencias-sociais\/?page_id=58"},"modified":"2024-05-06T10:05:51","modified_gmt":"2024-05-06T13:05:51","slug":"contatos","status":"publish","type":"page","link":"https:\/\/graduacao.uel.br\/ciencias-sociais\/contatos\/","title":{"rendered":"Contatos"},"content":{"rendered":"\n<p><strong>Coordenador do Colegiado<\/strong><br>Ronaldo Fabiano dos Santos Gaspar<br>ronaldogaspar@uel.br<\/p>\n\n\n\n<p><strong>Vice-Coordenadora do Colegiado<\/strong><br>Raquel Kritsch<br>kritsch@uel.br<\/p>\n\n\n\n<p><strong>Coordenadora de Est\u00e1gio<\/strong><br>Adriana de F\u00e1tima Ferreira<br>adriana@uel.br<\/p>\n\n\n\n<p><strong>Coordenadora de TCC<\/strong><br>Maria Jos\u00e9 de Rezende<br>mjder@uel.br<\/p>\n\n\n\n<p><\/p>\n\n\n\n<p><\/p>\n","protected":false},"excerpt":{"rendered":"<p>Coordenador do ColegiadoRonaldo Fabiano dos Santos Gasparronaldogaspar@uel.br Vice-Coordenadora do ColegiadoRaquel Kritschkritsch@uel.br Coordenadora de Est\u00e1gioAdriana de F\u00e1tima Ferreiraadriana@uel.br Coordenadora de TCCMaria Jos\u00e9 de Rezendemjder@uel.br<\/p>\n","protected":false},"author":6,"featured_media":0,"parent":0,"menu_order":0,"comment_status":"closed","ping_status":"closed","template":"","meta":{"_acf_changed":false,"footnotes":""},"class_list":["post-58","page","type-page","status-publish","hentry"],"acf":[],"_links":{"self":[{"href":"https:\/\/graduacao.uel.br\/ciencias-sociais\/wp-json\/wp\/v2\/pages\/58","targetHints":{"allow":["GET"]}}],"collection":[{"href":"https:\/\/graduacao.uel.br\/ciencias-sociais\/wp-json\/wp\/v2\/pages"}],"about":[{"href":"https:\/\/graduacao.uel.br\/ciencias-sociais\/wp-json\/wp\/v2\/types\/page"}],"author":[{"embeddable":true,"href":"https:\/\/graduacao.uel.br\/ciencias-sociais\/wp-json\/wp\/v2\/users\/6"}],"replies":[{"embeddable":true,"href":"https:\/\/graduacao.uel.br\/ciencias-sociais\/wp-json\/wp\/v2\/comments?post=58"}],"version-history":[{"count":5,"href":"https:\/\/graduacao.uel.br\/ciencias-sociais\/wp-json\/wp\/v2\/pages\/58\/revisions"}],"predecessor-version":[{"id":300,"href":"https:\/\/graduacao.uel.br\/ciencias-sociais\/wp-json\/wp\/v2\/pages\/58\/revisions\/300"}],"wp:attachment":[{"href":"https:\/\/graduacao.uel.br\/ciencias-sociais\/wp-json\/wp\/v2\/media?parent=58"}],"curies":[{"name":"wp","href":"https:\/\/api.w.org\/{rel}","templated":true}]}}