{"id":74,"date":"2024-04-22T15:14:11","date_gmt":"2024-04-22T18:14:11","guid":{"rendered":"https:\/\/graduacao.uel.br\/ciencias-sociais\/?page_id=74"},"modified":"2024-05-02T12:01:45","modified_gmt":"2024-05-02T15:01:45","slug":"licenciatura","status":"publish","type":"page","link":"https:\/\/graduacao.uel.br\/ciencias-sociais\/licenciatura\/","title":{"rendered":"Licenciatura"},"content":{"rendered":"\n<p>O Curso de Ci\u00eancias Sociais &#8211; habilita\u00e7\u00e3o Licenciatura tem dura\u00e7\u00e3o de 4 anos a 8 anos e \u00e9 presencial, sediado nas depend\u00eancias do CLCH da UEL. As aulas ocorrem no per\u00edodo da noite e a carga hor\u00e1ria total \u00e9 de 3.205 horas, sendo que a matriz curricular \u00e9 organizada a partir do cumprimento de disciplinas obrigat\u00f3rias, optativas, atividades de extens\u00e3o, realiza\u00e7\u00e3o de est\u00e1gio e trabalho de conclus\u00e3o do curso (TCC).<\/p>\n\n\n\n<p><strong>Abaixo temos o modelo da Matriz Curricular com habilita\u00e7\u00e3o Licenciatura para Ci\u00eancias Sociais:<\/strong><\/p>\n\n\n\n<div data-wp-interactive=\"core\/file\" class=\"wp-block-file\"><object data-wp-bind--hidden=\"!state.hasPdfPreview\" hidden class=\"wp-block-file__embed\" data=\"https:\/\/graduacao.uel.br\/ciencias-sociais\/wp-content\/uploads\/2024\/05\/Matriz-2023-Licenciatura.pdf\" type=\"application\/pdf\" style=\"width:100%;height:600px\" aria-label=\"Incorporado de Matriz 2023 Licenciatura.\"><\/object><a id=\"wp-block-file--media-17c9381c-b483-402b-8275-397ef411d570\" href=\"https:\/\/graduacao.uel.br\/ciencias-sociais\/wp-content\/uploads\/2024\/05\/Matriz-2023-Licenciatura.pdf\">Matriz 2023 Licenciatura<\/a><a href=\"https:\/\/graduacao.uel.br\/ciencias-sociais\/wp-content\/uploads\/2024\/05\/Matriz-2023-Licenciatura.pdf\" class=\"wp-block-file__button wp-element-button\" download aria-describedby=\"wp-block-file--media-17c9381c-b483-402b-8275-397ef411d570\">Baixar<\/a><\/div>\n","protected":false},"excerpt":{"rendered":"<p>O Curso de Ci\u00eancias Sociais &#8211; habilita\u00e7\u00e3o Licenciatura tem dura\u00e7\u00e3o de 4 anos a 8 anos e \u00e9 presencial, sediado nas depend\u00eancias do CLCH da UEL. As aulas ocorrem no per\u00edodo da noite e a carga hor\u00e1ria total \u00e9 de 3.205 horas, sendo que a matriz curricular \u00e9 organizada a partir do cumprimento de disciplinas [&hellip;]<\/p>\n","protected":false},"author":6,"featured_media":0,"parent":0,"menu_order":0,"comment_status":"closed","ping_status":"closed","template":"","meta":{"_acf_changed":false,"footnotes":""},"class_list":["post-74","page","type-page","status-publish","hentry"],"acf":[],"_links":{"self":[{"href":"https:\/\/graduacao.uel.br\/ciencias-sociais\/wp-json\/wp\/v2\/pages\/74","targetHints":{"allow":["GET"]}}],"collection":[{"href":"https:\/\/graduacao.uel.br\/ciencias-sociais\/wp-json\/wp\/v2\/pages"}],"about":[{"href":"https:\/\/graduacao.uel.br\/ciencias-sociais\/wp-json\/wp\/v2\/types\/page"}],"author":[{"embeddable":true,"href":"https:\/\/graduacao.uel.br\/ciencias-sociais\/wp-json\/wp\/v2\/users\/6"}],"replies":[{"embeddable":true,"href":"https:\/\/graduacao.uel.br\/ciencias-sociais\/wp-json\/wp\/v2\/comments?post=74"}],"version-history":[{"count":3,"href":"https:\/\/graduacao.uel.br\/ciencias-sociais\/wp-json\/wp\/v2\/pages\/74\/revisions"}],"predecessor-version":[{"id":259,"href":"https:\/\/graduacao.uel.br\/ciencias-sociais\/wp-json\/wp\/v2\/pages\/74\/revisions\/259"}],"wp:attachment":[{"href":"https:\/\/graduacao.uel.br\/ciencias-sociais\/wp-json\/wp\/v2\/media?parent=74"}],"curies":[{"name":"wp","href":"https:\/\/api.w.org\/{rel}","templated":true}]}}