{"id":80,"date":"2024-04-22T15:27:50","date_gmt":"2024-04-22T18:27:50","guid":{"rendered":"https:\/\/graduacao.uel.br\/ciencias-sociais\/?page_id=80"},"modified":"2024-05-28T09:47:51","modified_gmt":"2024-05-28T12:47:51","slug":"aac","status":"publish","type":"page","link":"https:\/\/graduacao.uel.br\/ciencias-sociais\/aac\/","title":{"rendered":"AAC"},"content":{"rendered":"\n<p><strong>Bacharelado<\/strong> <strong>e Licenciatura<\/strong> &#8211; De acordo com o <a href=\"https:\/\/sites.uel.br\/proplan\/wp-content\/uploads\/2024\/02\/Regimento_Geral.pdf\">Regimento Geral da UEL: Art.28<\/a> &#8211; Os curr\u00edculos dos cursos de gradua\u00e7\u00e3o ser\u00e3o constitu\u00eddos por um conjunto de atividades acad\u00eamicas de natureza obrigat\u00f3ria, complementares e optativas; tendo como objetivo a forma\u00e7\u00e3o cultural e profissional do estudante.<\/p>\n\n\n\n<p>As Atividades Acad\u00eamicas Complementares correspondem \u00e0 participa\u00e7\u00e3o do estudante nos itens a seguir:<\/p>\n\n\n\n<p>a) Disciplinas eletivas; <\/p>\n\n\n\n<p>b) Disciplinas especiais; <\/p>\n\n\n\n<p>c) Est\u00e1gios curriculares n\u00e3o obrigat\u00f3rios; <\/p>\n\n\n\n<p>d) Eventos; <\/p>\n\n\n\n<p>e) Monitoria acad\u00eamica; <\/p>\n\n\n\n<p>f) Programas de extens\u00e3o; <\/p>\n\n\n\n<p>g) Programas de forma\u00e7\u00e3o complementar; <\/p>\n\n\n\n<p>h) Projetos integrados; <\/p>\n\n\n\n<p>i) Projetos de pesquisa; <\/p>\n\n\n\n<p>J) Projetos de pesquisa em ensino.<\/p>\n\n\n\n<p>As atividades acad\u00eamicas complementares devem ser aprovadas pelos respectivos Colegiados de Cursos.<\/p>\n\n\n\n<p><\/p>\n","protected":false},"excerpt":{"rendered":"<p>Bacharelado e Licenciatura &#8211; De acordo com o Regimento Geral da UEL: Art.28 &#8211; Os curr\u00edculos dos cursos de gradua\u00e7\u00e3o ser\u00e3o constitu\u00eddos por um conjunto de atividades acad\u00eamicas de natureza obrigat\u00f3ria, complementares e optativas; tendo como objetivo a forma\u00e7\u00e3o cultural e profissional do estudante. As Atividades Acad\u00eamicas Complementares correspondem \u00e0 participa\u00e7\u00e3o do estudante nos itens [&hellip;]<\/p>\n","protected":false},"author":6,"featured_media":0,"parent":0,"menu_order":0,"comment_status":"closed","ping_status":"closed","template":"","meta":{"_acf_changed":false,"footnotes":""},"class_list":["post-80","page","type-page","status-publish","hentry"],"acf":[],"_links":{"self":[{"href":"https:\/\/graduacao.uel.br\/ciencias-sociais\/wp-json\/wp\/v2\/pages\/80","targetHints":{"allow":["GET"]}}],"collection":[{"href":"https:\/\/graduacao.uel.br\/ciencias-sociais\/wp-json\/wp\/v2\/pages"}],"about":[{"href":"https:\/\/graduacao.uel.br\/ciencias-sociais\/wp-json\/wp\/v2\/types\/page"}],"author":[{"embeddable":true,"href":"https:\/\/graduacao.uel.br\/ciencias-sociais\/wp-json\/wp\/v2\/users\/6"}],"replies":[{"embeddable":true,"href":"https:\/\/graduacao.uel.br\/ciencias-sociais\/wp-json\/wp\/v2\/comments?post=80"}],"version-history":[{"count":8,"href":"https:\/\/graduacao.uel.br\/ciencias-sociais\/wp-json\/wp\/v2\/pages\/80\/revisions"}],"predecessor-version":[{"id":309,"href":"https:\/\/graduacao.uel.br\/ciencias-sociais\/wp-json\/wp\/v2\/pages\/80\/revisions\/309"}],"wp:attachment":[{"href":"https:\/\/graduacao.uel.br\/ciencias-sociais\/wp-json\/wp\/v2\/media?parent=80"}],"curies":[{"name":"wp","href":"https:\/\/api.w.org\/{rel}","templated":true}]}}