{"id":83,"date":"2024-04-22T15:28:12","date_gmt":"2024-04-22T18:28:12","guid":{"rendered":"https:\/\/graduacao.uel.br\/ciencias-sociais\/?page_id=83"},"modified":"2024-05-28T10:30:01","modified_gmt":"2024-05-28T13:30:01","slug":"tcc","status":"publish","type":"page","link":"https:\/\/graduacao.uel.br\/ciencias-sociais\/tcc\/","title":{"rendered":"TCC"},"content":{"rendered":"\n<p><strong>Bacharelado<\/strong> <strong>e Licenciatura<\/strong> &#8211; O trabalho de conclus\u00e3o do curso (TCC) de Ci\u00eancias Sociais \u00e9 uma atividade obrigat\u00f3ria para obten\u00e7\u00e3o do t\u00edtulo de gradua\u00e7\u00e3o. Caracteriza-se como trabalho escrito sobre objeto de pesquisa delimitado e com escopo te\u00f3rico-metodol\u00f3gico relacionado a uma das \u00e1reas de conhecimento do curso: Antropologia, Ci\u00eancia Pol\u00edtica e Sociologia.<\/p>\n\n\n\n<p>O TCC de Ci\u00eancias Sociais deve ser elaborado individualmente pelo estudante regularmente matriculado no Curso de Ci\u00eancias Sociais, devendo seguir a forma textual de car\u00e1ter monogr\u00e1fico e atender aos seguintes objetivos: <\/p>\n\n\n\n<p>1 ) capacitar o estudante para a elabora\u00e7\u00e3o de pesquisas; <\/p>\n\n\n\n<p>2) levar o estudante a correlacionar e aprofundar os conhecimentos te\u00f3ricos e pr\u00e1ticos adquiridos no curso; <\/p>\n\n\n\n<p>3) propiciar ao estudante o contato com o processo de investiga\u00e7\u00e3o, auxiliando-o em todas as etapas da pesquisa tais como: formula\u00e7\u00e3o do problema de an\u00e1lise, localiza\u00e7\u00e3o do referencial te\u00f3rico, escolha de metodologias de pesquisa &#8211; quando se tratar de coleta e an\u00e1lise de dados, formula\u00e7\u00e3o coerente da conclus\u00e3o da pesquisa e apresenta\u00e7\u00e3o final do trabalho; <\/p>\n\n\n\n<p>4) contribuir para o enriquecimento das atividades acad\u00eamicas do Curso de Ci\u00eancias Sociais, estimulando a produ\u00e7\u00e3o cient\u00edfica que poder\u00e1 estar articulada \u00e0s necessidades da comunidade local, nacional e internacional.<\/p>\n\n\n\n<p><\/p>\n\n\n\n<div class=\"wp-block-buttons is-content-justification-center is-layout-flex wp-container-core-buttons-is-layout-16018d1d wp-block-buttons-is-layout-flex\">\n<div class=\"wp-block-button\"><a class=\"wp-block-button__link has-primary-accent-background-color has-background wp-element-button\" href=\"https:\/\/sites.uel.br\/prograd\/wp-content\/uploads\/documentos\/deliberacoes\/2022\/deliberacao_13_22.pdf\">Delibera\u00e7\u00e3o TCC<\/a><\/div>\n<\/div>\n\n\n\n<div class=\"wp-block-columns is-layout-flex wp-container-core-columns-is-layout-9d6595d7 wp-block-columns-is-layout-flex\">\n<div class=\"wp-block-column is-layout-flow wp-block-column-is-layout-flow\"><\/div>\n<\/div>\n","protected":false},"excerpt":{"rendered":"<p>Bacharelado e Licenciatura &#8211; O trabalho de conclus\u00e3o do curso (TCC) de Ci\u00eancias Sociais \u00e9 uma atividade obrigat\u00f3ria para obten\u00e7\u00e3o do t\u00edtulo de gradua\u00e7\u00e3o. Caracteriza-se como trabalho escrito sobre objeto de pesquisa delimitado e com escopo te\u00f3rico-metodol\u00f3gico relacionado a uma das \u00e1reas de conhecimento do curso: Antropologia, Ci\u00eancia Pol\u00edtica e Sociologia. O TCC de Ci\u00eancias [&hellip;]<\/p>\n","protected":false},"author":6,"featured_media":0,"parent":0,"menu_order":0,"comment_status":"closed","ping_status":"closed","template":"","meta":{"_acf_changed":false,"footnotes":""},"class_list":["post-83","page","type-page","status-publish","hentry"],"acf":[],"_links":{"self":[{"href":"https:\/\/graduacao.uel.br\/ciencias-sociais\/wp-json\/wp\/v2\/pages\/83","targetHints":{"allow":["GET"]}}],"collection":[{"href":"https:\/\/graduacao.uel.br\/ciencias-sociais\/wp-json\/wp\/v2\/pages"}],"about":[{"href":"https:\/\/graduacao.uel.br\/ciencias-sociais\/wp-json\/wp\/v2\/types\/page"}],"author":[{"embeddable":true,"href":"https:\/\/graduacao.uel.br\/ciencias-sociais\/wp-json\/wp\/v2\/users\/6"}],"replies":[{"embeddable":true,"href":"https:\/\/graduacao.uel.br\/ciencias-sociais\/wp-json\/wp\/v2\/comments?post=83"}],"version-history":[{"count":11,"href":"https:\/\/graduacao.uel.br\/ciencias-sociais\/wp-json\/wp\/v2\/pages\/83\/revisions"}],"predecessor-version":[{"id":315,"href":"https:\/\/graduacao.uel.br\/ciencias-sociais\/wp-json\/wp\/v2\/pages\/83\/revisions\/315"}],"wp:attachment":[{"href":"https:\/\/graduacao.uel.br\/ciencias-sociais\/wp-json\/wp\/v2\/media?parent=83"}],"curies":[{"name":"wp","href":"https:\/\/api.w.org\/{rel}","templated":true}]}}