{"id":85,"date":"2024-04-22T15:28:53","date_gmt":"2024-04-22T18:28:53","guid":{"rendered":"https:\/\/graduacao.uel.br\/ciencias-sociais\/?page_id=85"},"modified":"2024-04-29T14:25:49","modified_gmt":"2024-04-29T17:25:49","slug":"aex","status":"publish","type":"page","link":"https:\/\/graduacao.uel.br\/ciencias-sociais\/aex\/","title":{"rendered":"AEX"},"content":{"rendered":"\n<p><strong><u>Bacharelado<\/u><\/strong> &#8211; Com a publica\u00e7\u00e3o da Resolu\u00e7\u00e3o n\u00ba. 7, de 18 de dezembro de 2018, que estabelece as Diretrizes para a Extens\u00e3o na Educa\u00e7\u00e3o Superior Brasileira e regimento o disposto na Meta 12,7 da Lei n\u00b0. 13.005\/2014, os cursos de gradua\u00e7\u00e3o de todo o pa\u00eds est\u00e3o sendo obrigados a curricularizar atividades de extens\u00e3o. De acordo com o artigo 4\u00b0 dessa Resolu\u00e7\u00e3o, &#8220;as atividades de extens\u00e3o devem compor, no m\u00ednimo, 10% (dez por cento) do total da carga hor\u00e1ria curricular estudantil dos cursos de gradua\u00e7\u00e3o, as quais dever\u00e3o fazer parte da matriz curricular dos cursos&#8221;, De modo sint\u00e9tico, os objetivos primordiais dessa curriculariza\u00e7\u00e3o s\u00e3o a melhor articula\u00e7\u00e3o entre teoria e pr\u00e1tica na forma\u00e7\u00e3o de graduandos, o aumento das atividades interdisciplinares nos cursos e o maior intera\u00e7\u00e3o de estudantes e docentes com a comunidade externa.<\/p>\n\n\n\n<p><strong><u>Licenciatura<\/u><\/strong> &#8211; Mesma informa\u00e7\u00e3o citada para a modalidade Bacharelado.<\/p>\n\n\n\n<p><\/p>\n\n\n\n<p>Para mais informa\u00e7\u00f5es para <strong>Atividades de Extens\u00e3o<\/strong> clique em <strong><a href=\"https:\/\/sites.uel.br\/proex\/atividades-academicas-de-extensao-aex\/\">saiba mais<\/a><\/strong>.<\/p>\n","protected":false},"excerpt":{"rendered":"<p>Bacharelado &#8211; Com a publica\u00e7\u00e3o da Resolu\u00e7\u00e3o n\u00ba. 7, de 18 de dezembro de 2018, que estabelece as Diretrizes para a Extens\u00e3o na Educa\u00e7\u00e3o Superior Brasileira e regimento o disposto na Meta 12,7 da Lei n\u00b0. 13.005\/2014, os cursos de gradua\u00e7\u00e3o de todo o pa\u00eds est\u00e3o sendo obrigados a curricularizar atividades de extens\u00e3o. De acordo [&hellip;]<\/p>\n","protected":false},"author":6,"featured_media":0,"parent":0,"menu_order":0,"comment_status":"closed","ping_status":"closed","template":"","meta":{"_acf_changed":false,"footnotes":""},"class_list":["post-85","page","type-page","status-publish","hentry"],"acf":[],"_links":{"self":[{"href":"https:\/\/graduacao.uel.br\/ciencias-sociais\/wp-json\/wp\/v2\/pages\/85","targetHints":{"allow":["GET"]}}],"collection":[{"href":"https:\/\/graduacao.uel.br\/ciencias-sociais\/wp-json\/wp\/v2\/pages"}],"about":[{"href":"https:\/\/graduacao.uel.br\/ciencias-sociais\/wp-json\/wp\/v2\/types\/page"}],"author":[{"embeddable":true,"href":"https:\/\/graduacao.uel.br\/ciencias-sociais\/wp-json\/wp\/v2\/users\/6"}],"replies":[{"embeddable":true,"href":"https:\/\/graduacao.uel.br\/ciencias-sociais\/wp-json\/wp\/v2\/comments?post=85"}],"version-history":[{"count":4,"href":"https:\/\/graduacao.uel.br\/ciencias-sociais\/wp-json\/wp\/v2\/pages\/85\/revisions"}],"predecessor-version":[{"id":240,"href":"https:\/\/graduacao.uel.br\/ciencias-sociais\/wp-json\/wp\/v2\/pages\/85\/revisions\/240"}],"wp:attachment":[{"href":"https:\/\/graduacao.uel.br\/ciencias-sociais\/wp-json\/wp\/v2\/media?parent=85"}],"curies":[{"name":"wp","href":"https:\/\/api.w.org\/{rel}","templated":true}]}}