{"id":11,"date":"2024-04-10T14:17:25","date_gmt":"2024-04-10T17:17:25","guid":{"rendered":"https:\/\/graduacao.uel.br\/design-grafico\/?page_id=11"},"modified":"2024-04-11T15:05:38","modified_gmt":"2024-04-11T18:05:38","slug":"o-curso","status":"publish","type":"page","link":"https:\/\/graduacao.uel.br\/design-grafico\/o-curso\/","title":{"rendered":"O Curso"},"content":{"rendered":"\n<p>Data de cria\u00e7\u00e3o e Resolu\u00e7\u00e3o: Cria\u00e7\u00e3o e autoriza\u00e7\u00e3o: Resolu\u00e7\u00e3o CEPE\/UEL n\u00ba 98 de 18\/08\/2004. <\/p>\n\n\n\n<p>Renova\u00e7\u00e3o e Reconhecimento: PORTARIA no 197\/2020 de 26\/10\/2020. <\/p>\n\n\n\n<p><strong>Objetivo Geral do Curso<\/strong><\/p>\n\n\n\n<p>Formar profissionais em Design Gr\u00e1fico visando desenvolver a capacidade projetual anal\u00edtica e sist\u00eamica, cr\u00edtica e expressiva, integrada \u00e0 realidade contempor\u00e2nea, respeitando as quest\u00f5es ambientais, sociais e humanas. <\/p>\n\n\n\n<p><strong>Espec\u00edficos<\/strong><\/p>\n\n\n\n<p>\u25cf Sensibilizar o discente para a aplica\u00e7\u00e3o, em seus em projetos gr\u00e1ficos, de quest\u00f5es ambientais, sociais, humanas, econ\u00f4micas, tecnol\u00f3gicas, est\u00e9ticas e culturais; <\/p>\n\n\n\n<p>\u25cf Desenvolver a capacidade anal\u00edtica, cr\u00edtica, reflexiva, t\u00e9cnica, criativa e expressiva proveniente das atividades de pesquisa e coordenar, sintetizar e aplicar a metodologia de projeto com caracter\u00edsticas funcionais, pl\u00e1sticas, est\u00e9ticas e simb\u00f3licas, visando \u00e0 cria\u00e7\u00e3o de produtos gr\u00e1ficos; <\/p>\n\n\n\n<p>\u25cf Embasar e aplicar fundamentos te\u00f3ricos e atividades pr\u00e1ticas para atuar nas fases metodol\u00f3gicas do projeto de produtos gr\u00e1ficos; \u25cf Analisar, sintetizar e avaliar as rela\u00e7\u00f5es entre as necessidades humanas e os sistemas produtivos; <\/p>\n\n\n\n<p>\u25cf Propor solu\u00e7\u00f5es gr\u00e1ficas para problemas de comunica\u00e7\u00e3o e informa\u00e7\u00e3o; <\/p>\n\n\n\n<p>\u25cf Propiciar ao discente sua integra\u00e7\u00e3o no sistema socioecon\u00f4mico e cultural da regi\u00e3o; <\/p>\n\n\n\n<p>\u25cf Conscientizar sobre a necessidade de transforma\u00e7\u00f5es sociais por meio do protagonismo na sua atua\u00e7\u00e3o em projetos de extens\u00e3o e pesquisa. <\/p>\n\n\n\n<p><strong>Perfil do Concluinte<\/strong><\/p>\n\n\n\n<p>O profissional do Designer Gr\u00e1fico est\u00e1 de acordo com a DCN dos Cursos de Design, conforme RESOLU\u00c7\u00c3O N\u00ba 5, DE 8 DE MAR\u00c7O DE 2004. Possui forma\u00e7\u00e3o generalista, humanista, vis\u00e3o cr\u00edtica e sist\u00eamica, capacidade de utiliza\u00e7\u00e3o de tecnologias e \u00e9 habilitado a desempenhar atividades de car\u00e1ter t\u00e9cnico, cient\u00edfico e criativo, visando a concep\u00e7\u00e3o, desenvolvimento e solu\u00e7\u00e3o de projetos de comunica\u00e7\u00e3o e informa\u00e7\u00e3o visual, agregando valor, diferencial e inova\u00e7\u00e3o aos produtos e servi\u00e7os gr\u00e1ficos, impressos e digitais para a melhoria da qualidade de vida. <\/p>\n\n\n\n<p>Ao longo do Curso o designer constr\u00f3i compet\u00eancias e habilidades para atuar nas seguintes \u00e1reas profissionais: editora\u00e7\u00e3o; embalagem; identidade visual corporativa e institucional; sinaliza\u00e7\u00e3o; design digital; anima\u00e7\u00e3o e v\u00eddeo; design de superf\u00edcie; aplica\u00e7\u00e3o gr\u00e1fica em produtos; ilustra\u00e7\u00e3o; promocional; gest\u00e3o de design; brinquedos, jogos e outras.<\/p>\n","protected":false},"excerpt":{"rendered":"<p>Data de cria\u00e7\u00e3o e Resolu\u00e7\u00e3o: Cria\u00e7\u00e3o e autoriza\u00e7\u00e3o: Resolu\u00e7\u00e3o CEPE\/UEL n\u00ba 98 de 18\/08\/2004. Renova\u00e7\u00e3o e Reconhecimento: PORTARIA no 197\/2020 de 26\/10\/2020. Objetivo Geral do Curso Formar profissionais em Design Gr\u00e1fico visando desenvolver a capacidade projetual anal\u00edtica e sist\u00eamica, cr\u00edtica e expressiva, integrada \u00e0 realidade contempor\u00e2nea, respeitando as quest\u00f5es ambientais, sociais e humanas. Espec\u00edficos \u25cf [&hellip;]<\/p>\n","protected":false},"author":6,"featured_media":0,"parent":0,"menu_order":0,"comment_status":"closed","ping_status":"closed","template":"","meta":{"_acf_changed":false,"footnotes":""},"class_list":["post-11","page","type-page","status-publish","hentry"],"acf":[],"_links":{"self":[{"href":"https:\/\/graduacao.uel.br\/design-grafico\/wp-json\/wp\/v2\/pages\/11","targetHints":{"allow":["GET"]}}],"collection":[{"href":"https:\/\/graduacao.uel.br\/design-grafico\/wp-json\/wp\/v2\/pages"}],"about":[{"href":"https:\/\/graduacao.uel.br\/design-grafico\/wp-json\/wp\/v2\/types\/page"}],"author":[{"embeddable":true,"href":"https:\/\/graduacao.uel.br\/design-grafico\/wp-json\/wp\/v2\/users\/6"}],"replies":[{"embeddable":true,"href":"https:\/\/graduacao.uel.br\/design-grafico\/wp-json\/wp\/v2\/comments?post=11"}],"version-history":[{"count":3,"href":"https:\/\/graduacao.uel.br\/design-grafico\/wp-json\/wp\/v2\/pages\/11\/revisions"}],"predecessor-version":[{"id":138,"href":"https:\/\/graduacao.uel.br\/design-grafico\/wp-json\/wp\/v2\/pages\/11\/revisions\/138"}],"wp:attachment":[{"href":"https:\/\/graduacao.uel.br\/design-grafico\/wp-json\/wp\/v2\/media?parent=11"}],"curies":[{"name":"wp","href":"https:\/\/api.w.org\/{rel}","templated":true}]}}