{"id":146,"date":"2024-04-11T15:26:51","date_gmt":"2024-04-11T18:26:51","guid":{"rendered":"https:\/\/graduacao.uel.br\/design-grafico\/?page_id=146"},"modified":"2024-04-11T15:41:32","modified_gmt":"2024-04-11T18:41:32","slug":"estagio-2","status":"publish","type":"page","link":"https:\/\/graduacao.uel.br\/design-grafico\/estagio-2\/","title":{"rendered":"Est\u00e1gio"},"content":{"rendered":"\n<p>O Est\u00e1gio do Curso de Design Gr\u00e1fico \u00e9 caracterizado como um conjunto de atividades de ensino e aprendizagem profissional e cultural da \u00e1rea de Design, proporcionadas pela participa\u00e7\u00e3o em situa\u00e7\u00f5es reais, permitindo que o discente vivencie a pr\u00e1tica a profiss\u00e3o sob responsabilidade e coordena\u00e7\u00e3o da Universidade. <\/p>\n\n\n\n<p>Atende ao seu regulamento conforme delibera\u00e7\u00f5es espec\u00edficas da \u00e1rea e da UEL. \u00c9 um componente curricular determinante na forma\u00e7\u00e3o profissional e da cidadania do discente, cujo objetivo \u00e9 proporcionar o exerc\u00edcio da compet\u00eancia t\u00e9cnica compromissada com a realidade s\u00f3cio-econ\u00f4mico-pol\u00edtica do Pa\u00eds. <\/p>\n\n\n\n<p>Somente poder\u00e1 realizar <strong>Est\u00e1gio Curricular Obrigat\u00f3rio<\/strong> o discente regularmente matriculado e frequentando a 4\u00ba s\u00e9rie do Curso, que dever\u00e1 integralizar a carga hor\u00e1ria de 250 horas e obter m\u00e9dia de 7,0 e frequ\u00eancia 75% para aprova\u00e7\u00e3o. <\/p>\n\n\n\n<p>O Est\u00e1gio Obrigat\u00f3rio poder\u00e1 ser realizado nos seguintes segmentos da \u00e1rea do Design Gr\u00e1fico:<\/p>\n\n\n\n<p>I- Editora\u00e7\u00e3o; <\/p>\n\n\n\n<p>II- Embalagem; <\/p>\n\n\n\n<p>III- Identidade visual corporativa e institucional; <\/p>\n\n\n\n<p>IV- Sinaliza\u00e7\u00e3o; <\/p>\n\n\n\n<p>V- Design digital; <\/p>\n\n\n\n<p>VI- Anima\u00e7\u00e3o e v\u00eddeo; <\/p>\n\n\n\n<p>VII- Design de superf\u00edcie; <\/p>\n\n\n\n<p>VIII- Aplica\u00e7\u00e3o gr\u00e1fica em produtos; <\/p>\n\n\n\n<p>IX- Ilustra\u00e7\u00e3o; <\/p>\n\n\n\n<p>X- Promocional; <\/p>\n\n\n\n<p>XI- Gest\u00e3o de design; <\/p>\n\n\n\n<p>XII- Brinquedos e jogos; <\/p>\n\n\n\n<p>XIII \u2013 Design Editorial; <\/p>\n\n\n\n<p>XIV- Outros segmentos com aplicabilidade do design gr\u00e1fico.<\/p>\n\n\n\n<p><\/p>\n\n\n\n<p>Para mais informa\u00e7\u00f5es sobre est\u00e1gio <strong><a href=\"https:\/\/sites.uel.br\/prograd\/estudante\/estagios-e-intercambios\/\">clique aqui<\/a><\/strong>.<\/p>\n\n\n\n<div class=\"wp-block-buttons is-content-justification-center is-layout-flex wp-container-core-buttons-is-layout-16018d1d wp-block-buttons-is-layout-flex\">\n<div class=\"wp-block-button\"><a class=\"wp-block-button__link has-primary-accent-background-color has-background wp-element-button\" href=\"https:\/\/sites.uel.br\/prograd\/regulamentos-estagio\/\">Regulamento de Est\u00e1gio<\/a><\/div>\n<\/div>\n\n\n\n<div class=\"wp-block-columns is-layout-flex wp-container-core-columns-is-layout-9d6595d7 wp-block-columns-is-layout-flex\">\n<div class=\"wp-block-column is-layout-flow wp-block-column-is-layout-flow\"><\/div>\n<\/div>\n","protected":false},"excerpt":{"rendered":"<p>O Est\u00e1gio do Curso de Design Gr\u00e1fico \u00e9 caracterizado como um conjunto de atividades de ensino e aprendizagem profissional e cultural da \u00e1rea de Design, proporcionadas pela participa\u00e7\u00e3o em situa\u00e7\u00f5es reais, permitindo que o discente vivencie a pr\u00e1tica a profiss\u00e3o sob responsabilidade e coordena\u00e7\u00e3o da Universidade. Atende ao seu regulamento conforme delibera\u00e7\u00f5es espec\u00edficas da \u00e1rea [&hellip;]<\/p>\n","protected":false},"author":6,"featured_media":0,"parent":0,"menu_order":0,"comment_status":"closed","ping_status":"closed","template":"","meta":{"_acf_changed":false,"footnotes":""},"class_list":["post-146","page","type-page","status-publish","hentry"],"acf":[],"_links":{"self":[{"href":"https:\/\/graduacao.uel.br\/design-grafico\/wp-json\/wp\/v2\/pages\/146","targetHints":{"allow":["GET"]}}],"collection":[{"href":"https:\/\/graduacao.uel.br\/design-grafico\/wp-json\/wp\/v2\/pages"}],"about":[{"href":"https:\/\/graduacao.uel.br\/design-grafico\/wp-json\/wp\/v2\/types\/page"}],"author":[{"embeddable":true,"href":"https:\/\/graduacao.uel.br\/design-grafico\/wp-json\/wp\/v2\/users\/6"}],"replies":[{"embeddable":true,"href":"https:\/\/graduacao.uel.br\/design-grafico\/wp-json\/wp\/v2\/comments?post=146"}],"version-history":[{"count":5,"href":"https:\/\/graduacao.uel.br\/design-grafico\/wp-json\/wp\/v2\/pages\/146\/revisions"}],"predecessor-version":[{"id":153,"href":"https:\/\/graduacao.uel.br\/design-grafico\/wp-json\/wp\/v2\/pages\/146\/revisions\/153"}],"wp:attachment":[{"href":"https:\/\/graduacao.uel.br\/design-grafico\/wp-json\/wp\/v2\/media?parent=146"}],"curies":[{"name":"wp","href":"https:\/\/api.w.org\/{rel}","templated":true}]}}