{"id":182,"date":"2024-06-03T16:53:42","date_gmt":"2024-06-03T19:53:42","guid":{"rendered":"https:\/\/graduacao.uel.br\/design-grafico\/?page_id=182"},"modified":"2024-06-03T16:53:42","modified_gmt":"2024-06-03T19:53:42","slug":"escritorio-de-design-edn","status":"publish","type":"page","link":"https:\/\/graduacao.uel.br\/design-grafico\/escritorio-de-design-edn\/","title":{"rendered":"Escrit\u00f3rio de Design \u2013 EDn"},"content":{"rendered":"\n<p>O Escrit\u00f3rio de Design da UEL (EDn)<strong>\u00a0\u00e9 uma unidade da AINTEC<\/strong>, constitu\u00edda por meio de uma parceria com o Departamento de Design da UEL. Desse modo, busca conciliar dois objetivos principais: <\/p>\n\n\n\n<ul class=\"wp-block-list\">\n<li>O atendimento \u00e0 sociedade, por meio de servi\u00e7os de design, especialmente micro e pequenas empresas, ONG&#8217;s e outras organiza\u00e7\u00f5es de Londrina e regi\u00e3o que n\u00e3o possuem condi\u00e7\u00f5es financeiras de investir adequadamente em design;<\/li>\n<\/ul>\n\n\n\n<ul class=\"wp-block-list\">\n<li>Proporcionar aos estudantes de design da UEL a oportunidade de realizar est\u00e1gio profissional, vivenciando situa\u00e7\u00f5es reais de mercado.<\/li>\n<\/ul>\n","protected":false},"excerpt":{"rendered":"<p>O Escrit\u00f3rio de Design da UEL (EDn)\u00a0\u00e9 uma unidade da AINTEC, constitu\u00edda por meio de uma parceria com o Departamento de Design da UEL. Desse modo, busca conciliar dois objetivos principais:<\/p>\n","protected":false},"author":8,"featured_media":0,"parent":0,"menu_order":0,"comment_status":"closed","ping_status":"closed","template":"","meta":{"_acf_changed":false,"footnotes":""},"class_list":["post-182","page","type-page","status-publish","hentry"],"acf":[],"_links":{"self":[{"href":"https:\/\/graduacao.uel.br\/design-grafico\/wp-json\/wp\/v2\/pages\/182","targetHints":{"allow":["GET"]}}],"collection":[{"href":"https:\/\/graduacao.uel.br\/design-grafico\/wp-json\/wp\/v2\/pages"}],"about":[{"href":"https:\/\/graduacao.uel.br\/design-grafico\/wp-json\/wp\/v2\/types\/page"}],"author":[{"embeddable":true,"href":"https:\/\/graduacao.uel.br\/design-grafico\/wp-json\/wp\/v2\/users\/8"}],"replies":[{"embeddable":true,"href":"https:\/\/graduacao.uel.br\/design-grafico\/wp-json\/wp\/v2\/comments?post=182"}],"version-history":[{"count":1,"href":"https:\/\/graduacao.uel.br\/design-grafico\/wp-json\/wp\/v2\/pages\/182\/revisions"}],"predecessor-version":[{"id":183,"href":"https:\/\/graduacao.uel.br\/design-grafico\/wp-json\/wp\/v2\/pages\/182\/revisions\/183"}],"wp:attachment":[{"href":"https:\/\/graduacao.uel.br\/design-grafico\/wp-json\/wp\/v2\/media?parent=182"}],"curies":[{"name":"wp","href":"https:\/\/api.w.org\/{rel}","templated":true}]}}