{"id":47,"date":"2024-04-10T14:28:18","date_gmt":"2024-04-10T17:28:18","guid":{"rendered":"https:\/\/graduacao.uel.br\/design-grafico\/?page_id=47"},"modified":"2024-04-11T15:45:00","modified_gmt":"2024-04-11T18:45:00","slug":"aac","status":"publish","type":"page","link":"https:\/\/graduacao.uel.br\/design-grafico\/aac\/","title":{"rendered":"AAC"},"content":{"rendered":"\n<p>Os discentes devem cumprir um m\u00ednimo de 380 horas de atividades acad\u00eamicas complementares (AAC), que s\u00e3o divididas nas seguintes categorias e respectivas cargas hor\u00e1rias (m\u00e1ximas):<\/p>\n\n\n\n<p> 1. Projetos de Pesquisa, Pesquisa em Ensino, Extens\u00e3o e Integrados\/ Programas de extens\u00e3o e forma\u00e7\u00e3o complementar: m\u00e1ximo de 300 horas. <\/p>\n\n\n\n<p>2. Disciplinas Eletivas ou Especiais: ser\u00e1 aproveitada a carga hor\u00e1ria total (m\u00e1ximo 60h). <\/p>\n\n\n\n<p>3. Monitoria Acad\u00eamica: 30h <\/p>\n\n\n\n<p>4. Cursos de Extens\u00e3o: 90h <\/p>\n\n\n\n<p>5. Eventos: 60h 6. <\/p>\n\n\n\n<p>Est\u00e1gios Curriculares n\u00e3o obrigat\u00f3rios: 90h <\/p>\n\n\n\n<p>7. Publica\u00e7\u00f5es diversas: 30h <\/p>\n\n\n\n<p>8. Trabalhos t\u00e9cnicos e\/ou volunt\u00e1rios: 60h<\/p>\n","protected":false},"excerpt":{"rendered":"<p>Os discentes devem cumprir um m\u00ednimo de 380 horas de atividades acad\u00eamicas complementares (AAC), que s\u00e3o divididas nas seguintes categorias e respectivas cargas hor\u00e1rias (m\u00e1ximas): 1. Projetos de Pesquisa, Pesquisa em Ensino, Extens\u00e3o e Integrados\/ Programas de extens\u00e3o e forma\u00e7\u00e3o complementar: m\u00e1ximo de 300 horas. 2. Disciplinas Eletivas ou Especiais: ser\u00e1 aproveitada a carga hor\u00e1ria [&hellip;]<\/p>\n","protected":false},"author":6,"featured_media":0,"parent":0,"menu_order":0,"comment_status":"closed","ping_status":"closed","template":"","meta":{"_acf_changed":false,"footnotes":""},"class_list":["post-47","page","type-page","status-publish","hentry"],"acf":[],"_links":{"self":[{"href":"https:\/\/graduacao.uel.br\/design-grafico\/wp-json\/wp\/v2\/pages\/47","targetHints":{"allow":["GET"]}}],"collection":[{"href":"https:\/\/graduacao.uel.br\/design-grafico\/wp-json\/wp\/v2\/pages"}],"about":[{"href":"https:\/\/graduacao.uel.br\/design-grafico\/wp-json\/wp\/v2\/types\/page"}],"author":[{"embeddable":true,"href":"https:\/\/graduacao.uel.br\/design-grafico\/wp-json\/wp\/v2\/users\/6"}],"replies":[{"embeddable":true,"href":"https:\/\/graduacao.uel.br\/design-grafico\/wp-json\/wp\/v2\/comments?post=47"}],"version-history":[{"count":2,"href":"https:\/\/graduacao.uel.br\/design-grafico\/wp-json\/wp\/v2\/pages\/47\/revisions"}],"predecessor-version":[{"id":157,"href":"https:\/\/graduacao.uel.br\/design-grafico\/wp-json\/wp\/v2\/pages\/47\/revisions\/157"}],"wp:attachment":[{"href":"https:\/\/graduacao.uel.br\/design-grafico\/wp-json\/wp\/v2\/media?parent=47"}],"curies":[{"name":"wp","href":"https:\/\/api.w.org\/{rel}","templated":true}]}}