{"id":28,"date":"2024-07-03T20:39:02","date_gmt":"2024-07-03T23:39:02","guid":{"rendered":"https:\/\/graduacao.uel.br\/direito\/?page_id=28"},"modified":"2024-07-09T14:19:43","modified_gmt":"2024-07-09T17:19:43","slug":"matriz-curricular","status":"publish","type":"page","link":"https:\/\/graduacao.uel.br\/direito\/matriz-curricular\/","title":{"rendered":"Matriz Curricular"},"content":{"rendered":"\n<p>Para os estudantes que\u00a0<strong>ingressaram antes de 2022<\/strong>, a Matriz Curricular vigente \u00e9 a seguinte:\u00a0<strong><a href=\"https:\/\/sites.uel.br\/prograd\/wp-content\/uploads\/catalogo_cursos\/2021\/organizacao_curricular\/direito_matutino.pdf\" target=\"_blank\" rel=\"noreferrer noopener\">Matutino<\/a><\/strong>, <a href=\"https:\/\/sites.uel.br\/prograd\/wp-content\/uploads\/catalogo_cursos\/2021\/organizacao_curricular\/direito_vespertino.pdf\" target=\"_blank\" rel=\"noreferrer noopener\"><strong>Vespertino<\/strong><\/a> ou\u00a0<strong><a href=\"https:\/\/sites.uel.br\/prograd\/wp-content\/uploads\/catalogo_cursos\/2021\/organizacao_curricular\/direito_noturno.pdf\" target=\"_blank\" rel=\"noreferrer noopener\">Noturno<\/a><\/strong>.<\/p>\n\n\n\n<p><strong>A partir de 2022<\/strong>, ap\u00f3s reformula\u00e7\u00e3o curricular do Projeto Pedag\u00f3gico do Curso de Direito, pela\u00a0<a href=\"https:\/\/sites.uel.br\/prograd\/wp-content\/uploads\/documentos\/resolucoes\/2022\/resolucao_71_22.pdf\" target=\"_blank\" rel=\"noreferrer noopener\"><\/a><a href=\"https:\/\/sites.uel.br\/prograd\/wp-content\/uploads\/documentos\/resolucoes\/2021\/resolucao_80_21.pdf\" target=\"_blank\" rel=\"noreferrer noopener\">Resolu\u00e7\u00e3o CEPE\/CA n\u00ba 80\/2021<\/a>,<\/p>\n\n\n\n<p>a Matriz Curricular vigente passou a ser a seguinte:\u00a0<strong><a href=\"https:\/\/sites.uel.br\/prograd\/wp-content\/uploads\/catalogo_cursos\/2023\/organizacao_curricular\/direito_matutino.pdf\" target=\"_blank\" rel=\"noreferrer noopener\">Matutino<\/a><\/strong>, <a href=\"https:\/\/sites.uel.br\/prograd\/wp-content\/uploads\/catalogo_cursos\/2023\/organizacao_curricular\/direito_vespertino.pdf\" target=\"_blank\" rel=\"noreferrer noopener\"><strong>Vespertino<\/strong><\/a>\u00a0ou\u00a0<strong><a href=\"https:\/\/sites.uel.br\/prograd\/wp-content\/uploads\/catalogo_cursos\/2023\/organizacao_curricular\/direito_noturno.pdf\" target=\"_blank\" rel=\"noreferrer noopener\">Noturno<\/a><\/strong>.<\/p>\n","protected":false},"excerpt":{"rendered":"<p>Para os estudantes que\u00a0ingressaram antes de 2022, a Matriz Curricular vigente \u00e9 a seguinte:\u00a0Matutino, Vespertino ou\u00a0Noturno. A partir de 2022, ap\u00f3s reformula\u00e7\u00e3o curricular do Projeto Pedag\u00f3gico do Curso de Direito, pela\u00a0Resolu\u00e7\u00e3o CEPE\/CA n\u00ba 80\/2021, a Matriz Curricular vigente passou a ser a seguinte:\u00a0Matutino, Vespertino\u00a0ou\u00a0Noturno.<\/p>\n","protected":false},"author":8,"featured_media":0,"parent":0,"menu_order":0,"comment_status":"closed","ping_status":"closed","template":"","meta":{"_acf_changed":false,"footnotes":""},"class_list":["post-28","page","type-page","status-publish","hentry"],"acf":[],"_links":{"self":[{"href":"https:\/\/graduacao.uel.br\/direito\/wp-json\/wp\/v2\/pages\/28","targetHints":{"allow":["GET"]}}],"collection":[{"href":"https:\/\/graduacao.uel.br\/direito\/wp-json\/wp\/v2\/pages"}],"about":[{"href":"https:\/\/graduacao.uel.br\/direito\/wp-json\/wp\/v2\/types\/page"}],"author":[{"embeddable":true,"href":"https:\/\/graduacao.uel.br\/direito\/wp-json\/wp\/v2\/users\/8"}],"replies":[{"embeddable":true,"href":"https:\/\/graduacao.uel.br\/direito\/wp-json\/wp\/v2\/comments?post=28"}],"version-history":[{"count":2,"href":"https:\/\/graduacao.uel.br\/direito\/wp-json\/wp\/v2\/pages\/28\/revisions"}],"predecessor-version":[{"id":86,"href":"https:\/\/graduacao.uel.br\/direito\/wp-json\/wp\/v2\/pages\/28\/revisions\/86"}],"wp:attachment":[{"href":"https:\/\/graduacao.uel.br\/direito\/wp-json\/wp\/v2\/media?parent=28"}],"curies":[{"name":"wp","href":"https:\/\/api.w.org\/{rel}","templated":true}]}}