{"id":143,"date":"2024-03-19T11:14:38","date_gmt":"2024-03-19T14:14:38","guid":{"rendered":"https:\/\/graduacao.uel.br\/educacao-fisica\/?page_id=143"},"modified":"2024-03-19T11:48:33","modified_gmt":"2024-03-19T14:48:33","slug":"empresa-junior","status":"publish","type":"page","link":"https:\/\/graduacao.uel.br\/educacao-fisica\/empresa-junior\/","title":{"rendered":"Empresa J\u00fanior"},"content":{"rendered":"\n<p>A <strong>MOTUS<\/strong> \u00e9 a Empresa J\u00fanior do curso de Educa\u00e7\u00e3o F\u00edsica da Universidade Estadual de Londrina. Somos uma Empresa em fase de consolida\u00e7\u00e3o e crescimento respons\u00e1veis por diversas atividades no CEFE, na UEL e em Londrina-PR. A MOTUS proporciona projetos de servi\u00e7os e produtos da \u00e1rea da Educa\u00e7\u00e3o F\u00edsica como meio de forma\u00e7\u00e3o de recursos humanos de alunos do curso de Educa\u00e7\u00e3o F\u00edsica que desejam desenvolver o empreendedorismo ou vivenciar pr\u00e1ticas relacionadas \u00e0 atua\u00e7\u00e3o na \u00e1rea de Educa\u00e7\u00e3o F\u00edsica voltada \u00e0 sa\u00fade, \u00e0 educa\u00e7\u00e3o, ao esporte e ao lazer.<\/p>\n\n\n\n<p>Dentre as atividades desenvolvidas em nosso Portf\u00f3lio, destacam-se: <\/p>\n\n\n\n<ul class=\"wp-block-list\">\n<li>Organiza\u00e7\u00e3o da Semana da Educa\u00e7\u00e3o F\u00edsica e do Esporte, <\/li>\n\n\n\n<li>Semana de Recep\u00e7\u00e3o dos Calouros, <\/li>\n\n\n\n<li>Feira de Profiss\u00f5es da UEL, <\/li>\n\n\n\n<li>Col\u00f4nia de F\u00e9rias UEL\/MOTUS, <\/li>\n\n\n\n<li>CEFIFA (torneio de E-Sports), <\/li>\n\n\n\n<li>Show do Intervalo (torneio inter-classes do CEFE), <\/li>\n\n\n\n<li>Recrea\u00e7\u00e3o em Anivers\u00e1rios, <\/li>\n\n\n\n<li>Organiza\u00e7\u00e3o de Eventos Esportivos (torneios externos \u00e0 UEL), <\/li>\n\n\n\n<li>Capacita\u00e7\u00e3o de Empres\u00e1rios Juniores (treinamentos e cursos de capacita\u00e7\u00e3o), <\/li>\n\n\n\n<li>Organiza\u00e7\u00e3o de Palestras, Cursos e Oficinas (da \u00e1rea de Educa\u00e7\u00e3o F\u00edsica e afins), entre outros.<\/li>\n<\/ul>\n\n\n\n<p>Conhe\u00e7a a <strong>MOTUS<\/strong>:<\/p>\n\n\n\n<div class=\"wp-block-columns is-layout-flex wp-container-core-columns-is-layout-9d6595d7 wp-block-columns-is-layout-flex\">\n<div class=\"wp-block-column is-layout-flow wp-block-column-is-layout-flow\">\n<div class=\"wp-block-buttons is-content-justification-center is-layout-flex wp-container-core-buttons-is-layout-16018d1d wp-block-buttons-is-layout-flex\">\n<div class=\"wp-block-button\"><a class=\"wp-block-button__link has-primary-accent-background-color has-background wp-element-button\" href=\"https:\/\/motusej.wixsite.com\/motus\/\">Site Motus<\/a><\/div>\n<\/div>\n<\/div>\n\n\n\n<div class=\"wp-block-column is-layout-flow wp-block-column-is-layout-flow\">\n<div class=\"wp-block-buttons is-content-justification-center is-layout-flex wp-container-core-buttons-is-layout-16018d1d wp-block-buttons-is-layout-flex\">\n<div class=\"wp-block-button\"><a class=\"wp-block-button__link has-primary-accent-background-color has-background wp-element-button\" href=\"https:\/\/www.instagram.com\/motus.ej\/\">Instagran Motus<\/a><\/div>\n<\/div>\n<\/div>\n<\/div>\n\n\n\n<p><\/p>\n\n\n\n<p><\/p>\n\n\n\n<p><\/p>\n\n\n\n<p><\/p>\n\n\n\n<p><\/p>\n\n\n\n<p><\/p>\n\n\n\n<p><\/p>\n","protected":false},"excerpt":{"rendered":"<p>A MOTUS \u00e9 a Empresa J\u00fanior do curso de Educa\u00e7\u00e3o F\u00edsica da Universidade Estadual de Londrina. Somos uma Empresa em fase de consolida\u00e7\u00e3o e crescimento respons\u00e1veis por diversas atividades no CEFE, na UEL e em Londrina-PR. A MOTUS proporciona projetos de servi\u00e7os e produtos da \u00e1rea da Educa\u00e7\u00e3o F\u00edsica como meio de forma\u00e7\u00e3o de recursos [&hellip;]<\/p>\n","protected":false},"author":6,"featured_media":0,"parent":0,"menu_order":0,"comment_status":"closed","ping_status":"closed","template":"","meta":{"_acf_changed":false,"footnotes":""},"class_list":["post-143","page","type-page","status-publish","hentry"],"acf":[],"_links":{"self":[{"href":"https:\/\/graduacao.uel.br\/educacao-fisica\/wp-json\/wp\/v2\/pages\/143","targetHints":{"allow":["GET"]}}],"collection":[{"href":"https:\/\/graduacao.uel.br\/educacao-fisica\/wp-json\/wp\/v2\/pages"}],"about":[{"href":"https:\/\/graduacao.uel.br\/educacao-fisica\/wp-json\/wp\/v2\/types\/page"}],"author":[{"embeddable":true,"href":"https:\/\/graduacao.uel.br\/educacao-fisica\/wp-json\/wp\/v2\/users\/6"}],"replies":[{"embeddable":true,"href":"https:\/\/graduacao.uel.br\/educacao-fisica\/wp-json\/wp\/v2\/comments?post=143"}],"version-history":[{"count":8,"href":"https:\/\/graduacao.uel.br\/educacao-fisica\/wp-json\/wp\/v2\/pages\/143\/revisions"}],"predecessor-version":[{"id":159,"href":"https:\/\/graduacao.uel.br\/educacao-fisica\/wp-json\/wp\/v2\/pages\/143\/revisions\/159"}],"wp:attachment":[{"href":"https:\/\/graduacao.uel.br\/educacao-fisica\/wp-json\/wp\/v2\/media?parent=143"}],"curies":[{"name":"wp","href":"https:\/\/api.w.org\/{rel}","templated":true}]}}