{"id":18,"date":"2024-03-11T16:10:05","date_gmt":"2024-03-11T19:10:05","guid":{"rendered":"https:\/\/graduacao.uel.br\/educacao-fisica\/?page_id=18"},"modified":"2025-01-22T13:35:20","modified_gmt":"2025-01-22T16:35:20","slug":"o-curso","status":"publish","type":"page","link":"https:\/\/graduacao.uel.br\/educacao-fisica\/o-curso\/","title":{"rendered":"O curso"},"content":{"rendered":"\n<p>Formar profissionais com habilidades, conhecimentos e atitudes necess\u00e1rias para analisar criticamente a realidade social e intervir nas manifesta\u00e7\u00f5es culturais do movimento humano, no contexto escolar e n\u00e3o escolar considerando a diversidade cultural brasileira, acessibilidade, educa\u00e7\u00e3o ambiental, direitos humanos e grupos especiais.<\/p>\n\n\n\n<p><strong>Objetivos espec\u00edficos para forma\u00e7\u00e3o em Bacharelado:<\/strong><\/p>\n\n\n\n<p>O perfil do egresso da forma\u00e7\u00e3o espec\u00edfica Bacharelado, foi idealizado a forma\u00e7\u00e3o de um profissional generalista, humanista, \u00e9tico e cr\u00edtico, que pudesse ser qualificador de uma interven\u00e7\u00e3o fundamentada nos diversos campos de atua\u00e7\u00e3o fora do contexto escolar.<\/p>\n\n\n\n<p>A forma\u00e7\u00e3o espec\u00edfica est\u00e1 inserida na \u00e1rea do lazer, esporte e sa\u00fade. <\/p>\n\n\n\n<p>Demonstrar a necessidade da forma\u00e7\u00e3o continuada, necess\u00e1rios \u00e0 sua atua\u00e7\u00e3o, elabora\u00e7\u00e3o e desenvolvimento de produtos e processos tecnol\u00f3gicos. <\/p>\n\n\n\n<p>Desenvolver e aplicar diferentes t\u00e9cnicas, instrumentos, equipamentos, procedimentos e metodologias para a produ\u00e7\u00e3o e a interven\u00e7\u00e3o nos campos da preven\u00e7\u00e3o, promo\u00e7\u00e3o, prote\u00e7\u00e3o e reabilita\u00e7\u00e3o da sa\u00fade, forma\u00e7\u00e3o cultural, educa\u00e7\u00e3o e reeduca\u00e7\u00e3o motora, rendimento f\u00edsico-esportivo, lazer, gest\u00e3o de empreendimentos relacionados \u00e0s atividades f\u00edsicas, recreativas e esportivas;<\/p>\n\n\n\n<p><\/p>\n\n\n\n<p><strong>Objetivos espec\u00edficos para forma\u00e7\u00e3o em Licenciatura:<\/strong><\/p>\n\n\n\n<p>O perfil do egresso da forma\u00e7\u00e3o espec\u00edfica Licenciatura, foi idealizado a forma\u00e7\u00e3o de um profissional docente cr\u00edtico, com perspectivas emancipat\u00f3rias, e vinculado \u00e0 \u00e1rea das Ci\u00eancias Humanas, mais especificamente no campo da Educa\u00e7\u00e3o, amparado pela inten\u00e7\u00e3o de edifica\u00e7\u00e3o de uma pr\u00e1tica pedag\u00f3gica aut\u00f4noma e cr\u00edtica que objetiva a emancipa\u00e7\u00e3o humana.<\/p>\n\n\n\n<p>Apropriar e produzir conhecimentos necess\u00e1rios \u00e0 a\u00e7\u00e3o docente e \u00e0 transposi\u00e7\u00e3o na pr\u00e1tica pedag\u00f3gica da Educa\u00e7\u00e3o F\u00edsica, demonstrar um conjunto de compet\u00eancias espec\u00edficas para o planejamento, dire\u00e7\u00e3o, orienta\u00e7\u00e3o e avalia\u00e7\u00e3o das a\u00e7\u00f5es na doc\u00eancia.<\/p>\n\n\n\n<p>Reconhecer que a constru\u00e7\u00e3o das pr\u00e1ticas sociais de que trata o ensino da Educa\u00e7\u00e3o F\u00edsica acontece na din\u00e2mica social e hist\u00f3rica problematizando suas estruturas e produzindo alternativas de transforma\u00e7\u00e3o.<\/p>\n\n\n\n<p>Demonstrar a necessidade da forma\u00e7\u00e3o continuada, atualizando os saberes necess\u00e1rios \u00e0 sua atua\u00e7\u00e3o docente<strong>.<\/strong><\/p>\n\n\n\n<p><\/p>\n\n\n\n<p><strong>Conhe\u00e7a um pouco mais sobre o Curso de Educa\u00e7\u00e3o F\u00edsica da UEL:<\/strong><\/p>\n\n\n\n<div class=\"wp-block-columns is-layout-flex wp-container-core-columns-is-layout-9d6595d7 wp-block-columns-is-layout-flex\">\n<div class=\"wp-block-column is-layout-flow wp-block-column-is-layout-flow\" style=\"flex-basis:66.66%\">\n<figure class=\"wp-block-embed is-type-video is-provider-youtube wp-block-embed-youtube wp-embed-aspect-16-9 wp-has-aspect-ratio\"><div class=\"wp-block-embed__wrapper\">\n<iframe loading=\"lazy\" title=\"Educa\u00e7\u00e3o F\u00edsica - Cursos de A a Z\" width=\"640\" height=\"360\" src=\"https:\/\/www.youtube.com\/embed\/Tp4HF7711Jo?list=PLViP9rEFf1TMNC7bufHvtjh2ljFXM1hgz\" frameborder=\"0\" allow=\"accelerometer; autoplay; clipboard-write; encrypted-media; gyroscope; picture-in-picture; web-share\" referrerpolicy=\"strict-origin-when-cross-origin\" allowfullscreen><\/iframe>\n<\/div><\/figure>\n<\/div>\n\n\n\n<div class=\"wp-block-column is-layout-flow wp-block-column-is-layout-flow\" style=\"flex-basis:33.33%\">\n<p>A Educa\u00e7\u00e3o F\u00edsica, como \u00e1rea de conhecimento do ensino superior, apropria-se de m\u00e9todos e referenciais te\u00f3ricos de outras \u00e1reas, a fim de produzir saberes importantes para a interven\u00e7\u00e3o de seus profissionais ou para o pr\u00f3prio desenvolvimento do conhecimento cient\u00edfico da \u00e1rea.<\/p>\n\n\n\n<p>O Curso de Educa\u00e7\u00e3o F\u00edsica da UEL, oferece uma forma\u00e7\u00e3o s\u00f3lida e inovadora, unindo ci\u00eancia, pr\u00e1tica e paix\u00e3o pelo movimento humano, preparando profissionais para promover sa\u00fade, bem-estar e desempenho em diferentes contextos sociais e esportivos.<\/p>\n<\/div>\n<\/div>\n\n\n\n<p><\/p>\n","protected":false},"excerpt":{"rendered":"<p>Formar profissionais com habilidades, conhecimentos e atitudes necess\u00e1rias para analisar criticamente a realidade social e intervir nas manifesta\u00e7\u00f5es culturais do movimento humano, no contexto escolar e n\u00e3o escolar considerando a diversidade cultural brasileira, acessibilidade, educa\u00e7\u00e3o ambiental, direitos humanos e grupos especiais. Objetivos espec\u00edficos para forma\u00e7\u00e3o em Bacharelado: O perfil do egresso da forma\u00e7\u00e3o espec\u00edfica Bacharelado, [&hellip;]<\/p>\n","protected":false},"author":6,"featured_media":0,"parent":0,"menu_order":0,"comment_status":"closed","ping_status":"closed","template":"","meta":{"_acf_changed":false,"footnotes":""},"class_list":["post-18","page","type-page","status-publish","hentry"],"acf":[],"_links":{"self":[{"href":"https:\/\/graduacao.uel.br\/educacao-fisica\/wp-json\/wp\/v2\/pages\/18","targetHints":{"allow":["GET"]}}],"collection":[{"href":"https:\/\/graduacao.uel.br\/educacao-fisica\/wp-json\/wp\/v2\/pages"}],"about":[{"href":"https:\/\/graduacao.uel.br\/educacao-fisica\/wp-json\/wp\/v2\/types\/page"}],"author":[{"embeddable":true,"href":"https:\/\/graduacao.uel.br\/educacao-fisica\/wp-json\/wp\/v2\/users\/6"}],"replies":[{"embeddable":true,"href":"https:\/\/graduacao.uel.br\/educacao-fisica\/wp-json\/wp\/v2\/comments?post=18"}],"version-history":[{"count":18,"href":"https:\/\/graduacao.uel.br\/educacao-fisica\/wp-json\/wp\/v2\/pages\/18\/revisions"}],"predecessor-version":[{"id":489,"href":"https:\/\/graduacao.uel.br\/educacao-fisica\/wp-json\/wp\/v2\/pages\/18\/revisions\/489"}],"wp:attachment":[{"href":"https:\/\/graduacao.uel.br\/educacao-fisica\/wp-json\/wp\/v2\/media?parent=18"}],"curies":[{"name":"wp","href":"https:\/\/api.w.org\/{rel}","templated":true}]}}