{"id":41,"date":"2024-03-11T16:17:55","date_gmt":"2024-03-11T19:17:55","guid":{"rendered":"https:\/\/graduacao.uel.br\/educacao-fisica\/?page_id=41"},"modified":"2025-02-13T11:27:49","modified_gmt":"2025-02-13T14:27:49","slug":"eventos","status":"publish","type":"page","link":"https:\/\/graduacao.uel.br\/educacao-fisica\/eventos\/","title":{"rendered":"Eventos"},"content":{"rendered":"\n<p>Conhe\u00e7a os Eventos que est\u00e3o acontecendo na Uel e os que est\u00e3o para acontecer:<\/p>\n\n\n\n<div class=\"wp-block-pb-accordion-item c-accordion__item js-accordion-item no-js\" data-initially-open=\"false\" data-click-to-close=\"true\" data-auto-close=\"true\" data-scroll=\"false\" data-scroll-offset=\"0\"><h2 id=\"at-410\" class=\"c-accordion__title js-accordion-controller\" role=\"button\">2023<\/h2><div id=\"ac-410\" class=\"c-accordion__content\">\n<p><strong>CONFEP &#8211; 11\u00ba Congresso Norte Paranaense de Educa\u00e7\u00e3o F\u00edsica Escolar<br><\/strong>6\u00ba Congresso Nacional de Forma\u00e7\u00e3o de Professores de Educa\u00e7\u00e3o F\u00edsica<br>De 9 a 12 de Maio de 2023, para maiores informa\u00e7\u00f5es clique no<strong> <a href=\"https:\/\/www.uel.br\/eventos\/conpef\/portal\/pages\/programacao-oficial---conpef-2023.php\">link<\/a><\/strong>.<\/p>\n\n\n\n<p><strong>CONBRAMENE &#8211; Congresso Brasileiro de Metabolismo, Nutri\u00e7\u00e3o e Exerc\u00edcio<br><\/strong>De 17 a 20 de Maio de 2023, para maiores informa\u00e7\u00f5es clique no <strong><a href=\"https:\/\/conbramene.com.br\/#modal\">link<\/a><\/strong>.<\/p>\n<\/div><\/div>\n\n\n\n<div class=\"wp-block-pb-accordion-item c-accordion__item js-accordion-item no-js\" data-initially-open=\"false\" data-click-to-close=\"true\" data-auto-close=\"true\" data-scroll=\"false\" data-scroll-offset=\"0\"><h2 id=\"at-411\" class=\"c-accordion__title js-accordion-controller\" role=\"button\">2025<\/h2><div id=\"ac-411\" class=\"c-accordion__content\">\n<p><strong><strong>Simp\u00f3sio de Atividade F\u00edsica na Aten\u00e7\u00e3o \u00e0 Sa\u00fade<\/strong><br><\/strong>11 de abril de 2025. Para mais informa\u00e7\u00f5es e inscri\u00e7\u00e3o, acesse o <a href=\"https:\/\/www.sistemasweb.uel.br\/index.php?contents=system\/insc\/index.php&amp;pagina=view\/inscricoes\/seleciona_evento.php&amp;cod_evento=9760\" data-type=\"link\" data-id=\"https:\/\/www.sistemasweb.uel.br\/index.php?contents=system\/insc\/index.php&amp;pagina=view\/inscricoes\/seleciona_evento.php&amp;cod_evento=9760\"><strong>link<\/strong><\/a>.<\/p>\n\n\n\n<div class=\"wp-block-columns is-layout-flex wp-container-core-columns-is-layout-9d6595d7 wp-block-columns-is-layout-flex\">\n<div class=\"wp-block-column is-layout-flow wp-block-column-is-layout-flow\">\n<figure class=\"wp-block-image size-large is-resized\"><img loading=\"lazy\" decoding=\"async\" width=\"724\" height=\"1024\" src=\"https:\/\/graduacao.uel.br\/educacao-fisica\/wp-content\/uploads\/2025\/02\/folder-724x1024.jpeg\" alt=\"\" class=\"wp-image-507\" style=\"width:390px;height:auto\" srcset=\"https:\/\/graduacao.uel.br\/educacao-fisica\/wp-content\/uploads\/2025\/02\/folder-724x1024.jpeg 724w, https:\/\/graduacao.uel.br\/educacao-fisica\/wp-content\/uploads\/2025\/02\/folder-212x300.jpeg 212w, https:\/\/graduacao.uel.br\/educacao-fisica\/wp-content\/uploads\/2025\/02\/folder-768x1086.jpeg 768w, https:\/\/graduacao.uel.br\/educacao-fisica\/wp-content\/uploads\/2025\/02\/folder-1086x1536.jpeg 1086w, https:\/\/graduacao.uel.br\/educacao-fisica\/wp-content\/uploads\/2025\/02\/folder.jpeg 1131w\" sizes=\"auto, (max-width: 724px) 100vw, 724px\" \/><\/figure>\n<\/div>\n\n\n\n<div class=\"wp-block-column is-layout-flow wp-block-column-is-layout-flow\">\n<p><strong>Objetivo:\u00a0<\/strong>Promover a integra\u00e7\u00e3o entre profissionais de sa\u00fade e acad\u00eamicos no campo da Educa\u00e7\u00e3o F\u00edsica, com foco nas pr\u00e1ticas que envolvem a promo\u00e7\u00e3o de sa\u00fade e o cuidado em diversos n\u00edveis de aten\u00e7\u00e3o \u00e0 sa\u00fade.<\/p>\n<\/div>\n<\/div>\n<\/div><\/div>\n\n\n\n<div class=\"wp-block-columns is-layout-flex wp-container-core-columns-is-layout-9d6595d7 wp-block-columns-is-layout-flex\">\n<div class=\"wp-block-column is-layout-flow wp-block-column-is-layout-flow\">\n<p class=\"has-text-align-left\"><\/p>\n<\/div>\n<\/div>\n\n\n\n<p class=\"has-primary-accent-color has-text-color has-link-color has-medium-font-size wp-elements-88fe800876dcb0dc8575e963d210fc36\"><strong>Eventos diversos na UEL<\/strong><\/p>\n\n\n\n                <div class=\"feed-noticias-perobal alm-listing alm-ajax alm-has-transition\" id=\"feed-noticias-perobal-evento\"><a class=\"noticia-feed d-flex flex-column flex-md-row align-items-start\" href=\"https:\/\/operobal.uel.br\/comunidade\/2026\/04\/10\/uel-celebra-a-presenca-indigena-com-eventos-dedicados-aos-saberes-tradicionais-artes-ciencia-e-conscientizacao\/\">\n                                                    <img decoding=\"async\" class=\"lazy entered loaded\" src=\"https:\/\/operobal.uel.br\/wp-content\/uploads\/2026\/04\/f29222ea-5d93-4d19-9084-d06cca1adad6.jpeg\"\/>    \n                                                    <article class=\"ml-0 ml-md-4 corpo-noticia-feed\">\n                                                        <p class=\"antetitulo mb-0\">Abril Ind\u00edgena<\/p>\n                                                        <p class=\"titulo mb-2\">UEL celebra presen\u00e7a ind\u00edgena com eventos dedicados aos saberes tradicionais, artes e ci\u00eancia<\/p>\n                                                        <p class=\"descricao\">O evento recorrente aproveita o m\u00eas do Dia dos Povos Ind\u00edgenas para celebrar a presen\u00e7a dos povos origin\u00e1rios na UEL.<\/p>\n                                                    <\/article>\n                                                <\/a><hr class=\"mt-4 mb-4 d-none d-md-block\"><a class=\"noticia-feed d-flex flex-column flex-md-row align-items-start\" href=\"https:\/\/operobal.uel.br\/clch\/2026\/04\/09\/escrita-criativa-e-tema-de-encontro-com-oficinas-e-palestras\/\">\n                                                    <img decoding=\"async\" class=\"lazy entered loaded\" src=\"https:\/\/operobal.uel.br\/wp-content\/uploads\/2026\/04\/fotografierende-write-4491459-scaled.jpg\"\/>    \n                                                    <article class=\"ml-0 ml-md-4 corpo-noticia-feed\">\n                                                        <p class=\"antetitulo mb-0\">Literatura<\/p>\n                                                        <p class=\"titulo mb-2\">Escrita Criativa \u00e9 tema de encontro com oficinas e palestras<\/p>\n                                                        <p class=\"descricao\">Comunidade interna e externa poder\u00e1 participar de palestras, bate-papos e oficinas com convidados sobre temas diversos.\n<\/p>\n                                                    <\/article>\n                                                <\/a><hr class=\"mt-4 mb-4 d-none d-md-block\"><a class=\"noticia-feed d-flex flex-column flex-md-row align-items-start\" href=\"https:\/\/operobal.uel.br\/ultimas\/2026\/04\/08\/evento-analisa-ligacoes-entre-meio-ambiente-e-tecnologia\/\">\n                                                    <img decoding=\"async\" class=\"lazy entered loaded\" src=\"https:\/\/operobal.uel.br\/wp-content\/uploads\/2026\/04\/brianpenny-ai-generated-8540921_1280.jpg\"\/>    \n                                                    <article class=\"ml-0 ml-md-4 corpo-noticia-feed\">\n                                                        <p class=\"antetitulo mb-0\">Direito Ambiental<\/p>\n                                                        <p class=\"titulo mb-2\">Evento analisa liga\u00e7\u00f5es entre meio ambiente e tecnologia<\/p>\n                                                        <p class=\"descricao\">Encontro on-line vai discutir temas como big techs, intelig\u00eancia artificial e meio ambiente digital.<\/p>\n                                                    <\/article>\n                                                <\/a><hr class=\"mt-4 mb-4 d-none d-md-block\"><a class=\"noticia-feed d-flex flex-column flex-md-row align-items-start\" href=\"https:\/\/operobal.uel.br\/cesa\/2026\/03\/24\/unati-abre-programacao-de-2026-com-palestra-sobre-saude-para-idosos\/\">\n                                                    <img decoding=\"async\" class=\"lazy entered loaded\" src=\"https:\/\/operobal.uel.br\/wp-content\/uploads\/2021\/08\/unati-uel-4.jpg\"\/>    \n                                                    <article class=\"ml-0 ml-md-4 corpo-noticia-feed\">\n                                                        <p class=\"antetitulo mb-0\">Terceira Idade<\/p>\n                                                        <p class=\"titulo mb-2\">Unati abre programa\u00e7\u00e3o de 2026 com palestra sobre sa\u00fade para idosos<\/p>\n                                                        <p class=\"descricao\">Evento gratuito marca in\u00edcio das atividades com palestras e homenagens a pessoas de refer\u00eancia na \u00e1rea do envelhecimento saud\u00e1vel.<\/p>\n                                                    <\/article>\n                                                <\/a><hr class=\"mt-4 mb-4 d-none d-md-block\"><a class=\"noticia-feed d-flex flex-column flex-md-row align-items-start\" href=\"https:\/\/operobal.uel.br\/ctu\/2026\/03\/23\/seminario-de-historia-da-cidade-e-urbanismo-esta-com-inscricoes-abertas-para-submissao-de-trabalhos\/\">\n                                                    <img decoding=\"async\" class=\"lazy entered loaded\" src=\"https:\/\/operobal.uel.br\/wp-content\/uploads\/2026\/03\/Seminario-de-Historia-da-Cidade-e-do-Urbanismo-SHCU.jpg\"\/>    \n                                                    <article class=\"ml-0 ml-md-4 corpo-noticia-feed\">\n                                                        <p class=\"antetitulo mb-0\">Semin\u00e1rio<\/p>\n                                                        <p class=\"titulo mb-2\">Semin\u00e1rio de Hist\u00f3ria da Cidade e Urbanismo est\u00e1 com inscri\u00e7\u00f5es abertas para submiss\u00e3o de trabalhos<\/p>\n                                                        <p class=\"descricao\">O evento \u00e9 uma parceria do Programa de P\u00f3s-Gradua\u00e7\u00e3o em Arquitetura e Urbanismo (PPU-UEM\/UEL)\n<\/p>\n                                                    <\/article>\n                                                <\/a><\/div><button id=\"feed-noticias-perobal-load-moreevento\" type=\"button\" class=\"feed-noticias-button\" data-endpoint=\"https:\/\/operobal.uel.br\/wp-json\/wp-perobal\/v1\/posts\/tags\/evento?numberposts=50\" data-ppp=\"5\" data-pages=\"5\">Leia mais<\/button>","protected":false},"excerpt":{"rendered":"<p>Conhe\u00e7a os Eventos que est\u00e3o acontecendo na Uel e os que est\u00e3o para acontecer: Eventos diversos na UEL<\/p>\n","protected":false},"author":6,"featured_media":433,"parent":0,"menu_order":0,"comment_status":"closed","ping_status":"closed","template":"","meta":{"_acf_changed":false,"footnotes":""},"class_list":["post-41","page","type-page","status-publish","has-post-thumbnail","hentry"],"acf":[],"_links":{"self":[{"href":"https:\/\/graduacao.uel.br\/educacao-fisica\/wp-json\/wp\/v2\/pages\/41","targetHints":{"allow":["GET"]}}],"collection":[{"href":"https:\/\/graduacao.uel.br\/educacao-fisica\/wp-json\/wp\/v2\/pages"}],"about":[{"href":"https:\/\/graduacao.uel.br\/educacao-fisica\/wp-json\/wp\/v2\/types\/page"}],"author":[{"embeddable":true,"href":"https:\/\/graduacao.uel.br\/educacao-fisica\/wp-json\/wp\/v2\/users\/6"}],"replies":[{"embeddable":true,"href":"https:\/\/graduacao.uel.br\/educacao-fisica\/wp-json\/wp\/v2\/comments?post=41"}],"version-history":[{"count":28,"href":"https:\/\/graduacao.uel.br\/educacao-fisica\/wp-json\/wp\/v2\/pages\/41\/revisions"}],"predecessor-version":[{"id":518,"href":"https:\/\/graduacao.uel.br\/educacao-fisica\/wp-json\/wp\/v2\/pages\/41\/revisions\/518"}],"wp:featuredmedia":[{"embeddable":true,"href":"https:\/\/graduacao.uel.br\/educacao-fisica\/wp-json\/wp\/v2\/media\/433"}],"wp:attachment":[{"href":"https:\/\/graduacao.uel.br\/educacao-fisica\/wp-json\/wp\/v2\/media?parent=41"}],"curies":[{"name":"wp","href":"https:\/\/api.w.org\/{rel}","templated":true}]}}