{"id":450,"date":"2024-07-05T14:29:03","date_gmt":"2024-07-05T17:29:03","guid":{"rendered":"https:\/\/graduacao.uel.br\/educacao-fisica\/?page_id=450"},"modified":"2024-07-05T15:20:13","modified_gmt":"2024-07-05T18:20:13","slug":"tcc","status":"publish","type":"page","link":"https:\/\/graduacao.uel.br\/educacao-fisica\/tcc\/","title":{"rendered":"TCC"},"content":{"rendered":"\n<p>O TCC dever\u00e1 ser elaborado no formato de um artigo acad\u00eamico-cient\u00edfico.<\/p>\n\n\n\n<p>O TCC dever\u00e1 focalizar um tema dentre as possibilidades de tem\u00e1ticas vinculadas \u00e0 linha de pesquisa do respectivo orientador e em conson\u00e2ncia com os objetivos do curso de Educa\u00e7\u00e3o F\u00edsica.<\/p>\n\n\n\n<p>\u00c9 uma atividade essencial e obrigat\u00f3ria para a conclus\u00e3o do curso de Educa\u00e7\u00e3o F\u00edsica e dever\u00e1 ser desenvolvido individualmente pelo estudante em atividades acad\u00eamicas especiais.<\/p>\n\n\n\n<div class=\"wp-block-buttons is-content-justification-center is-layout-flex wp-container-core-buttons-is-layout-16018d1d wp-block-buttons-is-layout-flex\">\n<div class=\"wp-block-button\"><a class=\"wp-block-button__link has-primary-accent-background-color has-background wp-element-button\" href=\"https:\/\/sites.uel.br\/prograd\/wp-content\/uploads\/documentos\/deliberacoes\/2021\/deliberacao_12_21.pdf\">Delibera\u00e7\u00e3o TCC<\/a><\/div>\n<\/div>\n","protected":false},"excerpt":{"rendered":"<p>O TCC dever\u00e1 ser elaborado no formato de um artigo acad\u00eamico-cient\u00edfico. O TCC dever\u00e1 focalizar um tema dentre as possibilidades de tem\u00e1ticas vinculadas \u00e0 linha de pesquisa do respectivo orientador e em conson\u00e2ncia com os objetivos do curso de Educa\u00e7\u00e3o F\u00edsica. \u00c9 uma atividade essencial e obrigat\u00f3ria para a conclus\u00e3o do curso de Educa\u00e7\u00e3o F\u00edsica [&hellip;]<\/p>\n","protected":false},"author":6,"featured_media":0,"parent":0,"menu_order":0,"comment_status":"closed","ping_status":"closed","template":"","meta":{"_acf_changed":false,"footnotes":""},"class_list":["post-450","page","type-page","status-publish","hentry"],"acf":[],"_links":{"self":[{"href":"https:\/\/graduacao.uel.br\/educacao-fisica\/wp-json\/wp\/v2\/pages\/450","targetHints":{"allow":["GET"]}}],"collection":[{"href":"https:\/\/graduacao.uel.br\/educacao-fisica\/wp-json\/wp\/v2\/pages"}],"about":[{"href":"https:\/\/graduacao.uel.br\/educacao-fisica\/wp-json\/wp\/v2\/types\/page"}],"author":[{"embeddable":true,"href":"https:\/\/graduacao.uel.br\/educacao-fisica\/wp-json\/wp\/v2\/users\/6"}],"replies":[{"embeddable":true,"href":"https:\/\/graduacao.uel.br\/educacao-fisica\/wp-json\/wp\/v2\/comments?post=450"}],"version-history":[{"count":5,"href":"https:\/\/graduacao.uel.br\/educacao-fisica\/wp-json\/wp\/v2\/pages\/450\/revisions"}],"predecessor-version":[{"id":458,"href":"https:\/\/graduacao.uel.br\/educacao-fisica\/wp-json\/wp\/v2\/pages\/450\/revisions\/458"}],"wp:attachment":[{"href":"https:\/\/graduacao.uel.br\/educacao-fisica\/wp-json\/wp\/v2\/media?parent=450"}],"curies":[{"name":"wp","href":"https:\/\/api.w.org\/{rel}","templated":true}]}}