{"id":121,"date":"2023-10-23T14:56:50","date_gmt":"2023-10-23T17:56:50","guid":{"rendered":"https:\/\/graduacao.uel.br\/enfermagem\/?page_id=121"},"modified":"2023-12-01T17:56:48","modified_gmt":"2023-12-01T20:56:48","slug":"formularios","status":"publish","type":"page","link":"https:\/\/graduacao.uel.br\/enfermagem\/formularios\/","title":{"rendered":"Formul\u00e1rios"},"content":{"rendered":"\n<p><a href=\"https:\/\/sites.uel.br\/prograd\/estudante\/formularios\/\"><strong>Formul\u00e1rios<\/strong><\/a> e<strong> <a href=\"https:\/\/sites.uel.br\/prograd\/documentos\/\">Documentos<\/a><\/strong> referentes ao estudante de gradua\u00e7\u00e3o da UEL, encontram-se na sua totalidade no site da Pr\u00f3 Reitoria de Gradua\u00e7\u00e3o (PROGRAD) e espec\u00edficos no Portal do Estudante.<\/p>\n","protected":false},"excerpt":{"rendered":"<p>Formul\u00e1rios e Documentos referentes ao estudante de gradua\u00e7\u00e3o da UEL, encontram-se na sua totalidade no site da Pr\u00f3 Reitoria de Gradua\u00e7\u00e3o (PROGRAD) e espec\u00edficos no Portal do Estudante.<\/p>\n","protected":false},"author":7,"featured_media":0,"parent":0,"menu_order":0,"comment_status":"closed","ping_status":"closed","template":"","meta":{"_acf_changed":false,"footnotes":"[]"},"class_list":["post-121","page","type-page","status-publish","hentry"],"acf":[],"_links":{"self":[{"href":"https:\/\/graduacao.uel.br\/enfermagem\/wp-json\/wp\/v2\/pages\/121","targetHints":{"allow":["GET"]}}],"collection":[{"href":"https:\/\/graduacao.uel.br\/enfermagem\/wp-json\/wp\/v2\/pages"}],"about":[{"href":"https:\/\/graduacao.uel.br\/enfermagem\/wp-json\/wp\/v2\/types\/page"}],"author":[{"embeddable":true,"href":"https:\/\/graduacao.uel.br\/enfermagem\/wp-json\/wp\/v2\/users\/7"}],"replies":[{"embeddable":true,"href":"https:\/\/graduacao.uel.br\/enfermagem\/wp-json\/wp\/v2\/comments?post=121"}],"version-history":[{"count":8,"href":"https:\/\/graduacao.uel.br\/enfermagem\/wp-json\/wp\/v2\/pages\/121\/revisions"}],"predecessor-version":[{"id":670,"href":"https:\/\/graduacao.uel.br\/enfermagem\/wp-json\/wp\/v2\/pages\/121\/revisions\/670"}],"wp:attachment":[{"href":"https:\/\/graduacao.uel.br\/enfermagem\/wp-json\/wp\/v2\/media?parent=121"}],"curies":[{"name":"wp","href":"https:\/\/api.w.org\/{rel}","templated":true}]}}