{"id":125,"date":"2023-10-23T14:57:17","date_gmt":"2023-10-23T17:57:17","guid":{"rendered":"https:\/\/graduacao.uel.br\/enfermagem\/?page_id=125"},"modified":"2024-04-10T14:39:11","modified_gmt":"2024-04-10T17:39:11","slug":"logos","status":"publish","type":"page","link":"https:\/\/graduacao.uel.br\/enfermagem\/logos\/","title":{"rendered":"Links Importantes"},"content":{"rendered":"\n<p>Logomarcas oficiais para divulga\u00e7\u00e3o em trabalhos cient\u00edficos. <\/p>\n\n\n\n<p>Ao representar o Departamento de Enfermagem, utilize a logomarca abaixo:<\/p>\n\n\n\n<figure class=\"wp-block-image size-full\"><img loading=\"lazy\" decoding=\"async\" width=\"640\" height=\"449\" src=\"https:\/\/graduacao.uel.br\/enfermagem\/wp-content\/uploads\/2023\/10\/1_Logo_Enferm__Oficial.jpg\" alt=\"\" class=\"wp-image-143\" srcset=\"https:\/\/graduacao.uel.br\/enfermagem\/wp-content\/uploads\/2023\/10\/1_Logo_Enferm__Oficial.jpg 640w, https:\/\/graduacao.uel.br\/enfermagem\/wp-content\/uploads\/2023\/10\/1_Logo_Enferm__Oficial-300x210.jpg 300w\" sizes=\"auto, (max-width: 640px) 100vw, 640px\" \/><\/figure>\n\n\n\n<p><\/p>\n\n\n\n<p class=\"has-medium-font-size\"><strong>Manual de Identidade Visual da UEL<\/strong><\/p>\n\n\n\n<p>Ao representar a Universidade Estadual de Londrina, utilize a <a href=\"https:\/\/portal.uel.br\/conheca-a-uel\/pages\/marca-e-logotipo.php\" target=\"_blank\" rel=\"noreferrer noopener\">logomarca da UEL<\/a>, conforme manual abaixo:<\/p>\n\n\n\n<div data-wp-interactive=\"core\/file\" class=\"wp-block-file\"><object data-wp-bind--hidden=\"!state.hasPdfPreview\" hidden class=\"wp-block-file__embed\" data=\"https:\/\/graduacao.uel.br\/enfermagem\/wp-content\/uploads\/2023\/11\/MANUAL_DE_IDENTIDADE_UEL_-_2019.pdf\" type=\"application\/pdf\" style=\"width:100%;height:600px\" aria-label=\"Incorporado de MANUAL_DE_IDENTIDADE_UEL_-_2019.\"><\/object><a id=\"wp-block-file--media-8d1bbcb5-3230-434e-a377-2a5b0e3ed0e7\" href=\"https:\/\/graduacao.uel.br\/enfermagem\/wp-content\/uploads\/2023\/11\/MANUAL_DE_IDENTIDADE_UEL_-_2019.pdf\">MANUAL_DE_IDENTIDADE_UEL_-_2019<\/a><a href=\"https:\/\/graduacao.uel.br\/enfermagem\/wp-content\/uploads\/2023\/11\/MANUAL_DE_IDENTIDADE_UEL_-_2019.pdf\" class=\"wp-block-file__button wp-element-button\" download aria-describedby=\"wp-block-file--media-8d1bbcb5-3230-434e-a377-2a5b0e3ed0e7\">Baixar<\/a><\/div>\n","protected":false},"excerpt":{"rendered":"<p>Logomarcas oficiais para divulga\u00e7\u00e3o em trabalhos cient\u00edficos. Ao representar o Departamento de Enfermagem, utilize a logomarca abaixo: Manual de Identidade Visual da UEL Ao representar a Universidade Estadual de Londrina, utilize a logomarca da UEL, conforme manual abaixo:<\/p>\n","protected":false},"author":7,"featured_media":0,"parent":0,"menu_order":0,"comment_status":"closed","ping_status":"closed","template":"","meta":{"_acf_changed":false,"footnotes":""},"class_list":["post-125","page","type-page","status-publish","hentry"],"acf":[],"_links":{"self":[{"href":"https:\/\/graduacao.uel.br\/enfermagem\/wp-json\/wp\/v2\/pages\/125","targetHints":{"allow":["GET"]}}],"collection":[{"href":"https:\/\/graduacao.uel.br\/enfermagem\/wp-json\/wp\/v2\/pages"}],"about":[{"href":"https:\/\/graduacao.uel.br\/enfermagem\/wp-json\/wp\/v2\/types\/page"}],"author":[{"embeddable":true,"href":"https:\/\/graduacao.uel.br\/enfermagem\/wp-json\/wp\/v2\/users\/7"}],"replies":[{"embeddable":true,"href":"https:\/\/graduacao.uel.br\/enfermagem\/wp-json\/wp\/v2\/comments?post=125"}],"version-history":[{"count":8,"href":"https:\/\/graduacao.uel.br\/enfermagem\/wp-json\/wp\/v2\/pages\/125\/revisions"}],"predecessor-version":[{"id":888,"href":"https:\/\/graduacao.uel.br\/enfermagem\/wp-json\/wp\/v2\/pages\/125\/revisions\/888"}],"wp:attachment":[{"href":"https:\/\/graduacao.uel.br\/enfermagem\/wp-json\/wp\/v2\/media?parent=125"}],"curies":[{"name":"wp","href":"https:\/\/api.w.org\/{rel}","templated":true}]}}