{"id":165,"date":"2023-10-24T14:26:55","date_gmt":"2023-10-24T17:26:55","guid":{"rendered":"https:\/\/graduacao.uel.br\/enfermagem\/?page_id=165"},"modified":"2023-12-01T16:48:12","modified_gmt":"2023-12-01T19:48:12","slug":"especializacao","status":"publish","type":"page","link":"https:\/\/graduacao.uel.br\/enfermagem\/especializacao\/","title":{"rendered":"Especializa\u00e7\u00e3o"},"content":{"rendered":"\n<p>Ap\u00f3s a conclus\u00e3o do curso de gradua\u00e7\u00e3o, os novos profissionais podem seguir para um n\u00edvel mais avan\u00e7ado de ensino, chamado p\u00f3s-gradua\u00e7\u00e3o. \u00c9 uma oportunidade para aprofundar os conhecimentos em uma \u00e1rea espec\u00edfica de estudo ou se especializar em uma determinada disciplina.<\/p>\n\n\n\n<p>Na modalidade Lato Sensu est\u00e3o cursos de especializa\u00e7\u00e3o, como MBA (Master of Business Administration), que s\u00e3o mais pr\u00e1ticos e voltados para o mercado de trabalho.<\/p>\n\n\n\n<p>Confira os <strong><a href=\"https:\/\/sites.uel.br\/proppg\/especializacao\/\">cursos<\/a><\/strong> de Especializa\u00e7\u00e3o Lato Senso ofertados pela UEL.<\/p>\n\n\n\n<p><\/p>\n","protected":false},"excerpt":{"rendered":"<p>Ap\u00f3s a conclus\u00e3o do curso de gradua\u00e7\u00e3o, os novos profissionais podem seguir para um n\u00edvel mais avan\u00e7ado de ensino, chamado p\u00f3s-gradua\u00e7\u00e3o. \u00c9 uma oportunidade para aprofundar os conhecimentos em uma \u00e1rea espec\u00edfica de estudo ou se especializar em uma determinada disciplina. Na modalidade Lato Sensu est\u00e3o cursos de especializa\u00e7\u00e3o, como MBA (Master of Business Administration), [&hellip;]<\/p>\n","protected":false},"author":7,"featured_media":0,"parent":0,"menu_order":0,"comment_status":"closed","ping_status":"closed","template":"","meta":{"_acf_changed":false,"footnotes":""},"class_list":["post-165","page","type-page","status-publish","hentry"],"acf":[],"_links":{"self":[{"href":"https:\/\/graduacao.uel.br\/enfermagem\/wp-json\/wp\/v2\/pages\/165","targetHints":{"allow":["GET"]}}],"collection":[{"href":"https:\/\/graduacao.uel.br\/enfermagem\/wp-json\/wp\/v2\/pages"}],"about":[{"href":"https:\/\/graduacao.uel.br\/enfermagem\/wp-json\/wp\/v2\/types\/page"}],"author":[{"embeddable":true,"href":"https:\/\/graduacao.uel.br\/enfermagem\/wp-json\/wp\/v2\/users\/7"}],"replies":[{"embeddable":true,"href":"https:\/\/graduacao.uel.br\/enfermagem\/wp-json\/wp\/v2\/comments?post=165"}],"version-history":[{"count":11,"href":"https:\/\/graduacao.uel.br\/enfermagem\/wp-json\/wp\/v2\/pages\/165\/revisions"}],"predecessor-version":[{"id":653,"href":"https:\/\/graduacao.uel.br\/enfermagem\/wp-json\/wp\/v2\/pages\/165\/revisions\/653"}],"wp:attachment":[{"href":"https:\/\/graduacao.uel.br\/enfermagem\/wp-json\/wp\/v2\/media?parent=165"}],"curies":[{"name":"wp","href":"https:\/\/api.w.org\/{rel}","templated":true}]}}