{"id":43,"date":"2023-10-20T10:18:43","date_gmt":"2023-10-20T13:18:43","guid":{"rendered":"https:\/\/graduacao.uel.br\/enfermagem\/?page_id=43"},"modified":"2024-05-17T15:10:34","modified_gmt":"2024-05-17T18:10:34","slug":"projeto-pedagogico","status":"publish","type":"page","link":"https:\/\/graduacao.uel.br\/enfermagem\/projeto-pedagogico\/","title":{"rendered":"Projeto Pedag\u00f3gico (PPC)"},"content":{"rendered":"\n<p>O Curso de Enfermagem da Universidade Estadual de Londrina (UEL) foi criado em 26 de outubro de 1971 pela Resolu\u00e7\u00e3o n\u00ba 53 e foi implantado em 18 de fevereiro de 1972. O Curso \u00e9 reconhecido pelo Decreto Federal n.\u00ba 78.520, de 30\/09\/76. Tem como objetivo formar enfermeiro(a) generalista, com responsabilidade social, para desenvolver e qualificar a\u00e7\u00f5es de cuidado e a compreens\u00e3o das rela\u00e7\u00f5es de trabalho em sa\u00fade e na sociedade, garantindo ao estudante o equil\u00edbrio entre o desenvolvimento das compet\u00eancias t\u00e9cnicas, cient\u00edficas e human\u00edsticas.<\/p>\n\n\n\n<p><\/p>\n\n\n\n<div class=\"wp-block-columns is-layout-flex wp-container-core-columns-is-layout-9d6595d7 wp-block-columns-is-layout-flex\">\n<div class=\"wp-block-column is-layout-flow wp-block-column-is-layout-flow\" style=\"flex-basis:66.66%\">\n<p>O Projeto Pedag\u00f3gico do Curso de Enfermagem da UEL est\u00e1 fundamentado nas Diretrizes Curriculares Nacionais do Curso de Gradua\u00e7\u00e3o em Enfermagem, e desde a implanta\u00e7\u00e3o do curso o projeto pedag\u00f3gico passou por v\u00e1rias reformas curriculares visando melhorar a qualidade do ensino e garantir forma\u00e7\u00e3o de profissionais para atuarem em diversas \u00e1reas da sa\u00fade. Em 2000 foi implantado o Curr\u00edculo integrado, o qual d\u00e1-se de forma a reunir conhecimentos a partir de uma ideia central com abordagem interdisciplinar.<\/p>\n\n\n\n<p>Para desenvolvimento do Curr\u00edculo Integrado no curso de Enfermagem, foi adotado o princ\u00edpio do curr\u00edculo em espiral, importante avan\u00e7o da proposta curricular que prop\u00f5e a organiza\u00e7\u00e3o do curso partindo do geral para o espec\u00edfico, em n\u00edveis de crescente complexidade e em sucessivas aproxima\u00e7\u00f5es conforme ilustrado na figura ao lado:<\/p>\n\n\n\n<p><\/p>\n\n\n\n<p><\/p>\n\n\n\n<div class=\"wp-block-buttons is-content-justification-center is-layout-flex wp-container-core-buttons-is-layout-16018d1d wp-block-buttons-is-layout-flex\">\n<div class=\"wp-block-button is-style-fill\"><a class=\"wp-block-button__link has-primary-accent-background-color has-background has-text-align-center wp-element-button\" href=\"http:\/\/sites.uel.br\/prograd\/graduacao\/projetos-pedagogicos\/projetos-pedagogicos-enfermagem\/\">Resolu\u00e7\u00f5es e Delibera\u00e7\u00f5es<\/a><\/div>\n<\/div>\n<\/div>\n\n\n\n<div class=\"wp-block-column is-layout-flow wp-block-column-is-layout-flow\" style=\"flex-basis:33.33%\">\n<figure class=\"wp-block-image size-full\"><img loading=\"lazy\" decoding=\"async\" width=\"317\" height=\"453\" src=\"https:\/\/graduacao.uel.br\/enfermagem\/wp-content\/uploads\/2023\/10\/Projeto_Pedagogico.jpg\" alt=\"\" class=\"wp-image-193\" srcset=\"https:\/\/graduacao.uel.br\/enfermagem\/wp-content\/uploads\/2023\/10\/Projeto_Pedagogico.jpg 317w, https:\/\/graduacao.uel.br\/enfermagem\/wp-content\/uploads\/2023\/10\/Projeto_Pedagogico-210x300.jpg 210w\" sizes=\"auto, (max-width: 317px) 100vw, 317px\" \/><\/figure>\n<\/div>\n<\/div>\n\n\n\n<div class=\"wp-block-pb-accordion-item c-accordion__item js-accordion-item no-js\" data-initially-open=\"false\" data-click-to-close=\"true\" data-auto-close=\"true\" data-scroll=\"false\" data-scroll-offset=\"0\"><h6 id=\"at-430\" class=\"c-accordion__title js-accordion-controller\" role=\"button\">DEPARTAMENTO<\/h6><div id=\"ac-430\" class=\"c-accordion__content\">\n<p>O Departamento, subunidade dos Centros de Estudos, constitui-se na menor estrutura de organiza\u00e7\u00e3o administrativa, did\u00e1tico cient\u00edfica e de lota\u00e7\u00e3o de pessoal.<br>No Departamento s\u00e3o reunidas atividades acad\u00eamicas afins e nele est\u00e3o integrados docentes e t\u00e9cnico administrativos para objetivos comuns. (Art. 122 do Regimento Geral da UEL).<\/p>\n\n\n\n<p><\/p>\n<\/div><\/div>\n\n\n\n<div class=\"wp-block-pb-accordion-item c-accordion__item js-accordion-item no-js\" data-initially-open=\"false\" data-click-to-close=\"true\" data-auto-close=\"true\" data-scroll=\"false\" data-scroll-offset=\"0\"><h6 id=\"at-431\" class=\"c-accordion__title js-accordion-controller\" role=\"button\">COLEGIADO<\/h6><div id=\"ac-431\" class=\"c-accordion__content\">\n<p class=\"has-text-align-left\">Os Colegiados de cursos de gradua\u00e7\u00e3o exercem a coordena\u00e7\u00e3o pedag\u00f3gica dos cursos e ser\u00e3o constitu\u00eddos por representantes docentes da \u00e1rea principal de conhecimento e da \u00e1rea b\u00e1sica e\/ou complementar de conhecimento, estudantes e servidores, na forma prevista nos \u00a72\u00ba e \u00a73\u00ba do Art. 27 do Estatuto da Universidade. (Art. alterado atrav\u00e9s da Resolu\u00e7\u00e3o CU 168\/2007).<\/p>\n<\/div><\/div>\n\n\n\n<div class=\"wp-block-pb-accordion-item c-accordion__item js-accordion-item no-js\" data-initially-open=\"false\" data-click-to-close=\"true\" data-auto-close=\"true\" data-scroll=\"false\" data-scroll-offset=\"0\"><h6 id=\"at-432\" class=\"c-accordion__title js-accordion-controller\" role=\"button\">N\u00daCLEO DOCENTE ESTRUTURANTE (NDE)<\/h6><div id=\"ac-432\" class=\"c-accordion__content\">\n<p class=\"has-text-align-left\">O NDE institui-se como parte da estrutura de gest\u00e3o acad\u00eamica do curso com atribui\u00e7\u00f5es consultivas, propositivas e de assessoria, acerca de mat\u00e9rias de natureza acad\u00eamica e pedag\u00f3gica, sendo correspons\u00e1vel pela elabora\u00e7\u00e3o, implementa\u00e7\u00e3o e consolida\u00e7\u00e3o do Projeto Pedag\u00f3gico do Curso (PPC), al\u00e9m de zelar pelo cumprimento das Diretrizes Curriculares Nacionais (DCNs). Tem como objetivos:<\/p>\n\n\n\n<p class=\"has-text-align-left\">1 &#8211; Levantar dificuldades na atua\u00e7\u00e3o do corpo docente do Curso;<\/p>\n\n\n\n<p class=\"has-text-align-left\">2 &#8211; Auxiliar na elabora\u00e7\u00e3o e no acompanhamento do PPC;<\/p>\n\n\n\n<p class=\"has-text-align-left\">3 &#8211; Propor programas ou outras formas de capacita\u00e7\u00e3o docente;<\/p>\n\n\n\n<p class=\"has-text-align-left\">4 &#8211; Acompanhar as avalia\u00e7\u00f5es do Curso definidas pelo Colegiado;<\/p>\n\n\n\n<p class=\"has-text-align-left\">5 &#8211; Analisar e propor modifica\u00e7\u00f5es, quando necess\u00e1rias;<\/p>\n\n\n\n<p class=\"has-text-align-left\">6 &#8211; Indicar formas de incentivo ao desenvolvimento de atividades de pesquisa;<\/p>\n\n\n\n<p class=\"has-text-align-left\">7 &#8211; Contribuir para a concretiza\u00e7\u00e3o do perfil profissional;<\/p>\n\n\n\n<p class=\"has-text-align-left\">8 &#8211; Zelar pelo cumprimento das DCNs aplic\u00e1veis ao Curso de Enfermagem.<\/p>\n<\/div><\/div>\n\n\n\n<p><\/p>\n\n\n\n<p><\/p>\n\n\n\n<p><\/p>\n","protected":false},"excerpt":{"rendered":"<p>O Curso de Enfermagem da Universidade Estadual de Londrina (UEL) foi criado em 26 de outubro de 1971 pela Resolu\u00e7\u00e3o n\u00ba 53 e foi implantado em 18 de fevereiro de 1972. O Curso \u00e9 reconhecido pelo Decreto Federal n.\u00ba 78.520, de 30\/09\/76. Tem como objetivo formar enfermeiro(a) generalista, com responsabilidade social, para desenvolver e qualificar [&hellip;]<\/p>\n","protected":false},"author":7,"featured_media":0,"parent":0,"menu_order":0,"comment_status":"closed","ping_status":"closed","template":"","meta":{"_acf_changed":false,"footnotes":""},"class_list":["post-43","page","type-page","status-publish","hentry"],"acf":[],"_links":{"self":[{"href":"https:\/\/graduacao.uel.br\/enfermagem\/wp-json\/wp\/v2\/pages\/43","targetHints":{"allow":["GET"]}}],"collection":[{"href":"https:\/\/graduacao.uel.br\/enfermagem\/wp-json\/wp\/v2\/pages"}],"about":[{"href":"https:\/\/graduacao.uel.br\/enfermagem\/wp-json\/wp\/v2\/types\/page"}],"author":[{"embeddable":true,"href":"https:\/\/graduacao.uel.br\/enfermagem\/wp-json\/wp\/v2\/users\/7"}],"replies":[{"embeddable":true,"href":"https:\/\/graduacao.uel.br\/enfermagem\/wp-json\/wp\/v2\/comments?post=43"}],"version-history":[{"count":22,"href":"https:\/\/graduacao.uel.br\/enfermagem\/wp-json\/wp\/v2\/pages\/43\/revisions"}],"predecessor-version":[{"id":979,"href":"https:\/\/graduacao.uel.br\/enfermagem\/wp-json\/wp\/v2\/pages\/43\/revisions\/979"}],"wp:attachment":[{"href":"https:\/\/graduacao.uel.br\/enfermagem\/wp-json\/wp\/v2\/media?parent=43"}],"curies":[{"name":"wp","href":"https:\/\/api.w.org\/{rel}","templated":true}]}}