{"id":646,"date":"2023-12-01T16:42:52","date_gmt":"2023-12-01T19:42:52","guid":{"rendered":"https:\/\/graduacao.uel.br\/enfermagem\/?page_id=646"},"modified":"2023-12-01T16:42:52","modified_gmt":"2023-12-01T19:42:52","slug":"mestrado-e-doutorado","status":"publish","type":"page","link":"https:\/\/graduacao.uel.br\/enfermagem\/mestrado-e-doutorado\/","title":{"rendered":"Mestrado e Doutorado"},"content":{"rendered":"\n<p>A p\u00f3s-gradua\u00e7\u00e3o \u00e9 um n\u00edvel mais avan\u00e7ado de ensino que segue a conclus\u00e3o de um curso de gradua\u00e7\u00e3o. \u00c9 uma oportunidade para os profissionais formados aprofundarem seus conhecimentos em uma \u00e1rea espec\u00edfica de estudo ou se especializarem em uma determinada disciplina. <\/p>\n\n\n\n<p>Existem v\u00e1rios tipos de cursos de p\u00f3s-gradua\u00e7\u00e3o, como a Stricto Senso, que inclui cursos de mestrado e doutorado, mais voltados para pesquisa e contribui\u00e7\u00f5es acad\u00eamicas.<\/p>\n\n\n\n<p>No <strong><a href=\"https:\/\/pos.uel.br\/ppenf\/\">site oficial<\/a> <\/strong>do Programa de P\u00f3s-Gradua\u00e7\u00e3o Stricto Senso em Enfermagem da Universidade Estadual de Londrina, est\u00e3o mais informa\u00e7\u00f5es sobre Mestrado e Doutorado e ainda documentos necess\u00e1rios para a realiza\u00e7\u00e3o do seu curso.<\/p>\n","protected":false},"excerpt":{"rendered":"<p>A p\u00f3s-gradua\u00e7\u00e3o \u00e9 um n\u00edvel mais avan\u00e7ado de ensino que segue a conclus\u00e3o de um curso de gradua\u00e7\u00e3o. \u00c9 uma oportunidade para os profissionais formados aprofundarem seus conhecimentos em uma \u00e1rea espec\u00edfica de estudo ou se especializarem em uma determinada disciplina. Existem v\u00e1rios tipos de cursos de p\u00f3s-gradua\u00e7\u00e3o, como a Stricto Senso, que inclui cursos [&hellip;]<\/p>\n","protected":false},"author":8,"featured_media":0,"parent":0,"menu_order":0,"comment_status":"closed","ping_status":"closed","template":"","meta":{"_acf_changed":false,"footnotes":""},"class_list":["post-646","page","type-page","status-publish","hentry"],"acf":[],"_links":{"self":[{"href":"https:\/\/graduacao.uel.br\/enfermagem\/wp-json\/wp\/v2\/pages\/646","targetHints":{"allow":["GET"]}}],"collection":[{"href":"https:\/\/graduacao.uel.br\/enfermagem\/wp-json\/wp\/v2\/pages"}],"about":[{"href":"https:\/\/graduacao.uel.br\/enfermagem\/wp-json\/wp\/v2\/types\/page"}],"author":[{"embeddable":true,"href":"https:\/\/graduacao.uel.br\/enfermagem\/wp-json\/wp\/v2\/users\/8"}],"replies":[{"embeddable":true,"href":"https:\/\/graduacao.uel.br\/enfermagem\/wp-json\/wp\/v2\/comments?post=646"}],"version-history":[{"count":2,"href":"https:\/\/graduacao.uel.br\/enfermagem\/wp-json\/wp\/v2\/pages\/646\/revisions"}],"predecessor-version":[{"id":651,"href":"https:\/\/graduacao.uel.br\/enfermagem\/wp-json\/wp\/v2\/pages\/646\/revisions\/651"}],"wp:attachment":[{"href":"https:\/\/graduacao.uel.br\/enfermagem\/wp-json\/wp\/v2\/media?parent=646"}],"curies":[{"name":"wp","href":"https:\/\/api.w.org\/{rel}","templated":true}]}}