{"id":686,"date":"2023-12-08T16:45:55","date_gmt":"2023-12-08T19:45:55","guid":{"rendered":"https:\/\/graduacao.uel.br\/enfermagem\/?page_id=686"},"modified":"2024-01-08T14:56:41","modified_gmt":"2024-01-08T17:56:41","slug":"infraestrutura","status":"publish","type":"page","link":"https:\/\/graduacao.uel.br\/enfermagem\/infraestrutura\/","title":{"rendered":"Infraestrutura"},"content":{"rendered":"\n<p>O curso de Enfermagem da UEL faz parte da estrutura administrativa e f\u00edsica do Centro de Ci\u00eancias da Sa\u00fade (CCS). Al\u00e9m de salas de aulas, o curso se utiliza de estruturas de laborat\u00f3rios, bibliotecas e do Hospital Universit\u00e1rio (HU\/UEL) para as atividades acad\u00eamicas.<\/p>\n\n\n\n<iframe src=\"https:\/\/www.google.com\/maps\/embed?pb=!1m18!1m12!1m3!1d544.6114940605818!2d-51.12843814320393!3d-23.32682879979143!2m3!1f0!2f0!3f0!3m2!1i1024!2i768!4f13.1!3m3!1m2!1s0x94eb43a28a9ac085%3A0x151ac1eebbb119ea!2sCCS%20-%20Centro%20de%20Ci%C3%AAncias%20da%20Sa%C3%BAde!5e0!3m2!1spt-BR!2sbr!4v1704736419971!5m2!1spt-BR!2sbr\" width=\"1200\" height=\"600\" style=\"border:0;\" allowfullscreen=\"\" loading=\"lazy\" referrerpolicy=\"no-referrer-when-downgrade\"><\/iframe>\n\n\n\n<h6 class=\"wp-block-heading\"><strong>Laborat\u00f3rios<\/strong><\/h6>\n\n\n\n<div data-wp-interactive=\"core\/file\" class=\"wp-block-file\"><object data-wp-bind--hidden=\"!state.hasPdfPreview\" hidden class=\"wp-block-file__embed\" data=\"https:\/\/graduacao.uel.br\/enfermagem\/wp-content\/uploads\/2023\/11\/estrutura_recursos.pdf\" type=\"application\/pdf\" style=\"width:100%;height:600px\" aria-label=\"Incorporado de estrutura_recursos.\"><\/object><a id=\"wp-block-file--media-ffd38be4-7bb0-409a-ae1f-f135c19a9057\" href=\"https:\/\/graduacao.uel.br\/enfermagem\/wp-content\/uploads\/2023\/11\/estrutura_recursos.pdf\">estrutura_recursos<\/a><a href=\"https:\/\/graduacao.uel.br\/enfermagem\/wp-content\/uploads\/2023\/11\/estrutura_recursos.pdf\" class=\"wp-block-file__button wp-element-button\" download aria-describedby=\"wp-block-file--media-ffd38be4-7bb0-409a-ae1f-f135c19a9057\">Baixar<\/a><\/div>\n\n\n\n<p><\/p>\n\n\n\n<h6 class=\"wp-block-heading\">Biblioteca Setorial<\/h6>\n\n\n\n<p id=\"block-e819ec54-caae-43be-838e-3d7edb8c3cbf\">A Biblioteca Setorial do Centro de Ci\u00eancias da Sa\u00fade disponibiliza uma s\u00e9rie de servi\u00e7os prestados aos alunos desse departamento, desde pesquisa em base de dados, normaliza\u00e7\u00e3o de trabalhos acad\u00eamicos, treinamento Portal Capes, solicita\u00e7\u00e3o de artigos ou cataloga\u00e7\u00e3o na publica\u00e7\u00e3o, empr\u00e9stimo domiciliar entre outros. Para conhecer sobre os diversos servi\u00e7os prestados, clique em&nbsp;<a href=\"https:\/\/sites.uel.br\/bibliotecas\/biblioteca-setorial-do-centro-de-ciencias-da-saude\/\"><strong>saiba mais<\/strong><\/a>.<\/p>\n\n\n\n<p><strong>Hospital Universit\u00e1rio<\/strong><\/p>\n\n\n\n<p>Junto ao CCS est\u00e1 o Hospital Universit\u00e1rio, importante campo de pr\u00e1ticas, est\u00e1gio e pesquisa dos alunos do Curso de Enfermagem.<br>Este servi\u00e7o hospitalar tem como miss\u00e3o: &#8220;Prestar assist\u00eancia integral \u00e0 sa\u00fade, com excel\u00eancia e qualidade, participando na pr\u00e1tica do ensino, pesquisa e extens\u00e3o, integrados ao Sistema \u00danico de Sa\u00fade, contribuindo para melhoria da qualidade de vida da popula\u00e7\u00e3o&#8221;. Para mais informa\u00e7\u00f5es clique em <strong><a href=\"https:\/\/departamentos.uel.br\/enfermagem\/hospital-universitario\/\">saiba mais<\/a><\/strong>.<\/p>\n","protected":false},"excerpt":{"rendered":"<p>O curso de Enfermagem da UEL faz parte da estrutura administrativa e f\u00edsica do Centro de Ci\u00eancias da Sa\u00fade (CCS). Al\u00e9m de salas de aulas, o curso se utiliza de estruturas de laborat\u00f3rios, bibliotecas e do Hospital Universit\u00e1rio (HU\/UEL) para as atividades acad\u00eamicas. Laborat\u00f3rios Biblioteca Setorial A Biblioteca Setorial do Centro de Ci\u00eancias da Sa\u00fade [&hellip;]<\/p>\n","protected":false},"author":7,"featured_media":0,"parent":0,"menu_order":0,"comment_status":"closed","ping_status":"closed","template":"","meta":{"_acf_changed":false,"footnotes":""},"class_list":["post-686","page","type-page","status-publish","hentry"],"acf":[],"_links":{"self":[{"href":"https:\/\/graduacao.uel.br\/enfermagem\/wp-json\/wp\/v2\/pages\/686","targetHints":{"allow":["GET"]}}],"collection":[{"href":"https:\/\/graduacao.uel.br\/enfermagem\/wp-json\/wp\/v2\/pages"}],"about":[{"href":"https:\/\/graduacao.uel.br\/enfermagem\/wp-json\/wp\/v2\/types\/page"}],"author":[{"embeddable":true,"href":"https:\/\/graduacao.uel.br\/enfermagem\/wp-json\/wp\/v2\/users\/7"}],"replies":[{"embeddable":true,"href":"https:\/\/graduacao.uel.br\/enfermagem\/wp-json\/wp\/v2\/comments?post=686"}],"version-history":[{"count":10,"href":"https:\/\/graduacao.uel.br\/enfermagem\/wp-json\/wp\/v2\/pages\/686\/revisions"}],"predecessor-version":[{"id":859,"href":"https:\/\/graduacao.uel.br\/enfermagem\/wp-json\/wp\/v2\/pages\/686\/revisions\/859"}],"wp:attachment":[{"href":"https:\/\/graduacao.uel.br\/enfermagem\/wp-json\/wp\/v2\/media?parent=686"}],"curies":[{"name":"wp","href":"https:\/\/api.w.org\/{rel}","templated":true}]}}