{"id":704,"date":"2023-12-08T17:14:21","date_gmt":"2023-12-08T20:14:21","guid":{"rendered":"https:\/\/graduacao.uel.br\/enfermagem\/?page_id=704"},"modified":"2024-07-15T10:57:23","modified_gmt":"2024-07-15T13:57:23","slug":"tcc","status":"publish","type":"page","link":"https:\/\/graduacao.uel.br\/enfermagem\/tcc\/","title":{"rendered":"TCC"},"content":{"rendered":"\n<p>O Trabalho de Conclus\u00e3o de Curso de Enfermagem (TCC) ser\u00e1 desenvolvido no turno do curso e constitui-se uma atividade acad\u00eamica obrigat\u00f3ria para forma\u00e7\u00e3o do estudante.<\/p>\n\n\n\n<p>&nbsp;O TCC de Enfermagem, constitui-se na elabora\u00e7\u00e3o de trabalho de natureza cient\u00edfica, apresentado em forma de monografia ou artigo cient\u00edfico, devendo ser coerente com o Projeto Pedag\u00f3gico do Curso de Enfermagem.<\/p>\n\n\n\n<div class=\"wp-block-buttons is-content-justification-center is-layout-flex wp-container-core-buttons-is-layout-16018d1d wp-block-buttons-is-layout-flex\">\n<div class=\"wp-block-button is-style-fill\"><a class=\"wp-block-button__link has-primary-accent-background-color has-background wp-element-button\" href=\"https:\/\/sites.uel.br\/prograd\/wp-content\/uploads\/documentos\/deliberacoes\/2006\/deliberacao_30_06.pdf\">Regulamento TCC<\/a><\/div>\n<\/div>\n\n\n\n<div class=\"wp-block-columns is-layout-flex wp-container-core-columns-is-layout-9d6595d7 wp-block-columns-is-layout-flex\">\n<div class=\"wp-block-column is-layout-flow wp-block-column-is-layout-flow\"><\/div>\n<\/div>\n","protected":false},"excerpt":{"rendered":"<p>O Trabalho de Conclus\u00e3o de Curso de Enfermagem (TCC) ser\u00e1 desenvolvido no turno do curso e constitui-se uma atividade acad\u00eamica obrigat\u00f3ria para forma\u00e7\u00e3o do estudante. &nbsp;O TCC de Enfermagem, constitui-se na elabora\u00e7\u00e3o de trabalho de natureza cient\u00edfica, apresentado em forma de monografia ou artigo cient\u00edfico, devendo ser coerente com o Projeto Pedag\u00f3gico do Curso de [&hellip;]<\/p>\n","protected":false},"author":7,"featured_media":0,"parent":0,"menu_order":0,"comment_status":"closed","ping_status":"closed","template":"","meta":{"_acf_changed":false,"footnotes":""},"class_list":["post-704","page","type-page","status-publish","hentry"],"acf":[],"_links":{"self":[{"href":"https:\/\/graduacao.uel.br\/enfermagem\/wp-json\/wp\/v2\/pages\/704","targetHints":{"allow":["GET"]}}],"collection":[{"href":"https:\/\/graduacao.uel.br\/enfermagem\/wp-json\/wp\/v2\/pages"}],"about":[{"href":"https:\/\/graduacao.uel.br\/enfermagem\/wp-json\/wp\/v2\/types\/page"}],"author":[{"embeddable":true,"href":"https:\/\/graduacao.uel.br\/enfermagem\/wp-json\/wp\/v2\/users\/7"}],"replies":[{"embeddable":true,"href":"https:\/\/graduacao.uel.br\/enfermagem\/wp-json\/wp\/v2\/comments?post=704"}],"version-history":[{"count":9,"href":"https:\/\/graduacao.uel.br\/enfermagem\/wp-json\/wp\/v2\/pages\/704\/revisions"}],"predecessor-version":[{"id":1013,"href":"https:\/\/graduacao.uel.br\/enfermagem\/wp-json\/wp\/v2\/pages\/704\/revisions\/1013"}],"wp:attachment":[{"href":"https:\/\/graduacao.uel.br\/enfermagem\/wp-json\/wp\/v2\/media?parent=704"}],"curies":[{"name":"wp","href":"https:\/\/api.w.org\/{rel}","templated":true}]}}