{"id":200,"date":"2023-07-26T14:44:45","date_gmt":"2023-07-26T17:44:45","guid":{"rendered":"https:\/\/graduacao.uel.br\/engenharia-civil\/?page_id=200"},"modified":"2024-02-20T09:46:33","modified_gmt":"2024-02-20T12:46:33","slug":"infraestrutura","status":"publish","type":"page","link":"https:\/\/graduacao.uel.br\/engenharia-civil\/infraestrutura\/","title":{"rendered":"Infraestrutura"},"content":{"rendered":"\n<p>O curso de Engenharia Civil da UEL faz parte da estrutura administrativa e f\u00edsica do Centro de Tecnologia e Urbanismo (CTU). Al\u00e9m de salas de aulas, o curso utiliza de estruturas de laborat\u00f3rios para atividades acad\u00eamicas.<\/p>\n\n\n\n<iframe src=\"https:\/\/www.google.com\/maps\/embed?pb=!1m18!1m12!1m3!1d3663.6917898776173!2d-51.20096683386473!3d-23.326938853259062!2m3!1f0!2f0!3f0!3m2!1i1024!2i768!4f13.1!3m3!1m2!1s0x94eb5ca1a33d1303%3A0x108912eed18c08b6!2sCTU%20-%20Centro%20de%20Tecnologia%20e%20Urbanismo!5e0!3m2!1spt-BR!2sbr!4v1708015305099!5m2!1spt-BR!2sbr\" width=\"1200\" height=\"600\" style=\"border:0;\" allowfullscreen=\"\" loading=\"lazy\" referrerpolicy=\"no-referrer-when-downgrade\"><\/iframe>\n\n\n\n<p><\/p>\n\n\n\n<p class=\"has-primary-accent-color has-text-color has-link-color has-medium-font-size wp-elements-417ff2994f7edfe5471b7533fa738637\"><strong>AMBIENTES<\/strong><\/p>\n\n\n\n<figure class=\"wp-block-image size-large is-resized\"><img loading=\"lazy\" decoding=\"async\" width=\"1024\" height=\"530\" src=\"https:\/\/graduacao.uel.br\/engenharia-civil\/wp-content\/uploads\/2023\/08\/Estrutura_Fisica-1024x530.png\" alt=\"\" class=\"wp-image-309\" style=\"width:1255px;height:650px\" srcset=\"https:\/\/graduacao.uel.br\/engenharia-civil\/wp-content\/uploads\/2023\/08\/Estrutura_Fisica-1024x530.png 1024w, https:\/\/graduacao.uel.br\/engenharia-civil\/wp-content\/uploads\/2023\/08\/Estrutura_Fisica-300x155.png 300w, https:\/\/graduacao.uel.br\/engenharia-civil\/wp-content\/uploads\/2023\/08\/Estrutura_Fisica-768x397.png 768w, https:\/\/graduacao.uel.br\/engenharia-civil\/wp-content\/uploads\/2023\/08\/Estrutura_Fisica-1536x794.png 1536w, https:\/\/graduacao.uel.br\/engenharia-civil\/wp-content\/uploads\/2023\/08\/Estrutura_Fisica-2048x1059.png 2048w\" sizes=\"auto, (max-width: 1024px) 100vw, 1024px\" \/><\/figure>\n\n\n\n<p class=\"has-medium-font-size\"><mark style=\"background-color:rgba(0, 0, 0, 0)\" class=\"has-inline-color has-primary-accent-color\"><strong>Campus UEL &#8211; Mapa de Localiza\u00e7\u00e3o<\/strong><\/mark><\/p>\n\n\n\n<figure class=\"wp-block-image size-large is-resized\"><img loading=\"lazy\" decoding=\"async\" width=\"1024\" height=\"646\" src=\"https:\/\/graduacao.uel.br\/engenharia-civil\/wp-content\/uploads\/2023\/07\/Campus_UEL_Localizacao-1024x646.png\" alt=\"\" class=\"wp-image-266\" style=\"width:1256px;height:792px\" srcset=\"https:\/\/graduacao.uel.br\/engenharia-civil\/wp-content\/uploads\/2023\/07\/Campus_UEL_Localizacao-1024x646.png 1024w, https:\/\/graduacao.uel.br\/engenharia-civil\/wp-content\/uploads\/2023\/07\/Campus_UEL_Localizacao-300x189.png 300w, https:\/\/graduacao.uel.br\/engenharia-civil\/wp-content\/uploads\/2023\/07\/Campus_UEL_Localizacao-768x484.png 768w, https:\/\/graduacao.uel.br\/engenharia-civil\/wp-content\/uploads\/2023\/07\/Campus_UEL_Localizacao-1536x968.png 1536w, https:\/\/graduacao.uel.br\/engenharia-civil\/wp-content\/uploads\/2023\/07\/Campus_UEL_Localizacao-2048x1291.png 2048w\" sizes=\"auto, (max-width: 1024px) 100vw, 1024px\" \/><\/figure>\n","protected":false},"excerpt":{"rendered":"<p>O curso de Engenharia Civil da UEL faz parte da estrutura administrativa e f\u00edsica do Centro de Tecnologia e Urbanismo (CTU). Al\u00e9m de salas de aulas, o curso utiliza de estruturas de laborat\u00f3rios para atividades acad\u00eamicas. AMBIENTES Campus UEL &#8211; Mapa de Localiza\u00e7\u00e3o<\/p>\n","protected":false},"author":8,"featured_media":0,"parent":0,"menu_order":0,"comment_status":"closed","ping_status":"closed","template":"","meta":{"_acf_changed":false,"footnotes":""},"class_list":["post-200","page","type-page","status-publish","hentry"],"acf":[],"_links":{"self":[{"href":"https:\/\/graduacao.uel.br\/engenharia-civil\/wp-json\/wp\/v2\/pages\/200","targetHints":{"allow":["GET"]}}],"collection":[{"href":"https:\/\/graduacao.uel.br\/engenharia-civil\/wp-json\/wp\/v2\/pages"}],"about":[{"href":"https:\/\/graduacao.uel.br\/engenharia-civil\/wp-json\/wp\/v2\/types\/page"}],"author":[{"embeddable":true,"href":"https:\/\/graduacao.uel.br\/engenharia-civil\/wp-json\/wp\/v2\/users\/8"}],"replies":[{"embeddable":true,"href":"https:\/\/graduacao.uel.br\/engenharia-civil\/wp-json\/wp\/v2\/comments?post=200"}],"version-history":[{"count":14,"href":"https:\/\/graduacao.uel.br\/engenharia-civil\/wp-json\/wp\/v2\/pages\/200\/revisions"}],"predecessor-version":[{"id":906,"href":"https:\/\/graduacao.uel.br\/engenharia-civil\/wp-json\/wp\/v2\/pages\/200\/revisions\/906"}],"wp:attachment":[{"href":"https:\/\/graduacao.uel.br\/engenharia-civil\/wp-json\/wp\/v2\/media?parent=200"}],"curies":[{"name":"wp","href":"https:\/\/api.w.org\/{rel}","templated":true}]}}