{"id":460,"date":"2024-02-05T11:35:16","date_gmt":"2024-02-05T14:35:16","guid":{"rendered":"https:\/\/graduacao.uel.br\/engenharia-civil\/?page_id=460"},"modified":"2024-09-18T16:47:32","modified_gmt":"2024-09-18T19:47:32","slug":"matriz-curricular","status":"publish","type":"page","link":"https:\/\/graduacao.uel.br\/engenharia-civil\/matriz-curricular\/","title":{"rendered":"Matriz Curricular"},"content":{"rendered":"\n<p>Os objetivos de ensino-aprendizagem do Curso de Gradua\u00e7\u00e3o em Engenharia Civil da UEL s\u00e3o propostos por meios dos chamados <strong>eixos de conhecimento<\/strong>: <\/p>\n\n\n\n<p>I) eixo b\u00e1sico; <\/p>\n\n\n\n<p>II) eixo profissionalizante;  <\/p>\n\n\n\n<p>III) eixo espec\u00edfico.<\/p>\n\n\n\n<p>No <strong>eixo b\u00e1sico<\/strong> s\u00e3o apresentados os conte\u00fados das \u00e1reas de matem\u00e1tica, f\u00edsica e qu\u00edmica que est\u00e3o relacionados com a engenharia; bem como os conhecimentos de geologia e topografia que ser\u00e3o aplicados em atividades espec\u00edficas e, por fim os conhecimentos human\u00edsticos e sociais.<\/p>\n\n\n\n<p>No <strong>eixo profissionalizante<\/strong> tem-se os conhecimentos referentes as \u00e1reas espec\u00edficas da engenharia, tais como: projeto em geral e materiais e meio ambiente. Nesta etapa do processo de ensino-aprendizagem \u00e9 feita a conex\u00e3o com os conhecimentos j\u00e1 apresentados no ciclo b\u00e1sico. Al\u00e9m disso, dar-se ao estudante um maior protagonismo no processo de ensino-aprendizagem, pois passam a ser desenvolvidos uma s\u00e9rie de trabalhos espec\u00edficos, que partem da identifica\u00e7\u00e3o de problemas e demandas, que ir\u00e3o nortear a concep\u00e7\u00e3o de projetos de engenharia.<\/p>\n\n\n\n<p>No <strong>eixo espec\u00edfico <\/strong>s\u00e3o apresentados os processos de ensino-aprendizagem por meio da elabora\u00e7\u00e3o de projetos espec\u00edficos de engenharia, com \u00eanfase na compatibiliza\u00e7\u00e3o e adequa\u00e7\u00e3o inter projetos. Ainda neste eixo s\u00e3o apresentados os processos de gest\u00e3o de projetos, gest\u00e3o de empreendimentos e de empresa de engenharia civil. \u00c9 nessa etapa, que se iniciam os Trabalhos de Conclus\u00e3o de Curso (TCC) e o Est\u00e1gio Curricular Obrigat\u00f3rio.<\/p>\n\n\n\n<p><strong>Segue abaixo a Matriz Curricular:<\/strong><\/p>\n\n\n\n<div data-wp-interactive=\"core\/file\" class=\"wp-block-file\"><object data-wp-bind--hidden=\"!state.hasPdfPreview\" hidden class=\"wp-block-file__embed\" data=\"https:\/\/graduacao.uel.br\/engenharia-civil\/wp-content\/uploads\/2024\/09\/Matriz-Curricular-1.pdf\" type=\"application\/pdf\" style=\"width:100%;height:600px\" aria-label=\"Incorporado de Matriz Curricular.\"><\/object><a id=\"wp-block-file--media-7114ef40-d062-442f-a58e-3d29a86ffda2\" href=\"https:\/\/graduacao.uel.br\/engenharia-civil\/wp-content\/uploads\/2024\/09\/Matriz-Curricular-1.pdf\">Matriz Curricular<\/a><a href=\"https:\/\/graduacao.uel.br\/engenharia-civil\/wp-content\/uploads\/2024\/09\/Matriz-Curricular-1.pdf\" class=\"wp-block-file__button wp-element-button\" download aria-describedby=\"wp-block-file--media-7114ef40-d062-442f-a58e-3d29a86ffda2\">Baixar<\/a><\/div>\n","protected":false},"excerpt":{"rendered":"<p>Os objetivos de ensino-aprendizagem do Curso de Gradua\u00e7\u00e3o em Engenharia Civil da UEL s\u00e3o propostos por meios dos chamados eixos de conhecimento: I) eixo b\u00e1sico; II) eixo profissionalizante; III) eixo espec\u00edfico. No eixo b\u00e1sico s\u00e3o apresentados os conte\u00fados das \u00e1reas de matem\u00e1tica, f\u00edsica e qu\u00edmica que est\u00e3o relacionados com a engenharia; bem como os conhecimentos [&hellip;]<\/p>\n","protected":false},"author":10,"featured_media":0,"parent":0,"menu_order":0,"comment_status":"closed","ping_status":"closed","template":"","meta":{"_acf_changed":false,"footnotes":""},"class_list":["post-460","page","type-page","status-publish","hentry"],"acf":[],"_links":{"self":[{"href":"https:\/\/graduacao.uel.br\/engenharia-civil\/wp-json\/wp\/v2\/pages\/460","targetHints":{"allow":["GET"]}}],"collection":[{"href":"https:\/\/graduacao.uel.br\/engenharia-civil\/wp-json\/wp\/v2\/pages"}],"about":[{"href":"https:\/\/graduacao.uel.br\/engenharia-civil\/wp-json\/wp\/v2\/types\/page"}],"author":[{"embeddable":true,"href":"https:\/\/graduacao.uel.br\/engenharia-civil\/wp-json\/wp\/v2\/users\/10"}],"replies":[{"embeddable":true,"href":"https:\/\/graduacao.uel.br\/engenharia-civil\/wp-json\/wp\/v2\/comments?post=460"}],"version-history":[{"count":14,"href":"https:\/\/graduacao.uel.br\/engenharia-civil\/wp-json\/wp\/v2\/pages\/460\/revisions"}],"predecessor-version":[{"id":965,"href":"https:\/\/graduacao.uel.br\/engenharia-civil\/wp-json\/wp\/v2\/pages\/460\/revisions\/965"}],"wp:attachment":[{"href":"https:\/\/graduacao.uel.br\/engenharia-civil\/wp-json\/wp\/v2\/media?parent=460"}],"curies":[{"name":"wp","href":"https:\/\/api.w.org\/{rel}","templated":true}]}}