{"id":566,"date":"2024-02-06T10:43:01","date_gmt":"2024-02-06T13:43:01","guid":{"rendered":"https:\/\/graduacao.uel.br\/engenharia-civil\/?page_id=566"},"modified":"2024-02-07T10:04:36","modified_gmt":"2024-02-07T13:04:36","slug":"estagio","status":"publish","type":"page","link":"https:\/\/graduacao.uel.br\/engenharia-civil\/estagio\/","title":{"rendered":"Est\u00e1gio"},"content":{"rendered":"\n<p>A atividade acad\u00eamica de est\u00e1gio pode acontecer de duas formas: est\u00e1gio curricular obrigat\u00f3rio e est\u00e1gio curricular n\u00e3o obrigat\u00f3rio. O <strong>est\u00e1gio curricular obrigat\u00f3rio<\/strong> possui as seguintes caracter\u00edsticas: ser realizado junto a empresas de engenharia civil ou  atividade afim, que desenvolvam atividades relacionadas \u00e0s compet\u00eancias profissionais estabelecidas pela Resolu\u00e7\u00e3o n\u00ba. 218 de 29.06.73 do CONFEA; a supervis\u00e3o deve ser feita por um profissional habilitado na \u00e1rea; a orienta\u00e7\u00e3o deve ser dada por docente do curso de gradua\u00e7\u00e3o em Engenharia Civil da UEL; a carga hor\u00e1ria m\u00ednima \u00e9 de 160 horas e pode ser distribu\u00eddas ao longo do semestre de realiza\u00e7\u00e3o da atividade; poder\u00e1 ser cursado pelos estudantes que integralizarem pelo menos 52% da carga horaria total do curso.<\/p>\n\n\n\n<p>Para informa\u00e7\u00f5es <strong><a href=\"https:\/\/sites.uel.br\/prograd\/estudante\/estagios-e-intercambios\/estagios-e-intercambios-curricular-obrigatorio-uel\/\">clique aqui<\/a><\/strong>.<\/p>\n\n\n\n<p>O <strong>est\u00e1gio curricular n\u00e3o obrigat\u00f3rio<\/strong> pode ser feito a qualquer tempo ao longo do curso desde que n\u00e3o interfira nas demais atividades acad\u00eamicas. Esta modalidade de est\u00e1gio pode ser convertida em AAC.<\/p>\n\n\n\n<p>Para mais informa\u00e7\u00f5es <strong><a href=\"https:\/\/sites.uel.br\/prograd\/estudante\/estagios-e-intercambios\/estagios-e-intercambios-curricular-nao-obrigatorio-uel\/\">clique aqui<\/a><\/strong>.<\/p>\n\n\n\n<div class=\"wp-block-buttons is-content-justification-center is-layout-flex wp-container-core-buttons-is-layout-16018d1d wp-block-buttons-is-layout-flex\">\n<div class=\"wp-block-button\"><a class=\"wp-block-button__link has-primary-accent-background-color has-background has-text-align-center wp-element-button\" href=\"https:\/\/sites.uel.br\/prograd\/regulamentos-estagio\/\">Regulamento Est\u00e1gio<\/a><\/div>\n<\/div>\n","protected":false},"excerpt":{"rendered":"<p>A atividade acad\u00eamica de est\u00e1gio pode acontecer de duas formas: est\u00e1gio curricular obrigat\u00f3rio e est\u00e1gio curricular n\u00e3o obrigat\u00f3rio. O est\u00e1gio curricular obrigat\u00f3rio possui as seguintes caracter\u00edsticas: ser realizado junto a empresas de engenharia civil ou atividade afim, que desenvolvam atividades relacionadas \u00e0s compet\u00eancias profissionais estabelecidas pela Resolu\u00e7\u00e3o n\u00ba. 218 de 29.06.73 do CONFEA; a supervis\u00e3o [&hellip;]<\/p>\n","protected":false},"author":10,"featured_media":0,"parent":0,"menu_order":0,"comment_status":"closed","ping_status":"closed","template":"","meta":{"_acf_changed":false,"footnotes":""},"class_list":["post-566","page","type-page","status-publish","hentry"],"acf":[],"_links":{"self":[{"href":"https:\/\/graduacao.uel.br\/engenharia-civil\/wp-json\/wp\/v2\/pages\/566","targetHints":{"allow":["GET"]}}],"collection":[{"href":"https:\/\/graduacao.uel.br\/engenharia-civil\/wp-json\/wp\/v2\/pages"}],"about":[{"href":"https:\/\/graduacao.uel.br\/engenharia-civil\/wp-json\/wp\/v2\/types\/page"}],"author":[{"embeddable":true,"href":"https:\/\/graduacao.uel.br\/engenharia-civil\/wp-json\/wp\/v2\/users\/10"}],"replies":[{"embeddable":true,"href":"https:\/\/graduacao.uel.br\/engenharia-civil\/wp-json\/wp\/v2\/comments?post=566"}],"version-history":[{"count":5,"href":"https:\/\/graduacao.uel.br\/engenharia-civil\/wp-json\/wp\/v2\/pages\/566\/revisions"}],"predecessor-version":[{"id":663,"href":"https:\/\/graduacao.uel.br\/engenharia-civil\/wp-json\/wp\/v2\/pages\/566\/revisions\/663"}],"wp:attachment":[{"href":"https:\/\/graduacao.uel.br\/engenharia-civil\/wp-json\/wp\/v2\/media?parent=566"}],"curies":[{"name":"wp","href":"https:\/\/api.w.org\/{rel}","templated":true}]}}