{"id":569,"date":"2024-02-06T10:43:19","date_gmt":"2024-02-06T13:43:19","guid":{"rendered":"https:\/\/graduacao.uel.br\/engenharia-civil\/?page_id=569"},"modified":"2024-02-06T11:30:55","modified_gmt":"2024-02-06T14:30:55","slug":"aac","status":"publish","type":"page","link":"https:\/\/graduacao.uel.br\/engenharia-civil\/aac\/","title":{"rendered":"AAC"},"content":{"rendered":"\n<p>Ao longo do curso dever\u00e3o ser cumpridas 180 (cento e oitenta) horas de <strong>Atividade Acad\u00eamica Complementar (AAC)<\/strong>. AAC poder\u00e1 ser cumprida fora do turno das aulas e correspondem a participa\u00e7\u00e3o do estudante em diversos tipos de atividades:<\/p>\n\n\n\n<ul class=\"wp-block-list\">\n<li>Cursos relacionados com a Engenharia Civil;<\/li>\n\n\n\n<li>Eventos Relacionados com a Engenharia Civil;<\/li>\n\n\n\n<li>Monitoria Acad\u00eamica;<\/li>\n\n\n\n<li>Disciplinas Eletivas (especial ou optativa);<\/li>\n\n\n\n<li>Est\u00e1gios n\u00e3o obrigat\u00f3rios;<\/li>\n\n\n\n<li>Participa\u00e7\u00e3o em projetos de ensino, pesquisa, extens\u00e3o e projetos Integrados;<\/li>\n\n\n\n<li>Programas de forma\u00e7\u00e3o complementar<\/li>\n\n\n\n<li>Outras atividades aprovadas pelo Colegiado.<\/li>\n<\/ul>\n\n\n\n<p>A carga hor\u00e1ria m\u00e1xima para cada atividade de AAC \u00e9 instru\u00edda pelo Colegiado de Curso de Engenharia Civil.<\/p>\n\n\n\n<p>Para mais informa\u00e7\u00f5es <strong><a href=\"https:\/\/sites.uel.br\/prograd\/guia-academico-participacao-em-atividade-academica-complementar-aac\/\">clique aqui<\/a><\/strong>.<\/p>\n","protected":false},"excerpt":{"rendered":"<p>Ao longo do curso dever\u00e3o ser cumpridas 180 (cento e oitenta) horas de Atividade Acad\u00eamica Complementar (AAC). AAC poder\u00e1 ser cumprida fora do turno das aulas e correspondem a participa\u00e7\u00e3o do estudante em diversos tipos de atividades: A carga hor\u00e1ria m\u00e1xima para cada atividade de AAC \u00e9 instru\u00edda pelo Colegiado de Curso de Engenharia Civil. [&hellip;]<\/p>\n","protected":false},"author":10,"featured_media":0,"parent":0,"menu_order":0,"comment_status":"closed","ping_status":"closed","template":"","meta":{"_acf_changed":false,"footnotes":""},"class_list":["post-569","page","type-page","status-publish","hentry"],"acf":[],"_links":{"self":[{"href":"https:\/\/graduacao.uel.br\/engenharia-civil\/wp-json\/wp\/v2\/pages\/569","targetHints":{"allow":["GET"]}}],"collection":[{"href":"https:\/\/graduacao.uel.br\/engenharia-civil\/wp-json\/wp\/v2\/pages"}],"about":[{"href":"https:\/\/graduacao.uel.br\/engenharia-civil\/wp-json\/wp\/v2\/types\/page"}],"author":[{"embeddable":true,"href":"https:\/\/graduacao.uel.br\/engenharia-civil\/wp-json\/wp\/v2\/users\/10"}],"replies":[{"embeddable":true,"href":"https:\/\/graduacao.uel.br\/engenharia-civil\/wp-json\/wp\/v2\/comments?post=569"}],"version-history":[{"count":3,"href":"https:\/\/graduacao.uel.br\/engenharia-civil\/wp-json\/wp\/v2\/pages\/569\/revisions"}],"predecessor-version":[{"id":594,"href":"https:\/\/graduacao.uel.br\/engenharia-civil\/wp-json\/wp\/v2\/pages\/569\/revisions\/594"}],"wp:attachment":[{"href":"https:\/\/graduacao.uel.br\/engenharia-civil\/wp-json\/wp\/v2\/media?parent=569"}],"curies":[{"name":"wp","href":"https:\/\/api.w.org\/{rel}","templated":true}]}}