{"id":572,"date":"2024-02-06T10:43:33","date_gmt":"2024-02-06T13:43:33","guid":{"rendered":"https:\/\/graduacao.uel.br\/engenharia-civil\/?page_id=572"},"modified":"2024-03-04T14:52:54","modified_gmt":"2024-03-04T17:52:54","slug":"aex","status":"publish","type":"page","link":"https:\/\/graduacao.uel.br\/engenharia-civil\/aex\/","title":{"rendered":"AEX"},"content":{"rendered":"\n<p>No PPC da gradua\u00e7\u00e3o em Engenharia Civil a <strong>Atividade de Extens\u00e3o (AEX)<\/strong> t\u00eam carga hor\u00e1ria total a ser cumprida pelos estudantes igual a 437 (quatrocentos e trinta e sete) horas. Essa carga hor\u00e1ria est\u00e1 dividida em AEX indicada e AEX livre. Vale ressaltar que a AEX poder\u00e1 ser cumprida fora do turno das aulas.<\/p>\n\n\n\n<p>A AEX indicada dever\u00e1 atender a carga hor\u00e1ria m\u00ednima de 219 (duzentas e dezenove) horas, as quais poder\u00e3o ser realizadas fora do hor\u00e1rio do turno do curso em programas de extens\u00e3o, projetos de extens\u00e3o ou projetos integrados com \u00eanfase em extens\u00e3o e projetos de presta\u00e7\u00e3o de servi\u00e7o, e participa\u00e7\u00e3o na organiza\u00e7\u00e3o de cursos de extens\u00e3o e eventos de extens\u00e3o, indicados pelo Colegiado de Curso.<\/p>\n\n\n\n<p>A AEX livre,  dever\u00e1 atender a carga hor\u00e1ria m\u00ednima de 218 (duzentas e dezoito) horas, as quais poder\u00e3o ser realizadas fora do hor\u00e1rio do turno do curso e podem ser cumpridas de acordo com a regulamenta\u00e7\u00e3o pr\u00f3pria da Atividade Extensionista escolhida pelo estudante.<\/p>\n\n\n\n<p>Para mais informa\u00e7\u00f5es <strong><a href=\"https:\/\/sites.uel.br\/proex\/atividades-academicas-de-extensao-aex\/\">clique aqui<\/a><\/strong>.<\/p>\n","protected":false},"excerpt":{"rendered":"<p>No PPC da gradua\u00e7\u00e3o em Engenharia Civil a Atividade de Extens\u00e3o (AEX) t\u00eam carga hor\u00e1ria total a ser cumprida pelos estudantes igual a 437 (quatrocentos e trinta e sete) horas. Essa carga hor\u00e1ria est\u00e1 dividida em AEX indicada e AEX livre. Vale ressaltar que a AEX poder\u00e1 ser cumprida fora do turno das aulas. A [&hellip;]<\/p>\n","protected":false},"author":10,"featured_media":0,"parent":0,"menu_order":0,"comment_status":"closed","ping_status":"closed","template":"","meta":{"_acf_changed":false,"footnotes":""},"class_list":["post-572","page","type-page","status-publish","hentry"],"acf":[],"_links":{"self":[{"href":"https:\/\/graduacao.uel.br\/engenharia-civil\/wp-json\/wp\/v2\/pages\/572","targetHints":{"allow":["GET"]}}],"collection":[{"href":"https:\/\/graduacao.uel.br\/engenharia-civil\/wp-json\/wp\/v2\/pages"}],"about":[{"href":"https:\/\/graduacao.uel.br\/engenharia-civil\/wp-json\/wp\/v2\/types\/page"}],"author":[{"embeddable":true,"href":"https:\/\/graduacao.uel.br\/engenharia-civil\/wp-json\/wp\/v2\/users\/10"}],"replies":[{"embeddable":true,"href":"https:\/\/graduacao.uel.br\/engenharia-civil\/wp-json\/wp\/v2\/comments?post=572"}],"version-history":[{"count":7,"href":"https:\/\/graduacao.uel.br\/engenharia-civil\/wp-json\/wp\/v2\/pages\/572\/revisions"}],"predecessor-version":[{"id":852,"href":"https:\/\/graduacao.uel.br\/engenharia-civil\/wp-json\/wp\/v2\/pages\/572\/revisions\/852"}],"wp:attachment":[{"href":"https:\/\/graduacao.uel.br\/engenharia-civil\/wp-json\/wp\/v2\/media?parent=572"}],"curies":[{"name":"wp","href":"https:\/\/api.w.org\/{rel}","templated":true}]}}