{"id":575,"date":"2024-02-06T10:43:43","date_gmt":"2024-02-06T13:43:43","guid":{"rendered":"https:\/\/graduacao.uel.br\/engenharia-civil\/?page_id=575"},"modified":"2024-02-16T11:27:09","modified_gmt":"2024-02-16T14:27:09","slug":"tcc","status":"publish","type":"page","link":"https:\/\/graduacao.uel.br\/engenharia-civil\/tcc\/","title":{"rendered":"TCC"},"content":{"rendered":"\n<p>O TCC \u00e9 composto por duas disciplinas: TCC I e TCC II. Trata-se de uma atividade integralizadora, de car\u00e1ter trans, multi e interdisciplinar. Sua principal diretriz \u00e9 dar aos estudantes a possibilidade de aplicar os conhecimentos desenvolvidos ao longo do curso e vivenciar situa\u00e7\u00f5es espec\u00edficas envolvendo um ou mais eixos de conhecimento do curso. O TCC I poder\u00e1 ser cursado pelos alunos que integralizarem pelos menos 68% da carga horaria total do curso e o TCC II poder\u00e1 ser cursado pelos alunos que j\u00e1 tiverem obtido aprova\u00e7\u00e3o no TCC I. <\/p>\n\n\n\n<p>Para conhecer os regulamentos de TCC na <strong>\u00e1rea de Engenharia <a href=\"https:\/\/sites.uel.br\/prograd\/regulamentos-trabalho-de-conclusao-de-curso-tcc\/\">clique aqui<\/a><\/strong>.<\/p>\n","protected":false},"excerpt":{"rendered":"<p>O TCC \u00e9 composto por duas disciplinas: TCC I e TCC II. Trata-se de uma atividade integralizadora, de car\u00e1ter trans, multi e interdisciplinar. Sua principal diretriz \u00e9 dar aos estudantes a possibilidade de aplicar os conhecimentos desenvolvidos ao longo do curso e vivenciar situa\u00e7\u00f5es espec\u00edficas envolvendo um ou mais eixos de conhecimento do curso. O [&hellip;]<\/p>\n","protected":false},"author":10,"featured_media":0,"parent":0,"menu_order":0,"comment_status":"closed","ping_status":"closed","template":"","meta":{"_acf_changed":false,"footnotes":""},"class_list":["post-575","page","type-page","status-publish","hentry"],"acf":[],"_links":{"self":[{"href":"https:\/\/graduacao.uel.br\/engenharia-civil\/wp-json\/wp\/v2\/pages\/575","targetHints":{"allow":["GET"]}}],"collection":[{"href":"https:\/\/graduacao.uel.br\/engenharia-civil\/wp-json\/wp\/v2\/pages"}],"about":[{"href":"https:\/\/graduacao.uel.br\/engenharia-civil\/wp-json\/wp\/v2\/types\/page"}],"author":[{"embeddable":true,"href":"https:\/\/graduacao.uel.br\/engenharia-civil\/wp-json\/wp\/v2\/users\/10"}],"replies":[{"embeddable":true,"href":"https:\/\/graduacao.uel.br\/engenharia-civil\/wp-json\/wp\/v2\/comments?post=575"}],"version-history":[{"count":5,"href":"https:\/\/graduacao.uel.br\/engenharia-civil\/wp-json\/wp\/v2\/pages\/575\/revisions"}],"predecessor-version":[{"id":783,"href":"https:\/\/graduacao.uel.br\/engenharia-civil\/wp-json\/wp\/v2\/pages\/575\/revisions\/783"}],"wp:attachment":[{"href":"https:\/\/graduacao.uel.br\/engenharia-civil\/wp-json\/wp\/v2\/media?parent=575"}],"curies":[{"name":"wp","href":"https:\/\/api.w.org\/{rel}","templated":true}]}}