{"id":675,"date":"2024-02-07T11:32:43","date_gmt":"2024-02-07T14:32:43","guid":{"rendered":"https:\/\/graduacao.uel.br\/engenharia-civil\/?page_id=675"},"modified":"2026-02-04T15:32:43","modified_gmt":"2026-02-04T18:32:43","slug":"engenharia-civil-em-dados","status":"publish","type":"page","link":"https:\/\/graduacao.uel.br\/engenharia-civil\/engenharia-civil-em-dados\/","title":{"rendered":"Engenharia Civil em Dados"},"content":{"rendered":"\n<p>Aqui voc\u00ea encontra dados relacionados ao ano de 2025 do Curso de Engenharia Civil. Estes dados compreendem: estrutura f\u00edsica, avalia\u00e7\u00f5es externas, quantidade de estudantes em est\u00e1gio, quantidade de projetos de pesquisa, extens\u00e3o e ensino, n\u00famero de bolsas de inicia\u00e7\u00e3o cient\u00edfica etc.<\/p>\n\n\n\n<div data-wp-interactive=\"core\/file\" class=\"wp-block-file\"><object data-wp-bind--hidden=\"!state.hasPdfPreview\" hidden class=\"wp-block-file__embed\" data=\"https:\/\/graduacao.uel.br\/engenharia-civil\/wp-content\/uploads\/2026\/02\/Eng_Civil_Dados_2025.pdf\" type=\"application\/pdf\" style=\"width:100%;height:600px\" aria-label=\"Incorporado de Eng_Civil_Dados_2025.\"><\/object><a id=\"wp-block-file--media-ffb26be8-2d2f-42a0-b3b1-800d92f136ad\" href=\"https:\/\/graduacao.uel.br\/engenharia-civil\/wp-content\/uploads\/2026\/02\/Eng_Civil_Dados_2025.pdf\">Eng_Civil_Dados_2025<\/a><a href=\"https:\/\/graduacao.uel.br\/engenharia-civil\/wp-content\/uploads\/2026\/02\/Eng_Civil_Dados_2025.pdf\" class=\"wp-block-file__button wp-element-button\" download aria-describedby=\"wp-block-file--media-ffb26be8-2d2f-42a0-b3b1-800d92f136ad\">Baixar<\/a><\/div>\n\n\n\n<p>Aqui voc\u00ea encontra dados relacionados ao Curso de Engenharia Civil no ano letivo de 2024: estrutura f\u00edsica, avalia\u00e7\u00f5es externas, quantidade de estudantes em est\u00e1gio, quantidade de projetos de pesquisa, extens\u00e3o e ensino, n\u00famero de bolsas de inicia\u00e7\u00e3o cient\u00edfica etc.<\/p>\n\n\n\n<div data-wp-interactive=\"core\/file\" class=\"wp-block-file\"><object data-wp-bind--hidden=\"!state.hasPdfPreview\" hidden class=\"wp-block-file__embed\" data=\"https:\/\/graduacao.uel.br\/engenharia-civil\/wp-content\/uploads\/2025\/11\/Folder_Eng_Civil_Dados_2024-1.pdf\" type=\"application\/pdf\" style=\"width:100%;height:600px\" aria-label=\"Incorporado de Folder_Eng_Civil_Dados_2024.\"><\/object><a id=\"wp-block-file--media-d489b079-c9a1-4889-b1fe-64d921cf5f7e\" href=\"https:\/\/graduacao.uel.br\/engenharia-civil\/wp-content\/uploads\/2025\/11\/Folder_Eng_Civil_Dados_2024-1.pdf\">Folder_Eng_Civil_Dados_2024<\/a><a href=\"https:\/\/graduacao.uel.br\/engenharia-civil\/wp-content\/uploads\/2025\/11\/Folder_Eng_Civil_Dados_2024-1.pdf\" class=\"wp-block-file__button wp-element-button\" download aria-describedby=\"wp-block-file--media-d489b079-c9a1-4889-b1fe-64d921cf5f7e\">Baixar<\/a><\/div>\n\n\n\n<p>Aqui voc\u00ea encontra dados relacionados ao Curso de Engenharia Civil no ano letivo de 2023, tais como: estrutura, avalia\u00e7\u00f5es externas, est\u00e1gio, pesquisa etc.<\/p>\n\n\n\n<div data-wp-interactive=\"core\/file\" class=\"wp-block-file\"><object data-wp-bind--hidden=\"!state.hasPdfPreview\" hidden class=\"wp-block-file__embed\" data=\"https:\/\/graduacao.uel.br\/engenharia-civil\/wp-content\/uploads\/2025\/01\/Folder_Eng_Civil_Dados_2023-1.pdf\" type=\"application\/pdf\" style=\"width:100%;height:600px\" aria-label=\"Incorporado de Folder_Eng_Civil_Dados_2023.\"><\/object><a id=\"wp-block-file--media-a045d90d-147f-4070-806b-679c251f247c\" href=\"https:\/\/graduacao.uel.br\/engenharia-civil\/wp-content\/uploads\/2025\/01\/Folder_Eng_Civil_Dados_2023-1.pdf\">Folder_Eng_Civil_Dados_2023<\/a><a href=\"https:\/\/graduacao.uel.br\/engenharia-civil\/wp-content\/uploads\/2025\/01\/Folder_Eng_Civil_Dados_2023-1.pdf\" class=\"wp-block-file__button wp-element-button\" download aria-describedby=\"wp-block-file--media-a045d90d-147f-4070-806b-679c251f247c\">Baixar<\/a><\/div>\n\n\n\n<p>Aqui voc\u00ea encontra dados relacionados ao Curso de Engenharia Civil no ano letivo de 2022, tais como: estrutura, avalia\u00e7\u00f5es externas, est\u00e1gio, pesquisa etc.<\/p>\n\n\n\n<div data-wp-interactive=\"core\/file\" class=\"wp-block-file\"><object data-wp-bind--hidden=\"!state.hasPdfPreview\" hidden class=\"wp-block-file__embed\" data=\"https:\/\/graduacao.uel.br\/engenharia-civil\/wp-content\/uploads\/2023\/12\/Eng-Civil-em-Dados-2022.pdf\" type=\"application\/pdf\" style=\"width:100%;height:600px\" aria-label=\"Incorporado de Eng-Civil-em-Dados-2022.\"><\/object><a id=\"wp-block-file--media-51e3e06a-63a6-4bbb-83c7-e1fdd33558d6\" href=\"https:\/\/graduacao.uel.br\/engenharia-civil\/wp-content\/uploads\/2023\/12\/Eng-Civil-em-Dados-2022.pdf\">Eng-Civil-em-Dados-2022<\/a><a href=\"https:\/\/graduacao.uel.br\/engenharia-civil\/wp-content\/uploads\/2023\/12\/Eng-Civil-em-Dados-2022.pdf\" class=\"wp-block-file__button wp-element-button\" download aria-describedby=\"wp-block-file--media-51e3e06a-63a6-4bbb-83c7-e1fdd33558d6\">Baixar<\/a><\/div>\n","protected":false},"excerpt":{"rendered":"<p>Aqui voc\u00ea encontra dados relacionados ao ano de 2025 do Curso de Engenharia Civil. Estes dados compreendem: estrutura f\u00edsica, avalia\u00e7\u00f5es externas, quantidade de estudantes em est\u00e1gio, quantidade de projetos de pesquisa, extens\u00e3o e ensino, n\u00famero de bolsas de inicia\u00e7\u00e3o cient\u00edfica etc. Aqui voc\u00ea encontra dados relacionados ao Curso de Engenharia Civil no ano letivo de [&hellip;]<\/p>\n","protected":false},"author":10,"featured_media":0,"parent":0,"menu_order":0,"comment_status":"closed","ping_status":"closed","template":"","meta":{"_acf_changed":false,"footnotes":""},"class_list":["post-675","page","type-page","status-publish","hentry"],"acf":[],"_links":{"self":[{"href":"https:\/\/graduacao.uel.br\/engenharia-civil\/wp-json\/wp\/v2\/pages\/675","targetHints":{"allow":["GET"]}}],"collection":[{"href":"https:\/\/graduacao.uel.br\/engenharia-civil\/wp-json\/wp\/v2\/pages"}],"about":[{"href":"https:\/\/graduacao.uel.br\/engenharia-civil\/wp-json\/wp\/v2\/types\/page"}],"author":[{"embeddable":true,"href":"https:\/\/graduacao.uel.br\/engenharia-civil\/wp-json\/wp\/v2\/users\/10"}],"replies":[{"embeddable":true,"href":"https:\/\/graduacao.uel.br\/engenharia-civil\/wp-json\/wp\/v2\/comments?post=675"}],"version-history":[{"count":9,"href":"https:\/\/graduacao.uel.br\/engenharia-civil\/wp-json\/wp\/v2\/pages\/675\/revisions"}],"predecessor-version":[{"id":1036,"href":"https:\/\/graduacao.uel.br\/engenharia-civil\/wp-json\/wp\/v2\/pages\/675\/revisions\/1036"}],"wp:attachment":[{"href":"https:\/\/graduacao.uel.br\/engenharia-civil\/wp-json\/wp\/v2\/media?parent=675"}],"curies":[{"name":"wp","href":"https:\/\/api.w.org\/{rel}","templated":true}]}}