{"id":180,"date":"2024-07-01T14:51:17","date_gmt":"2024-07-01T17:51:17","guid":{"rendered":"https:\/\/graduacao.uel.br\/engenharia-eletrica\/?page_id=180"},"modified":"2024-07-03T15:10:57","modified_gmt":"2024-07-03T18:10:57","slug":"eventos","status":"publish","type":"page","link":"https:\/\/graduacao.uel.br\/engenharia-eletrica\/eventos\/","title":{"rendered":"Eventos"},"content":{"rendered":"\n<p>Conhe\u00e7a os eventos de Engenharia El\u00e9trica que est\u00e3o acontecendo e os que est\u00e3o para acontecer na UEL:<\/p>\n\n\n\n<div class=\"wp-block-pb-accordion-item c-accordion__item js-accordion-item no-js\" data-initially-open=\"false\" data-click-to-close=\"true\" data-auto-close=\"true\" data-scroll=\"false\" data-scroll-offset=\"0\"><h2 id=\"at-1800\" class=\"c-accordion__title js-accordion-controller\" role=\"button\">2024<\/h2><div id=\"ac-1800\" class=\"c-accordion__content\">\n<p><strong>Recep\u00e7\u00e3o aos Ingressantes  #Eu Respeito<\/strong><\/p>\n\n\n\n<p>Conhe\u00e7a a Programa\u00e7\u00e3o clicando em <strong><a href=\"https:\/\/sites.uel.br\/ser\/engenharia-engenharia-eletrica\/\">saiba mais<\/a><\/strong>.<\/p>\n<\/div><\/div>\n\n\n\n<div class=\"wp-block-columns is-layout-flex wp-container-core-columns-is-layout-9d6595d7 wp-block-columns-is-layout-flex\">\n<div class=\"wp-block-column is-layout-flow wp-block-column-is-layout-flow\"><\/div>\n<\/div>\n\n\n\n<p class=\"has-primary-accent-color has-text-color has-link-color has-medium-font-size wp-elements-88fe800876dcb0dc8575e963d210fc36\"><strong>Eventos diversos na UEL<\/strong><\/p>\n\n\n\n                <div class=\"feed-noticias-perobal alm-listing alm-ajax alm-has-transition\" id=\"feed-noticias-perobal-evento\"><a class=\"noticia-feed d-flex flex-column flex-md-row align-items-start\" href=\"https:\/\/operobal.uel.br\/ultimas\/2026\/05\/11\/galeria-de-artes-visuais-do-ceca-recebe-a-exposicao-falsas-urgencias\/\">\n                                                    <img decoding=\"async\" class=\"lazy entered loaded\" src=\"https:\/\/operobal.uel.br\/wp-content\/uploads\/2026\/05\/detalhe-de-pintura.jpeg\"\/>    \n                                                    <article class=\"ml-0 ml-md-4 corpo-noticia-feed\">\n                                                        <p class=\"antetitulo mb-0\">ARTE<\/p>\n                                                        <p class=\"titulo mb-2\">Galeria de Artes Visuais do CECA recebe a exposi\u00e7\u00e3o &#8220;Falsas Urg\u00eancias&#8221;<\/p>\n                                                        <p class=\"descricao\">Obras do artista e professor do Departamento de Arte Visual, Danillo Gimenez Villa, ficar\u00e3o expostas at\u00e9 17 de junho.<\/p>\n                                                    <\/article>\n                                                <\/a><hr class=\"mt-4 mb-4 d-none d-md-block\"><a class=\"noticia-feed d-flex flex-column flex-md-row align-items-start\" href=\"https:\/\/operobal.uel.br\/ultimas\/2026\/05\/08\/novos-professores-da-uel-tomam-posse-em-cerimonia-no-ccb\/\">\n                                                    <img decoding=\"async\" class=\"lazy entered loaded\" src=\"https:\/\/operobal.uel.br\/wp-content\/uploads\/2026\/05\/Carimonia-Posse-Cred.-Maycon-Rocha-87.jpg\"\/>    \n                                                    <article class=\"ml-0 ml-md-4 corpo-noticia-feed\">\n                                                        <p class=\"antetitulo mb-0\">Efetivos<\/p>\n                                                        <p class=\"titulo mb-2\">Novos professores da UEL tomam posse em cerim\u00f4nia no CCB<\/p>\n                                                        <p class=\"descricao\">Professores entram em exerc\u00edcio em no m\u00e1ximo 60 dias. Previs\u00e3o publica\u00e7\u00e3o de edital para um novo concurso no final do segundo semestre.<\/p>\n                                                    <\/article>\n                                                <\/a><hr class=\"mt-4 mb-4 d-none d-md-block\"><a class=\"noticia-feed d-flex flex-column flex-md-row align-items-start\" href=\"https:\/\/operobal.uel.br\/casa-de-cultura\/2026\/05\/07\/empresa-junior-de-artes-cenicas-realiza-mostra-de-teatro-e-circo-na-dac\/\">\n                                                    <img decoding=\"async\" class=\"lazy entered loaded\" src=\"https:\/\/operobal.uel.br\/wp-content\/uploads\/2026\/05\/20-Mostra-Circo-e-Teatro.jpeg\"\/>    \n                                                    <article class=\"ml-0 ml-md-4 corpo-noticia-feed\">\n                                                        <p class=\"antetitulo mb-0\">Cultura<\/p>\n                                                        <p class=\"titulo mb-2\">Empresa  J\u00fanior de Artes C\u00eanicas realiza Mostra de Teatro e Circo na DAC<\/p>\n                                                        <p class=\"descricao\">Evento acontece de 15 a 17 de maio, com entrada gratuita. Al\u00e9m dos, espet\u00e1culos, discotecagens e a estreia de um minidocument\u00e1rio.<\/p>\n                                                    <\/article>\n                                                <\/a><hr class=\"mt-4 mb-4 d-none d-md-block\"><a class=\"noticia-feed d-flex flex-column flex-md-row align-items-start\" href=\"https:\/\/operobal.uel.br\/hospital-universitario\/2026\/05\/04\/4o-semana-integrada-de-enfermagem-abre-inscricoes\/\">\n                                                    <img decoding=\"async\" class=\"lazy entered loaded\" src=\"https:\/\/operobal.uel.br\/wp-content\/uploads\/2025\/11\/pronto-socorro-hu.jpg\"\/>    \n                                                    <article class=\"ml-0 ml-md-4 corpo-noticia-feed\">\n                                                        <p class=\"antetitulo mb-0\">Sa\u00fade<\/p>\n                                                        <p class=\"titulo mb-2\">4\u00ba Semana Integrada de Enfermagem abre inscri\u00e7\u00f5es<\/p>\n                                                        <p class=\"descricao\">O evento busca promover a reflex\u00e3o cr\u00edtica sobre a pr\u00e1tica profissional da Enfermagem.<\/p>\n                                                    <\/article>\n                                                <\/a><hr class=\"mt-4 mb-4 d-none d-md-block\"><a class=\"noticia-feed d-flex flex-column flex-md-row align-items-start\" href=\"https:\/\/operobal.uel.br\/sociedade\/2026\/04\/23\/com-protagonismo-da-uel-fazendinha-encerra-edicao-2026-como-espaco-de-extensao-inovacao-e-formacao\/\">\n                                                    <img decoding=\"async\" class=\"lazy entered loaded\" src=\"https:\/\/operobal.uel.br\/wp-content\/uploads\/2026\/04\/FOTOS-MURILO-2-scaled.jpg\"\/>    \n                                                    <article class=\"ml-0 ml-md-4 corpo-noticia-feed\">\n                                                        <p class=\"antetitulo mb-0\">Avalia\u00e7\u00e3o<\/p>\n                                                        <p class=\"titulo mb-2\">Com protagonismo da UEL, Fazendinha encerra edi\u00e7\u00e3o 2026 como espa\u00e7o de extens\u00e3o, inova\u00e7\u00e3o e forma\u00e7\u00e3o<\/p>\n                                                        <p class=\"descricao\">Milhares de visitantes passaram pelo espa\u00e7o coordenado pela Universidade e pelo IDR-PR durante a ExpoLondrina 2026. <\/p>\n                                                    <\/article>\n                                                <\/a><\/div><button id=\"feed-noticias-perobal-load-moreevento\" type=\"button\" class=\"feed-noticias-button\" data-endpoint=\"https:\/\/operobal.uel.br\/wp-json\/wp-perobal\/v1\/posts\/tags\/evento?numberposts=50\" data-ppp=\"5\" data-pages=\"5\">Leia mais<\/button>","protected":false},"excerpt":{"rendered":"<p>Conhe\u00e7a os eventos de Engenharia El\u00e9trica que est\u00e3o acontecendo e os que est\u00e3o para acontecer na UEL: Eventos diversos na UEL<\/p>\n","protected":false},"author":10,"featured_media":0,"parent":0,"menu_order":0,"comment_status":"closed","ping_status":"closed","template":"","meta":{"_acf_changed":false,"footnotes":""},"class_list":["post-180","page","type-page","status-publish","hentry"],"acf":[],"_links":{"self":[{"href":"https:\/\/graduacao.uel.br\/engenharia-eletrica\/wp-json\/wp\/v2\/pages\/180","targetHints":{"allow":["GET"]}}],"collection":[{"href":"https:\/\/graduacao.uel.br\/engenharia-eletrica\/wp-json\/wp\/v2\/pages"}],"about":[{"href":"https:\/\/graduacao.uel.br\/engenharia-eletrica\/wp-json\/wp\/v2\/types\/page"}],"author":[{"embeddable":true,"href":"https:\/\/graduacao.uel.br\/engenharia-eletrica\/wp-json\/wp\/v2\/users\/10"}],"replies":[{"embeddable":true,"href":"https:\/\/graduacao.uel.br\/engenharia-eletrica\/wp-json\/wp\/v2\/comments?post=180"}],"version-history":[{"count":5,"href":"https:\/\/graduacao.uel.br\/engenharia-eletrica\/wp-json\/wp\/v2\/pages\/180\/revisions"}],"predecessor-version":[{"id":360,"href":"https:\/\/graduacao.uel.br\/engenharia-eletrica\/wp-json\/wp\/v2\/pages\/180\/revisions\/360"}],"wp:attachment":[{"href":"https:\/\/graduacao.uel.br\/engenharia-eletrica\/wp-json\/wp\/v2\/media?parent=180"}],"curies":[{"name":"wp","href":"https:\/\/api.w.org\/{rel}","templated":true}]}}