{"id":191,"date":"2024-07-01T15:31:24","date_gmt":"2024-07-01T18:31:24","guid":{"rendered":"https:\/\/graduacao.uel.br\/engenharia-eletrica\/?page_id=191"},"modified":"2024-07-02T14:58:10","modified_gmt":"2024-07-02T17:58:10","slug":"projeto-pedagogico-ppc","status":"publish","type":"page","link":"https:\/\/graduacao.uel.br\/engenharia-eletrica\/projeto-pedagogico-ppc\/","title":{"rendered":"Projeto Pedag\u00f3gico (PPC)"},"content":{"rendered":"\n<p>A engenharia \u00e9 uma \u00e1rea de estudos que est\u00e1 em constante processo de transforma\u00e7\u00e3o. O colegiado, corpo docente e t\u00e9cnico do curso, atrav\u00e9s de reuni\u00f5es de departamento, colegiado e N\u00facleo Docente Estruturante (NDE) realizam cont\u00ednua auto avalia\u00e7\u00e3o de sua trajet\u00f3ria. <\/p>\n\n\n\n<p>Assim, atrav\u00e9s da elabora\u00e7\u00e3o de diversos projetos na busca de fomento externo, pela intera\u00e7\u00e3o com a sociedade atrav\u00e9s de conv\u00eanios e cursos de atualiza\u00e7\u00e3o docente, realizam um esfor\u00e7o constante para manuten\u00e7\u00e3o e atualiza\u00e7\u00e3o de informa\u00e7\u00f5es, t\u00e9cnicas, procedimentos, equipamentos e softwares aos estudantes.<\/p>\n\n\n\n<p>Em 2017, foi realizada a \u00faltima reformula\u00e7\u00e3o no Projeto Pedag\u00f3gico do Curso (PPC), com um curr\u00edculo muito mais atual em rela\u00e7\u00e3o aos avan\u00e7os tecnol\u00f3gicos, e atendendo a demanda de um novo perfil de estudante de engenharia el\u00e9trica, mais conectado, atualizado e proativo. O PPC implantado em 2018 ainda n\u00e3o formou a sua primeira turma, entretanto, por conta de exig\u00eancias legais a reformula\u00e7\u00e3o \u00e9 necess\u00e1ria neste momento. <\/p>\n\n\n\n<p>Por isso, pequenas altera\u00e7\u00f5es na estrutura do curso est\u00e3o sendo realizadas, com o objetivo de atender as normativas e corrigir pequenos problemas identificados. Atualmente, o curso est\u00e1 operando sob o sistema acad\u00eamico de cr\u00e9dito semestral, entretanto, novos modelos de sistemas acad\u00eamicos foram estabelecidos na Universidade Estadual de Londrina. <\/p>\n\n\n\n<p>Al\u00e9m disso, foi regulamentada a credita\u00e7\u00e3o curricular da extens\u00e3o, que exige a destina\u00e7\u00e3o de 10% da carga hor\u00e1ria total do curso para atividades extensionistas. Por fim, as disciplinas de Trabalho de Conclus\u00e3o de Curso e Est\u00e1gio Obrigat\u00f3rio est\u00e3o sendo anualizadas, al\u00e9m de pequenas corre\u00e7\u00f5es textuais para eliminar problemas de interpreta\u00e7\u00e3o. <\/p>\n\n\n\n<p>Portanto, o curso de Engenharia El\u00e9trica da Universidade Estadual de Londrina prop\u00f5e um novo Projeto Pedag\u00f3gico, atualizado com as tecnologias de mercado e comportamento dos estudantes, e adequado \u00e0s novas resolu\u00e7\u00f5es da nacionais e da Universidade Estadual de Londrina. O curr\u00edculo proposto busca desenvolver habilidades e compet\u00eancias cognitivas, procedimentais e atitudinais exigidas ao perfil do profissional proposto, aliadas \u00e0s novas metodologias de aprendizagem ativa e atividades extensionistas.<\/p>\n\n\n\n<p>O Projeto Pedag\u00f3gico em vigor foi implantando em 2021 e ainda n\u00e3o formou a sua primeira turma. Muitas altera\u00e7\u00f5es trouxeram fluidez ao curso, especialmente a distribui\u00e7\u00e3o semestral das disciplinas e a redu\u00e7\u00e3o dos pr\u00e9-requisitos. Ainda, a oferta das disciplinas optativas nos \u00faltimos anos flexibilizou a forma\u00e7\u00e3o do engenheiro eletricista e tem superado as expectativas. <\/p>\n\n\n\n<p>As disciplinas ofertadas est\u00e3o sendo procuradas pelos estudantes, em todas as quatros grandes \u00e1reas de forma\u00e7\u00e3o, e estes est\u00e3o mais interessados e participativos no processo de aprendizagem, pois possuem autonomia para definir os N\u00facleos Tem\u00e1ticos de seu interesse. Por isso, pretende-se manter a estrutura atual, alterando o m\u00ednimo poss\u00edvel o formato da proposta.<\/p>\n\n\n\n<p>Entretanto, as atividades de Trabalho de Conclus\u00e3o de Curso e Est\u00e1gio Obrigat\u00f3rio semestrais trouxeram problemas para os estudantes, limitando a forma\u00e7\u00e3o. Al\u00e9m disso, o departamento de matem\u00e1tica sugeriu a altera\u00e7\u00e3o da disciplina Equa\u00e7\u00f5es Diferenciais do terceiro semestre para o segundo semestre do segundo ano, de forma que os estudantes tenham mais preparo para curs\u00e1-la. <\/p>\n\n\n\n<p>Por isso, a atual mudan\u00e7a com o novo Projeto Pedag\u00f3gico de 2023 visa adequar o curr\u00edculo as demandas de sistema acad\u00eamico e credita\u00e7\u00e3o da extens\u00e3o, solucionando os problemas apontados no curr\u00edculo de 2021 e mantendo a proposta deste Projeto Pedag\u00f3gico, para que uma avalia\u00e7\u00e3o mais profunda seja poss\u00edvel ap\u00f3s a primeira turma concluir sua gradua\u00e7\u00e3o.<\/p>\n\n\n\n<div class=\"wp-block-buttons is-content-justification-center is-layout-flex wp-container-core-buttons-is-layout-16018d1d wp-block-buttons-is-layout-flex\">\n<div class=\"wp-block-button\"><a class=\"wp-block-button__link has-primary-accent-background-color has-background wp-element-button\" href=\"https:\/\/sites.uel.br\/prograd\/graduacao\/projetos-pedagogicos\/projetos-pedagogicos-engenharia-eletrica\/\">Resolu\u00e7\u00f5es e Delibera\u00e7\u00f5es<\/a><\/div>\n<\/div>\n\n\n\n<div class=\"wp-block-pb-accordion-item c-accordion__item js-accordion-item no-js\" data-initially-open=\"false\" data-click-to-close=\"true\" data-auto-close=\"true\" data-scroll=\"false\" data-scroll-offset=\"0\"><h6 id=\"at-1910\" class=\"c-accordion__title js-accordion-controller\" role=\"button\"><strong>DEPARTAMENTO<\/strong><\/h6><div id=\"ac-1910\" class=\"c-accordion__content\">\n<p>O Departamento, subunidade dos Centros de Estudos, constitui-se na menor estrutura de organiza\u00e7\u00e3o administrativa, did\u00e1tico cient\u00edfica e de lota\u00e7\u00e3o de pessoal.<br>No Departamento s\u00e3o reunidas atividades acad\u00eamicas afins e nele est\u00e3o integrados docentes e t\u00e9cnico administrativos para objetivos comuns. (Art. 122 do Regimento Geral da UEL).<\/p>\n<\/div><\/div>\n\n\n\n<div class=\"wp-block-pb-accordion-item c-accordion__item js-accordion-item no-js\" data-initially-open=\"false\" data-click-to-close=\"true\" data-auto-close=\"true\" data-scroll=\"false\" data-scroll-offset=\"0\"><h6 id=\"at-1911\" class=\"c-accordion__title js-accordion-controller\" role=\"button\"><strong>COLEGIADO<\/strong><\/h6><div id=\"ac-1911\" class=\"c-accordion__content\">\n<p>Os Colegiados de cursos de gradua\u00e7\u00e3o exercem a coordena\u00e7\u00e3o pedag\u00f3gica dos cursos e ser\u00e3o constitu\u00eddos por representantes docentes da \u00e1rea principal de conhecimento e da \u00e1rea b\u00e1sica e\/ou complementar de conhecimento, estudantes e servidores, na forma prevista nos \u00a72\u00ba e \u00a73\u00ba do Art. 27 do Estatuto da Universidade. (Art. alterado atrav\u00e9s da Resolu\u00e7\u00e3o CU 168\/2007).<\/p>\n<\/div><\/div>\n\n\n\n<div class=\"wp-block-pb-accordion-item c-accordion__item js-accordion-item no-js\" data-initially-open=\"false\" data-click-to-close=\"true\" data-auto-close=\"true\" data-scroll=\"false\" data-scroll-offset=\"0\"><h6 id=\"at-1912\" class=\"c-accordion__title js-accordion-controller\" role=\"button\"><strong>N\u00daCLEO DOCENTE ESTRUTURANTE (NDE)<\/strong><\/h6><div id=\"ac-1912\" class=\"c-accordion__content\">\n<p>O NDE institui-se como parte da estrutura de gest\u00e3o acad\u00eamica do curso com atribui\u00e7\u00f5es consultivas, propositivas e de assessoria, acerca de mat\u00e9rias de natureza acad\u00eamica e pedag\u00f3gica, sendo correspons\u00e1vel pela elabora\u00e7\u00e3o, implementa\u00e7\u00e3o e consolida\u00e7\u00e3o do Projeto Pedag\u00f3gico do Curso (PPC), al\u00e9m de zelar pelo cumprimento das Diretrizes Curriculares Nacionais (DCNs). Tem como objetivos:<\/p>\n\n\n\n<p>1 \u2013 Levantar dificuldades na atua\u00e7\u00e3o do corpo docente do Curso;<\/p>\n\n\n\n<p>2 \u2013 Auxiliar na elabora\u00e7\u00e3o e no acompanhamento do PPC;<\/p>\n\n\n\n<p>3 \u2013 Propor programas ou outras formas de capacita\u00e7\u00e3o docente;<\/p>\n\n\n\n<p>4 \u2013 Acompanhar as avalia\u00e7\u00f5es do Curso definidas pelo Colegiado;<\/p>\n\n\n\n<p>5 \u2013 Analisar e propor modifica\u00e7\u00f5es, quando necess\u00e1rias;<\/p>\n\n\n\n<p>6 \u2013 Indicar formas de incentivo ao desenvolvimento de atividades de pesquisa;<\/p>\n\n\n\n<p>7 \u2013 Contribuir para a concretiza\u00e7\u00e3o do perfil profissional;<\/p>\n\n\n\n<p>8 \u2013 Zelar pelo cumprimento das DCNs aplic\u00e1veis ao Curso de Engenharia El\u00e9trica.<\/p>\n<\/div><\/div>\n\n\n\n<div class=\"wp-block-columns is-layout-flex wp-container-core-columns-is-layout-9d6595d7 wp-block-columns-is-layout-flex\">\n<div class=\"wp-block-column is-layout-flow wp-block-column-is-layout-flow\"><\/div>\n<\/div>\n","protected":false},"excerpt":{"rendered":"<p>A engenharia \u00e9 uma \u00e1rea de estudos que est\u00e1 em constante processo de transforma\u00e7\u00e3o. O colegiado, corpo docente e t\u00e9cnico do curso, atrav\u00e9s de reuni\u00f5es de departamento, colegiado e N\u00facleo Docente Estruturante (NDE) realizam cont\u00ednua auto avalia\u00e7\u00e3o de sua trajet\u00f3ria. Assim, atrav\u00e9s da elabora\u00e7\u00e3o de diversos projetos na busca de fomento externo, pela intera\u00e7\u00e3o com [&hellip;]<\/p>\n","protected":false},"author":10,"featured_media":0,"parent":0,"menu_order":0,"comment_status":"closed","ping_status":"closed","template":"","meta":{"_acf_changed":false,"footnotes":""},"class_list":["post-191","page","type-page","status-publish","hentry"],"acf":[],"_links":{"self":[{"href":"https:\/\/graduacao.uel.br\/engenharia-eletrica\/wp-json\/wp\/v2\/pages\/191","targetHints":{"allow":["GET"]}}],"collection":[{"href":"https:\/\/graduacao.uel.br\/engenharia-eletrica\/wp-json\/wp\/v2\/pages"}],"about":[{"href":"https:\/\/graduacao.uel.br\/engenharia-eletrica\/wp-json\/wp\/v2\/types\/page"}],"author":[{"embeddable":true,"href":"https:\/\/graduacao.uel.br\/engenharia-eletrica\/wp-json\/wp\/v2\/users\/10"}],"replies":[{"embeddable":true,"href":"https:\/\/graduacao.uel.br\/engenharia-eletrica\/wp-json\/wp\/v2\/comments?post=191"}],"version-history":[{"count":6,"href":"https:\/\/graduacao.uel.br\/engenharia-eletrica\/wp-json\/wp\/v2\/pages\/191\/revisions"}],"predecessor-version":[{"id":238,"href":"https:\/\/graduacao.uel.br\/engenharia-eletrica\/wp-json\/wp\/v2\/pages\/191\/revisions\/238"}],"wp:attachment":[{"href":"https:\/\/graduacao.uel.br\/engenharia-eletrica\/wp-json\/wp\/v2\/media?parent=191"}],"curies":[{"name":"wp","href":"https:\/\/api.w.org\/{rel}","templated":true}]}}