{"id":197,"date":"2024-07-01T15:33:34","date_gmt":"2024-07-01T18:33:34","guid":{"rendered":"https:\/\/graduacao.uel.br\/engenharia-eletrica\/?page_id=197"},"modified":"2024-07-03T08:48:59","modified_gmt":"2024-07-03T11:48:59","slug":"contatos","status":"publish","type":"page","link":"https:\/\/graduacao.uel.br\/engenharia-eletrica\/contatos\/","title":{"rendered":"Contatos"},"content":{"rendered":"\n<p><strong>Coordenador do Colegiado<\/strong><br>Jaime Laelson Jacob<br>jaime.jacob@uel.br<\/p>\n\n\n\n<p><strong>Vice-Coordenador do Colegiado<\/strong><br>D\u00e9cio Luis Gazzoni Filho<br>dgazzoni@uel.br<\/p>\n\n\n\n<p><strong>Coordenador de Est\u00e1gio<\/strong><br>Jos\u00e9 Alexandre de Fran\u00e7a<br>josealexandre@uel.br<\/p>\n\n\n\n<p><strong>Coordenador de TCC<\/strong><br>Aziz Elias Demian J\u00fanior<br>aziz@uel.br<\/p>\n\n\n\n<p><strong>Coordenador de AEX<\/strong><br>Ernesto Fernando Ferreyra Ramirez<br>ferreyra@admin<\/p>\n\n\n\n<p><strong>Coordenador do N\u00facleo Docente Estruturante (NDE)<\/strong><br>Jaime Laelson Jacob<br>jaime.jacob@uel.br<\/p>\n\n\n\n<div class=\"wp-block-columns is-layout-flex wp-container-core-columns-is-layout-9d6595d7 wp-block-columns-is-layout-flex\">\n<div class=\"wp-block-column is-layout-flow wp-block-column-is-layout-flow\"><\/div>\n<\/div>\n","protected":false},"excerpt":{"rendered":"<p>Coordenador do ColegiadoJaime Laelson Jacobjaime.jacob@uel.br Vice-Coordenador do ColegiadoD\u00e9cio Luis Gazzoni Filhodgazzoni@uel.br Coordenador de Est\u00e1gioJos\u00e9 Alexandre de Fran\u00e7ajosealexandre@uel.br Coordenador de TCCAziz Elias Demian J\u00fanioraziz@uel.br Coordenador de AEXErnesto Fernando Ferreyra Ramirezferreyra@admin Coordenador do N\u00facleo Docente Estruturante (NDE)Jaime Laelson Jacobjaime.jacob@uel.br<\/p>\n","protected":false},"author":10,"featured_media":0,"parent":0,"menu_order":0,"comment_status":"closed","ping_status":"closed","template":"","meta":{"_acf_changed":false,"footnotes":""},"class_list":["post-197","page","type-page","status-publish","hentry"],"acf":[],"_links":{"self":[{"href":"https:\/\/graduacao.uel.br\/engenharia-eletrica\/wp-json\/wp\/v2\/pages\/197","targetHints":{"allow":["GET"]}}],"collection":[{"href":"https:\/\/graduacao.uel.br\/engenharia-eletrica\/wp-json\/wp\/v2\/pages"}],"about":[{"href":"https:\/\/graduacao.uel.br\/engenharia-eletrica\/wp-json\/wp\/v2\/types\/page"}],"author":[{"embeddable":true,"href":"https:\/\/graduacao.uel.br\/engenharia-eletrica\/wp-json\/wp\/v2\/users\/10"}],"replies":[{"embeddable":true,"href":"https:\/\/graduacao.uel.br\/engenharia-eletrica\/wp-json\/wp\/v2\/comments?post=197"}],"version-history":[{"count":7,"href":"https:\/\/graduacao.uel.br\/engenharia-eletrica\/wp-json\/wp\/v2\/pages\/197\/revisions"}],"predecessor-version":[{"id":265,"href":"https:\/\/graduacao.uel.br\/engenharia-eletrica\/wp-json\/wp\/v2\/pages\/197\/revisions\/265"}],"wp:attachment":[{"href":"https:\/\/graduacao.uel.br\/engenharia-eletrica\/wp-json\/wp\/v2\/media?parent=197"}],"curies":[{"name":"wp","href":"https:\/\/api.w.org\/{rel}","templated":true}]}}