{"id":272,"date":"2024-07-03T09:07:10","date_gmt":"2024-07-03T12:07:10","guid":{"rendered":"https:\/\/graduacao.uel.br\/engenharia-eletrica\/?page_id=272"},"modified":"2024-07-03T10:19:45","modified_gmt":"2024-07-03T13:19:45","slug":"estagio","status":"publish","type":"page","link":"https:\/\/graduacao.uel.br\/engenharia-eletrica\/estagio\/","title":{"rendered":"Est\u00e1gio"},"content":{"rendered":"\n<p>O Est\u00e1gio Curricular do Curso de Engenharia &#8211; Habilita\u00e7\u00e3o Engenharia El\u00e9trica \u00e9 caracterizado como um conjunto de atividades de aprendizagem profissional e cultural proporcionadas ao estudante pela participa\u00e7\u00e3o em situa\u00e7\u00f5es reais da vida e de seu meio, realizado sob responsabilidade e coordena\u00e7\u00e3o do Colegiado do Curso e Coordena\u00e7\u00e3o de Est\u00e1gio. <\/p>\n\n\n\n<p>O Est\u00e1gio Curricular dever\u00e1 ser realizado em \u00e1rea compat\u00edvel com o Curso de Engenharia &#8211; Habilita\u00e7\u00e3o Engenharia El\u00e9trica, sendo expressamente vedado o exerc\u00edcio de qualquer outra atividade n\u00e3o relacionada \u00e0 sua \u00e1rea de forma\u00e7\u00e3o. A realiza\u00e7\u00e3o do Est\u00e1gio Curricular por parte do estudante n\u00e3o acarreta v\u00ednculo de qualquer natureza, mesmo que receba bolsa ou outra forma de contrapresta\u00e7\u00e3o que venha a ser acordada pela concedente do est\u00e1gio.<\/p>\n\n\n\n<p>A carga hor\u00e1ria do Est\u00e1gio Curricular \u00e9 de 160 (cento e sessenta) horas, sendo at\u00e9 30 (trinta) horas semanais, podendo ser realizado de segunda a sexta-feira e aos s\u00e1bados de manh\u00e3, e, excepcionalmente, a crit\u00e9rio e sob responsabilidade do Colegiada do Curso, o est\u00e1gio poder\u00e1 ser realizado tamb\u00e9m nos demais hor\u00e1rios de s\u00e1bado, assim como aos domingos.<\/p>\n\n\n\n<p>Constituem campo de est\u00e1gio as entidades de direito privado, os \u00f3rg\u00e3os da administra\u00e7\u00e3o p\u00fablica, as institui\u00e7\u00f5es de ensino e\/ou pesquisa, as pr\u00f3prias unidades da Universidade Estadual de Londrina e a comunidade em geral, desde que apresentem condi\u00e7\u00f5es para:<\/p>\n\n\n\n<p>l. planejamento e execu\u00e7\u00e3o conjuntos das atividades de est\u00e1gio;<\/p>\n\n\n\n<p>II. aprofundamento dos conhecimentos te\u00f3rico-pr\u00e1ticos estabelecidos no Projeto Pedag\u00f3gico do Curso de Engenharia &#8211; habilita\u00e7\u00e3o Engenharia El\u00e9trica;<\/p>\n\n\n\n<p>III. viv\u00eancia efetiva de situa\u00e7\u00f5es do cotidiano do engenheiro;<\/p>\n\n\n\n<p>IV. avalia\u00e7\u00e3o;<\/p>\n\n\n\n<p>V. exist\u00eancia e disponibilidade de infraestrutura f\u00edsica, de material, de equipamentos e de recursos humanos para realiza\u00e7\u00e3o das atividades pertinentes ao est\u00e1gio;<\/p>\n\n\n\n<p>VI. exist\u00eancia e disponibilidade de um profissional que aluar\u00e1 como Orientador de Campo, que ser\u00e1 o respons\u00e1vel pelo acompanhamento das atividades do estagi\u00e1rio no local do est\u00e1gio, durante o per\u00edodo integral de sua realiza\u00e7\u00e3o. \u00a0O Orientador de Campo de Est\u00e1gio dever\u00e1 ser um profissional de n\u00edvel t\u00e9cnico ou superior, com experi\u00eancia comprovada na \u00e1rea espec\u00edfica do Plano de Est\u00e1gio. As atividades a serem desenvolvidas pelo estudante devem constar do Plano de Est\u00e1gio, elaborado pelo estudante e seu Supervisor de Est\u00e1gio, com a participa\u00e7\u00e3o do Orientador de Campo.<\/p>\n\n\n\n<p>A supervis\u00e3o de est\u00e1gio compreende a orienta\u00e7\u00e3o e o acompanhamento do estudante no decorrer de suas atividades de est\u00e1gio, de forma a permitir o melhor desempenho de a\u00e7\u00f5es pertinentes \u00e0 realidade da profiss\u00e3o. Somente podem ser Supervisores de Est\u00e1gio, docentes do Departamento de Engenharia El\u00e9trica da UEL. <\/p>\n\n\n\n<p>Os Supervisores de Est\u00e1gio ser\u00e3o indicados pelo Coordenador de Est\u00e1gio, observando a \u00e1rea de forma\u00e7\u00e3o e experi\u00eancia profissional do docente e as peculiaridades do campo de trabalho em que se realizar\u00e1 o est\u00e1gio.<\/p>\n\n\n\n<p>A supervis\u00e3o de est\u00e1gio pode ser desenvolvida por meio de supervis\u00e3o Semidireta e Indireta. Na supervis\u00e3o Semidireta, a orienta\u00e7\u00e3o e o acompanhamento do estudante s\u00e3o realizados por meio de visitas sistem\u00e1ticas ao campo de est\u00e1gio, a fim de manter contato com o Orientador de Campo, al\u00e9m de entrevistas e reuni\u00f5es peri\u00f3dicas com os estudantes. <\/p>\n\n\n\n<p>Na supervis\u00e3o Indireta, o acompanhamento do est\u00e1gio \u00e9 feito por meio de contatos espor\u00e1dicos com o estagi\u00e1rio e com o Orientador de Campo, relat\u00f3rios e, sempre que poss\u00edvel, visitas ao campo de est\u00e1gio.<\/p>\n\n\n\n<p>Ap\u00f3s o t\u00e9rmino do est\u00e1gio obrigat\u00f3rio, o estudante dever\u00e1 entregar ao seu Supervisor de Est\u00e1gio o Relat\u00f3rio de Atividades de Est\u00e1gio que apresenta a Avalia\u00e7\u00e3o de Desempenho do Estagi\u00e1rio e os Resultados do Acompanhamento do Est\u00e1gio, preenchidos pelo Orientador de Campo. <\/p>\n\n\n\n<p>O estudante receber\u00e1 uma Nota Final na forma de uma m\u00e9dia de quatro notas atribu\u00eddas pelo Supervisor de Est\u00e1gio, baseadas no Relat\u00f3rio de Atividades e na Ficha de Avalia\u00e7\u00e3o do Est\u00e1gio Obrigat\u00f3rio. Ser\u00e1 considerado aprovado o estudante que obtiver M\u00e9dia Final igual ou superior a 7 (sete), n\u00e3o havendo exame final. <\/p>\n\n\n\n<p>Durante o per\u00edodo de realiza\u00e7\u00e3o do Est\u00e1gio, o estagi\u00e1rio dever\u00e1 estar coberto por uma ap\u00f3lice de seguro contra acidentes pessoais a ser feita pela UEL. Para a realiza\u00e7\u00e3o do est\u00e1gio, o Termo de Compromisso \u00e9 um documento obrigat\u00f3rio em unidades conveniadas com a UEL, com assinaturas do interveniente e entrega na PROGRAD.<\/p>\n\n\n\n<div class=\"wp-block-buttons is-content-justification-center is-layout-flex wp-container-core-buttons-is-layout-16018d1d wp-block-buttons-is-layout-flex\">\n<div class=\"wp-block-button\"><a class=\"wp-block-button__link has-primary-accent-background-color has-background wp-element-button\" href=\"https:\/\/sites.uel.br\/prograd\/estudante\/estagios-e-intercambios\/\">Informa\u00e7\u00f5es Est\u00e1gio<\/a><\/div>\n<\/div>\n\n\n\n<div class=\"wp-block-columns is-layout-flex wp-container-core-columns-is-layout-9d6595d7 wp-block-columns-is-layout-flex\">\n<div class=\"wp-block-column is-layout-flow wp-block-column-is-layout-flow\"><\/div>\n<\/div>\n","protected":false},"excerpt":{"rendered":"<p>O Est\u00e1gio Curricular do Curso de Engenharia &#8211; Habilita\u00e7\u00e3o Engenharia El\u00e9trica \u00e9 caracterizado como um conjunto de atividades de aprendizagem profissional e cultural proporcionadas ao estudante pela participa\u00e7\u00e3o em situa\u00e7\u00f5es reais da vida e de seu meio, realizado sob responsabilidade e coordena\u00e7\u00e3o do Colegiado do Curso e Coordena\u00e7\u00e3o de Est\u00e1gio. O Est\u00e1gio Curricular dever\u00e1 ser [&hellip;]<\/p>\n","protected":false},"author":10,"featured_media":0,"parent":0,"menu_order":0,"comment_status":"closed","ping_status":"closed","template":"","meta":{"_acf_changed":false,"footnotes":""},"class_list":["post-272","page","type-page","status-publish","hentry"],"acf":[],"_links":{"self":[{"href":"https:\/\/graduacao.uel.br\/engenharia-eletrica\/wp-json\/wp\/v2\/pages\/272","targetHints":{"allow":["GET"]}}],"collection":[{"href":"https:\/\/graduacao.uel.br\/engenharia-eletrica\/wp-json\/wp\/v2\/pages"}],"about":[{"href":"https:\/\/graduacao.uel.br\/engenharia-eletrica\/wp-json\/wp\/v2\/types\/page"}],"author":[{"embeddable":true,"href":"https:\/\/graduacao.uel.br\/engenharia-eletrica\/wp-json\/wp\/v2\/users\/10"}],"replies":[{"embeddable":true,"href":"https:\/\/graduacao.uel.br\/engenharia-eletrica\/wp-json\/wp\/v2\/comments?post=272"}],"version-history":[{"count":11,"href":"https:\/\/graduacao.uel.br\/engenharia-eletrica\/wp-json\/wp\/v2\/pages\/272\/revisions"}],"predecessor-version":[{"id":299,"href":"https:\/\/graduacao.uel.br\/engenharia-eletrica\/wp-json\/wp\/v2\/pages\/272\/revisions\/299"}],"wp:attachment":[{"href":"https:\/\/graduacao.uel.br\/engenharia-eletrica\/wp-json\/wp\/v2\/media?parent=272"}],"curies":[{"name":"wp","href":"https:\/\/api.w.org\/{rel}","templated":true}]}}