{"id":281,"date":"2024-07-03T09:07:42","date_gmt":"2024-07-03T12:07:42","guid":{"rendered":"https:\/\/graduacao.uel.br\/engenharia-eletrica\/?page_id=281"},"modified":"2024-07-03T11:45:28","modified_gmt":"2024-07-03T14:45:28","slug":"tcc","status":"publish","type":"page","link":"https:\/\/graduacao.uel.br\/engenharia-eletrica\/tcc\/","title":{"rendered":"TCC"},"content":{"rendered":"\n<p>O TCC para o curso de Engenharia El\u00e9trica \u00e9 uma atividade obrigat\u00f3ria e dever\u00e1 ser realizada totalmente no turno do curso. Atualmente, encontra-se regulamentada pela Delibera\u00e7\u00e3o 012\/2010, da C\u00e2mara de Gradua\u00e7\u00e3o da UEL. Para atender plenamente este novo PPC, a mesma ser\u00e1 ajustada como segue.<\/p>\n\n\n\n<p><strong>1 &#8211; Natureza do Trabalho<\/strong><\/p>\n\n\n\n<ol class=\"wp-block-list\"><\/ol>\n\n\n\n<p>O Trabalho de Conclus\u00e3o de Curso (TCC) de Engenharia &#8211; Habilita\u00e7\u00e3o Engenharia El\u00e9trica \u00e9 trabalho de natureza monogr\u00e1fica, com defesa oral e p\u00fablica, devendo ser elaborado individualmente pelo estudante, devidamente matriculado na atividade acad\u00eamica obrigat\u00f3ria especial Trabalho de Conclus\u00e3o de Curso &#8211; TCC.<\/p>\n\n\n\n<p>Deve ser de natureza cient\u00edfica ou t\u00e9cnica e se enquadrar em uma das grandes \u00e1reas da Engenharia El\u00e9trica: Eletr\u00f4nica, Controle e Automa\u00e7\u00e3o, Eletrot\u00e9cnica ou Telecomunica\u00e7\u00f5es.<\/p>\n\n\n\n<p><strong>2 &#8211; Objetivos<\/strong><\/p>\n\n\n\n<ol class=\"wp-block-list\"><\/ol>\n\n\n\n<p>O TCC tem como objetivo capacitar o estudante para elabora\u00e7\u00e3o de estudos nas \u00e1reas de concentra\u00e7\u00e3o do curso de forma a correlacionar e aprofundar os conhecimentos te\u00f3ricos e pr\u00e1ticos adquiridos; propiciar ao estudante o contato com o processo de investiga\u00e7\u00e3o cient\u00edfica; contribuir para o enriquecimento das diferentes linhas de estudo do Departamento de Engenharia El\u00e9trica, estimulando a produ\u00e7\u00e3o cient\u00edfica articulada com as necessidades da comunidade local, nacional e internacional.<\/p>\n\n\n\n<p><strong>3 &#8211; Formato de Desenvolvimento do TCC<\/strong><\/p>\n\n\n\n<ol class=\"wp-block-list\"><\/ol>\n\n\n\n<p>O TCC ser\u00e1 uma atividade acad\u00eamica anual e recomenda-se o cumprimento das seguintes etapas:<\/p>\n\n\n\n<p>l. defini\u00e7\u00e3o do tema juntamente com um orientador, em comum acordo;<\/p>\n\n\n\n<p>II. estudo bibliogr\u00e1fico;<\/p>\n\n\n\n<p>III. desenvolvimento de um pr\u00e9-projeto;<\/p>\n\n\n\n<p>IV. aprofundamento da revis\u00e3o bibliogr\u00e1fica;<\/p>\n\n\n\n<p>V. defini\u00e7\u00e3o e execu\u00e7\u00e3o da metodologia;<\/p>\n\n\n\n<p>VI. obten\u00e7\u00e3o de resultados preliminares;<\/p>\n\n\n\n<p>VII. apresenta\u00e7\u00e3o do Trabalho de Conclus\u00e3o de Curso a uma pr\u00e9-banca;<\/p>\n\n\n\n<p>VIII. conclus\u00e3o das atividades previstas em cronograma, inclusive aquelas adicionadas pela banca preliminar;<\/p>\n\n\n\n<p>IX. produ\u00e7\u00e3o de uma monografia completa a ser apresentada em uma banca p\u00fablica.<\/p>\n\n\n\n<p><strong>4 &#8211; Forma de orienta\u00e7\u00e3o<\/strong><\/p>\n\n\n\n<ol class=\"wp-block-list\"><\/ol>\n\n\n\n<p>A orienta\u00e7\u00e3o do trabalho dever\u00e1 ser realizada por meio de encontros, nas quais orientador e orientado ir\u00e3o sincronizar as atividades realizadas e a realizar. A atividade acad\u00eamica TCC ter\u00e1 o controle de presen\u00e7a.<\/p>\n\n\n\n<p><strong>5 &#8211; Forma de avalia\u00e7\u00e3o<\/strong><\/p>\n\n\n\n<ol class=\"wp-block-list\"><\/ol>\n\n\n\n<p>Primeiro bimestre: O objeto de avalia\u00e7\u00e3o do primeiro bimestre \u00e9 o pr\u00e9-projeto escrito pelo estudante. Cabe ao docente orientador estipular uma nota para cada um dos itens que comp\u00f5em um pr\u00e9-projeto: t\u00edtulo; resumo; introdu\u00e7\u00e3o (com revis\u00e3o bibliogr\u00e1fica); objetivos; justificativa; metodologia; resultados esperados; cronograma.<\/p>\n\n\n\n<p>A revis\u00e3o bibliogr\u00e1fica pode ser um item \u00e0 parte do pr\u00e9-projeto e sua avalia\u00e7\u00e3o pode ser dada por meio de outro tipo de entrega, como um artigo de revis\u00e3o ou parte da monografia, por exemplo.<\/p>\n\n\n\n<p>Segundo e terceiro bimestres: O objeto de avalia\u00e7\u00e3o nesta fase \u00e9 o desenvolvimento do trabalho de TCC, ou seja, a aplica\u00e7\u00e3o da metodologia e o cumprimento do cronograma. O estudante dever\u00e1 entregar um texto preliminar contendo: t\u00edtulo; resumo; introdu\u00e7\u00e3o; revis\u00e3o bibliogr\u00e1fica; parte do desenvolvimento; e conclus\u00f5es preliminares. <\/p>\n\n\n\n<p>O trabalho preliminar dever\u00e1 ser apresentado a uma banca (n\u00e3o p\u00fablica) constitu\u00edda por no m\u00ednimo tr\u00eas professores. A nota ser\u00e1 correspondente \u00e0 m\u00e9dia da nota dos docentes da chamada pr\u00e9-banca, dado o preenchimento de formul\u00e1rio de avalia\u00e7\u00e3o espec\u00edfico.<\/p>\n\n\n\n<p>Quarto bimestre &#8211; Por fim, a avalia\u00e7\u00e3o ser\u00e1 baseada na monografia e sua apresenta\u00e7\u00e3o \u00e0 banca. Nesta fase, a banca \u00e9 p\u00fablica, composta pelos mesmos tr\u00eas professores da banca da pr\u00e9-defesa, salvo em casos de for\u00e7a maior. <\/p>\n\n\n\n<p>Este ponto \u00e9 muito importante para que haja uma avalia\u00e7\u00e3o da evolu\u00e7\u00e3o do trabalho. A nota ser\u00e1 correspondente \u00e0 m\u00e9dia da nota dos docentes da banca, dado o preenchimento de formul\u00e1rio de avalia\u00e7\u00e3o espec\u00edfico.<\/p>\n\n\n\n<p>Para ser aprovado em Trabalho de Conclus\u00e3o de Curso o estudante deve atingir a m\u00e9dia 6,0 e frequ\u00eancia de 75%. N\u00e3o haver\u00e1 exame.<\/p>\n\n\n\n<div class=\"wp-block-columns is-layout-flex wp-container-core-columns-is-layout-9d6595d7 wp-block-columns-is-layout-flex\">\n<div class=\"wp-block-column is-layout-flow wp-block-column-is-layout-flow\"><\/div>\n<\/div>\n","protected":false},"excerpt":{"rendered":"<p>O TCC para o curso de Engenharia El\u00e9trica \u00e9 uma atividade obrigat\u00f3ria e dever\u00e1 ser realizada totalmente no turno do curso. Atualmente, encontra-se regulamentada pela Delibera\u00e7\u00e3o 012\/2010, da C\u00e2mara de Gradua\u00e7\u00e3o da UEL. Para atender plenamente este novo PPC, a mesma ser\u00e1 ajustada como segue. 1 &#8211; Natureza do Trabalho O Trabalho de Conclus\u00e3o de [&hellip;]<\/p>\n","protected":false},"author":10,"featured_media":0,"parent":0,"menu_order":0,"comment_status":"closed","ping_status":"closed","template":"","meta":{"_acf_changed":false,"footnotes":""},"class_list":["post-281","page","type-page","status-publish","hentry"],"acf":[],"_links":{"self":[{"href":"https:\/\/graduacao.uel.br\/engenharia-eletrica\/wp-json\/wp\/v2\/pages\/281","targetHints":{"allow":["GET"]}}],"collection":[{"href":"https:\/\/graduacao.uel.br\/engenharia-eletrica\/wp-json\/wp\/v2\/pages"}],"about":[{"href":"https:\/\/graduacao.uel.br\/engenharia-eletrica\/wp-json\/wp\/v2\/types\/page"}],"author":[{"embeddable":true,"href":"https:\/\/graduacao.uel.br\/engenharia-eletrica\/wp-json\/wp\/v2\/users\/10"}],"replies":[{"embeddable":true,"href":"https:\/\/graduacao.uel.br\/engenharia-eletrica\/wp-json\/wp\/v2\/comments?post=281"}],"version-history":[{"count":11,"href":"https:\/\/graduacao.uel.br\/engenharia-eletrica\/wp-json\/wp\/v2\/pages\/281\/revisions"}],"predecessor-version":[{"id":324,"href":"https:\/\/graduacao.uel.br\/engenharia-eletrica\/wp-json\/wp\/v2\/pages\/281\/revisions\/324"}],"wp:attachment":[{"href":"https:\/\/graduacao.uel.br\/engenharia-eletrica\/wp-json\/wp\/v2\/media?parent=281"}],"curies":[{"name":"wp","href":"https:\/\/api.w.org\/{rel}","templated":true}]}}