{"id":329,"date":"2024-07-03T13:54:05","date_gmt":"2024-07-03T16:54:05","guid":{"rendered":"https:\/\/graduacao.uel.br\/engenharia-eletrica\/?page_id=329"},"modified":"2024-07-03T14:14:58","modified_gmt":"2024-07-03T17:14:58","slug":"empresa-junior","status":"publish","type":"page","link":"https:\/\/graduacao.uel.br\/engenharia-eletrica\/empresa-junior\/","title":{"rendered":"Empresa J\u00fanior"},"content":{"rendered":"\n<p>Conhe\u00e7a a <strong>3E-UEL<\/strong>, uma empresa j\u00fanior de Engenharia El\u00e9trica da Universidade Estadual de Londrina, fundada em 2005. Nosso prop\u00f3sito \u00e9 proporcionar aos estudantes de engenharia el\u00e9trica uma experi\u00eancia pr\u00e1tica no mundo empresarial. <\/p>\n\n\n\n<p>Oferecemos solu\u00e7\u00f5es de impacto, como projetos fotovoltaicos, el\u00e9tricos residenciais\/comerciais, RTIs, efici\u00eancia energ\u00e9tica e prototipagem eletr\u00f4nica. <\/p>\n\n\n\n<p>Como parte do Movimento Empresa J\u00fanior, estamos comprometidos em contribuir para o desenvolvimento sustent\u00e1vel da sociedade, oferecendo servi\u00e7os de qualidade.<\/p>\n\n\n\n<p><strong>Presidente: Vinicius Roberto Santos da Silva<\/strong><\/p>\n\n\n\n<p>Conhe\u00e7a a 3E-UEL: <a href=\"https:\/\/www.instagram.com\/3euel\/\">Instagran<\/a><\/p>\n\n\n\n<div class=\"wp-block-columns is-layout-flex wp-container-core-columns-is-layout-9d6595d7 wp-block-columns-is-layout-flex\">\n<div class=\"wp-block-column is-layout-flow wp-block-column-is-layout-flow\"><\/div>\n<\/div>\n","protected":false},"excerpt":{"rendered":"<p>Conhe\u00e7a a 3E-UEL, uma empresa j\u00fanior de Engenharia El\u00e9trica da Universidade Estadual de Londrina, fundada em 2005. Nosso prop\u00f3sito \u00e9 proporcionar aos estudantes de engenharia el\u00e9trica uma experi\u00eancia pr\u00e1tica no mundo empresarial. Oferecemos solu\u00e7\u00f5es de impacto, como projetos fotovoltaicos, el\u00e9tricos residenciais\/comerciais, RTIs, efici\u00eancia energ\u00e9tica e prototipagem eletr\u00f4nica. Como parte do Movimento Empresa J\u00fanior, estamos comprometidos [&hellip;]<\/p>\n","protected":false},"author":10,"featured_media":0,"parent":0,"menu_order":0,"comment_status":"closed","ping_status":"closed","template":"","meta":{"_acf_changed":false,"footnotes":""},"class_list":["post-329","page","type-page","status-publish","hentry"],"acf":[],"_links":{"self":[{"href":"https:\/\/graduacao.uel.br\/engenharia-eletrica\/wp-json\/wp\/v2\/pages\/329","targetHints":{"allow":["GET"]}}],"collection":[{"href":"https:\/\/graduacao.uel.br\/engenharia-eletrica\/wp-json\/wp\/v2\/pages"}],"about":[{"href":"https:\/\/graduacao.uel.br\/engenharia-eletrica\/wp-json\/wp\/v2\/types\/page"}],"author":[{"embeddable":true,"href":"https:\/\/graduacao.uel.br\/engenharia-eletrica\/wp-json\/wp\/v2\/users\/10"}],"replies":[{"embeddable":true,"href":"https:\/\/graduacao.uel.br\/engenharia-eletrica\/wp-json\/wp\/v2\/comments?post=329"}],"version-history":[{"count":5,"href":"https:\/\/graduacao.uel.br\/engenharia-eletrica\/wp-json\/wp\/v2\/pages\/329\/revisions"}],"predecessor-version":[{"id":345,"href":"https:\/\/graduacao.uel.br\/engenharia-eletrica\/wp-json\/wp\/v2\/pages\/329\/revisions\/345"}],"wp:attachment":[{"href":"https:\/\/graduacao.uel.br\/engenharia-eletrica\/wp-json\/wp\/v2\/media?parent=329"}],"curies":[{"name":"wp","href":"https:\/\/api.w.org\/{rel}","templated":true}]}}