{"id":18,"date":"2024-07-11T21:19:42","date_gmt":"2024-07-12T00:19:42","guid":{"rendered":"https:\/\/graduacao.uel.br\/farmacia\/?page_id=18"},"modified":"2024-07-11T21:19:42","modified_gmt":"2024-07-12T00:19:42","slug":"projetos","status":"publish","type":"page","link":"https:\/\/graduacao.uel.br\/farmacia\/projetos\/","title":{"rendered":"Projetos"},"content":{"rendered":"\n<p>Projetos de pesquisa, ensino e extens\u00e3o fazem parte do trip\u00e9 da Universidade Estadual de Londrina (UEL), s\u00e3o componentes fundamentais da miss\u00e3o das universidades p\u00fablicas, desempenhando pap\u00e9is distintos na forma\u00e7\u00e3o dos estudantes, no desenvolvimento da sociedade e s\u00e3o vistos como essenciais para uma forma\u00e7\u00e3o acad\u00eamica completa.<\/p>\n\n\n\n<p><\/p>\n\n\n\n<div class=\"wp-block-pb-accordion-item c-accordion__item js-accordion-item no-js\" data-initially-open=\"false\" data-click-to-close=\"true\" data-auto-close=\"true\" data-scroll=\"false\" data-scroll-offset=\"0\"><h5 id=\"at-180\" class=\"c-accordion__title js-accordion-controller\" role=\"button\">Projetos de Pesquisa<\/h5><div id=\"ac-180\" class=\"c-accordion__content\">\n<p>Estes projetos, devem ser entendidos como um conjunto de procedimentos temporalmente situados, com a finalidade de garantir a consecu\u00e7\u00e3o de pesquisa que contemple a promo\u00e7\u00e3o, a atualiza\u00e7\u00e3o, o aprimoramento e produ\u00e7\u00e3o do conhecimento cient\u00edfico, cultural, art\u00edstico e tecnol\u00f3gico.<\/p>\n\n\n\n<p>Para mais informa\u00e7\u00f5es sobre esse tipo de projeto\u00a0<strong><a href=\"https:\/\/www.sistemasweb.uel.br\/index.php?contents=system\/prj\/pes\/index.php&amp;pagina=pes_qry_departamento2.php&amp;p_cod_centro=05000000\" target=\"_blank\" rel=\"noreferrer noopener\">clique aqui<\/a><\/strong>.<\/p>\n\n\n\n<p><strong>OBSERVA\u00c7\u00c3O<\/strong>: Recomendado o uso do Mozilla Firefox (vers\u00e3o 18 ou superior), Google Chrome (vers\u00e3o 24 ou superior). Alguns usu\u00e1rios relatam problemas utilizando Internet Explorer.<\/p>\n<\/div><\/div>\n\n\n\n<div class=\"wp-block-pb-accordion-item c-accordion__item js-accordion-item no-js\" data-initially-open=\"false\" data-click-to-close=\"true\" data-auto-close=\"true\" data-scroll=\"false\" data-scroll-offset=\"0\"><h5 id=\"at-181\" class=\"c-accordion__title js-accordion-controller\" role=\"button\">Projetos de Ensino<\/h5><div id=\"ac-181\" class=\"c-accordion__content\">\n<p>S\u00e3o projetos que constituem um conjunto de atividades de car\u00e1ter tempor\u00e1rio que visa a reflex\u00e3o e melhoria do processo de ensino\/aprendizagem nos cursos de gradua\u00e7\u00e3o.<\/p>\n\n\n\n<p>Para mais informa\u00e7\u00f5es sobre esse tipo de projeto\u00a0<strong><a href=\"https:\/\/www.sistemasweb.uel.br\/index.php?contents=system\/prj\/ens\/index.php&amp;pagina=ens_qry_departamento2.php&amp;p_cod_centro=05000000\" target=\"_blank\" rel=\"noreferrer noopener\">clique aqui<\/a><\/strong>.<\/p>\n\n\n\n<p><strong>OBSERVA\u00c7\u00c3O<\/strong>: Recomendado o uso do Mozilla Firefox (vers\u00e3o 18 ou superior), Google Chrome (vers\u00e3o 24 ou superior). Alguns usu\u00e1rios relatam problemas utilizando Internet Explorer.<\/p>\n<\/div><\/div>\n\n\n\n<div class=\"wp-block-pb-accordion-item c-accordion__item js-accordion-item no-js\" data-initially-open=\"false\" data-click-to-close=\"true\" data-auto-close=\"true\" data-scroll=\"false\" data-scroll-offset=\"0\"><h5 id=\"at-182\" class=\"c-accordion__title js-accordion-controller\" role=\"button\">Projetos de Extens\u00e3o<\/h5><div id=\"ac-182\" class=\"c-accordion__content\">\n<p>Constituem um conjunto de atividades tempor\u00e1rias de car\u00e1ter educativo, cultural, art\u00edstico e\/ou cient\u00edfico, desenvolvidos obrigatoriamente por docentes e discentes atrav\u00e9s de a\u00e7\u00f5es sistematizadas, voltadas a quest\u00f5es sociais relevantes.<\/p>\n\n\n\n<p>Para mais informa\u00e7\u00f5es sobre esse tipo de projeto\u00a0<strong><a href=\"https:\/\/www.sistemasweb.uel.br\/index.php?contents=system\/prj\/pex\/index.php&amp;pagina=pex_qry_departamento2.php&amp;p_cod_centro=05000000\" target=\"_blank\" rel=\"noreferrer noopener\">clique aqui<\/a><\/strong>.<\/p>\n\n\n\n<p><strong>OBSERVA\u00c7\u00c3O<\/strong>: Recomendado o uso do Mozilla Firefox (vers\u00e3o 18 ou superior), Google Chrome (vers\u00e3o 24 ou superior). Alguns usu\u00e1rios relatam problemas utilizando Internet Explorer.<\/p>\n<\/div><\/div>\n","protected":false},"excerpt":{"rendered":"<p>Projetos de pesquisa, ensino e extens\u00e3o fazem parte do trip\u00e9 da Universidade Estadual de Londrina (UEL), s\u00e3o componentes fundamentais da miss\u00e3o das universidades p\u00fablicas, desempenhando pap\u00e9is distintos na forma\u00e7\u00e3o dos estudantes, no desenvolvimento da sociedade e s\u00e3o vistos como essenciais para uma forma\u00e7\u00e3o acad\u00eamica completa.<\/p>\n","protected":false},"author":8,"featured_media":0,"parent":0,"menu_order":0,"comment_status":"closed","ping_status":"closed","template":"","meta":{"_acf_changed":false,"footnotes":""},"class_list":["post-18","page","type-page","status-publish","hentry"],"acf":[],"_links":{"self":[{"href":"https:\/\/graduacao.uel.br\/farmacia\/wp-json\/wp\/v2\/pages\/18","targetHints":{"allow":["GET"]}}],"collection":[{"href":"https:\/\/graduacao.uel.br\/farmacia\/wp-json\/wp\/v2\/pages"}],"about":[{"href":"https:\/\/graduacao.uel.br\/farmacia\/wp-json\/wp\/v2\/types\/page"}],"author":[{"embeddable":true,"href":"https:\/\/graduacao.uel.br\/farmacia\/wp-json\/wp\/v2\/users\/8"}],"replies":[{"embeddable":true,"href":"https:\/\/graduacao.uel.br\/farmacia\/wp-json\/wp\/v2\/comments?post=18"}],"version-history":[{"count":1,"href":"https:\/\/graduacao.uel.br\/farmacia\/wp-json\/wp\/v2\/pages\/18\/revisions"}],"predecessor-version":[{"id":19,"href":"https:\/\/graduacao.uel.br\/farmacia\/wp-json\/wp\/v2\/pages\/18\/revisions\/19"}],"wp:attachment":[{"href":"https:\/\/graduacao.uel.br\/farmacia\/wp-json\/wp\/v2\/media?parent=18"}],"curies":[{"name":"wp","href":"https:\/\/api.w.org\/{rel}","templated":true}]}}