{"id":22,"date":"2024-07-11T21:21:15","date_gmt":"2024-07-12T00:21:15","guid":{"rendered":"https:\/\/graduacao.uel.br\/farmacia\/?page_id=22"},"modified":"2024-07-12T20:58:30","modified_gmt":"2024-07-12T23:58:30","slug":"o-curso","status":"publish","type":"page","link":"https:\/\/graduacao.uel.br\/farmacia\/o-curso\/","title":{"rendered":"O Curso"},"content":{"rendered":"\n<p>O Curso de Farm\u00e1cia da Universidade Estadual de Londrina (UEL) iniciou sua primeira turma em fevereiro de 1969, amparado pelo Parecer CEE n.\u00b090, de 13 de setembro de 1968 e inserido  inicialmente na Faculdade de Medicina do Paran\u00e1. <\/p>\n\n\n\n<p>Posteriormente, em 1970, o ent\u00e3o curso de Farm\u00e1cia e Bioqu\u00edmica veio a compor um dos treze cursos de gradua\u00e7\u00e3o da rec\u00e9m-criada Universidade Estadual de Londrina. O reconhecimento do curso se deu logo ap\u00f3s a gradua\u00e7\u00e3o da primeira turma em 1974 (Decreto Federal n\u00b0 74.018 de 07 de maio de 1974).<\/p>\n\n\n\n<p><strong>Objetivo<\/strong><\/p>\n\n\n\n<p>O Curso de Farm\u00e1cia da UEL tem como objetivo geral formar o profissional Farmac\u00eautico, com conhecimento centrado nos f\u00e1rmacos, nos medicamentos e na assist\u00eancia farmac\u00eautica, e de forma integrada nas an\u00e1lises cl\u00ednicas e toxicol\u00f3gicas, nos cosm\u00e9ticos e nos alimentos, inserindo-o no contexto social, pol\u00edtico, econ\u00f3mico, tecnol\u00f3gico e cient\u00edfico para a promo\u00e7\u00e3o do cuidado \u00e0 sa\u00fade do indiv\u00edduo, da fam\u00edlia e da comunidade.<\/p>\n\n\n\n<p><strong>Perfil do Profissional<\/strong><br>O perfil do egresso do curso de Farm\u00e1cia da UEL segue os preceitos das Diretrizes Curriculares Nacionais do curso de Gradua\u00e7\u00e3o em Farm\u00e1cia que estabelece que o egresso ter\u00e1 forma\u00e7\u00e3o generalista, humanista, cr\u00edtica e reflexiva, para atuar em todos os n\u00edveis de aten\u00e7\u00e3o \u00e0 sa\u00fade, com base no rigor cient\u00edfico e intelectual. <\/p>\n\n\n\n<p>\u00c9 capacitado ao exerc\u00edcio de atividades referentes aos f\u00e1rmacos e aos medicamentos, \u00e0s an\u00e1lises cl\u00ednicas e toxicol\u00f3gicas e ao controle, produ\u00e7\u00e3o e an\u00e1lise de alimentos e medicamentos, pautado em princ\u00edpios \u00e9ticos e na compreens\u00e3o da realidade social, cultural e econ\u00f4mica do seu meio, dirigindo sua atua\u00e7\u00e3o para a transforma\u00e7\u00e3o da realidade em benef\u00edcio da sociedade.<\/p>\n\n\n\n<p><strong>Campos de Atua\u00e7\u00e3o<\/strong><br>O egresso do curso de Farm\u00e1cia da UEL poder\u00e1 atuar em v\u00e1rios campos de atua\u00e7\u00e3o relacionados aos f\u00e1rmacos e medicamentos, alimentos e an\u00e1lises cl\u00ednicas. <\/p>\n\n\n\n<p>Os principais campos relacionados \u00e0 essas \u00e1reas s\u00e3o: drogaria, farm\u00e1cia de manipula\u00e7\u00e3o de f\u00f3rmulas; farm\u00e1cia hospitalar e cl\u00ednica, farm\u00e1cia homeop\u00e1tica; distribuidoras e ind\u00fastrias de insumos farmac\u00eauticos e medicamentos; laborat\u00f3rios de an\u00e1lises cl\u00ednicas, toxicol\u00f3gicas e de seguran\u00e7a de alimentos; gest\u00e3o de qualidade; \u00f3rg\u00e3os p\u00fablicos e de vigil\u00e2ncia sanit\u00e1ria; sistemas de abastecimento de medicamentos no servi\u00e7o p\u00fablico Federal, Estadual e Municipal; carreiras no ensino superior e institui\u00e7\u00f5es de pesquisa. <\/p>\n\n\n\n<p>De acordo com o Conselho Federal de Farm\u00e1cia (CFF) est\u00e3o previstas 135 especialidades para o Farmac\u00eautico, no entanto, algumas delas exigem p\u00f3s-gradua\u00e7\u00e3o.<\/p>\n","protected":false},"excerpt":{"rendered":"<p>O Curso de Farm\u00e1cia da Universidade Estadual de Londrina (UEL) iniciou sua primeira turma em fevereiro de 1969, amparado pelo Parecer CEE n.\u00b090, de 13 de setembro de 1968 e inserido inicialmente na Faculdade de Medicina do Paran\u00e1. Posteriormente, em 1970, o ent\u00e3o curso de Farm\u00e1cia e Bioqu\u00edmica veio a compor um dos treze cursos [&hellip;]<\/p>\n","protected":false},"author":8,"featured_media":0,"parent":0,"menu_order":0,"comment_status":"closed","ping_status":"closed","template":"","meta":{"_acf_changed":false,"footnotes":""},"class_list":["post-22","page","type-page","status-publish","hentry"],"acf":[],"_links":{"self":[{"href":"https:\/\/graduacao.uel.br\/farmacia\/wp-json\/wp\/v2\/pages\/22","targetHints":{"allow":["GET"]}}],"collection":[{"href":"https:\/\/graduacao.uel.br\/farmacia\/wp-json\/wp\/v2\/pages"}],"about":[{"href":"https:\/\/graduacao.uel.br\/farmacia\/wp-json\/wp\/v2\/types\/page"}],"author":[{"embeddable":true,"href":"https:\/\/graduacao.uel.br\/farmacia\/wp-json\/wp\/v2\/users\/8"}],"replies":[{"embeddable":true,"href":"https:\/\/graduacao.uel.br\/farmacia\/wp-json\/wp\/v2\/comments?post=22"}],"version-history":[{"count":2,"href":"https:\/\/graduacao.uel.br\/farmacia\/wp-json\/wp\/v2\/pages\/22\/revisions"}],"predecessor-version":[{"id":86,"href":"https:\/\/graduacao.uel.br\/farmacia\/wp-json\/wp\/v2\/pages\/22\/revisions\/86"}],"wp:attachment":[{"href":"https:\/\/graduacao.uel.br\/farmacia\/wp-json\/wp\/v2\/media?parent=22"}],"curies":[{"name":"wp","href":"https:\/\/api.w.org\/{rel}","templated":true}]}}