{"id":46,"date":"2024-07-11T21:34:16","date_gmt":"2024-07-12T00:34:16","guid":{"rendered":"https:\/\/graduacao.uel.br\/farmacia\/?page_id=46"},"modified":"2024-07-12T20:53:46","modified_gmt":"2024-07-12T23:53:46","slug":"matriz-curricular","status":"publish","type":"page","link":"https:\/\/graduacao.uel.br\/farmacia\/matriz-curricular\/","title":{"rendered":"Matriz Curricular"},"content":{"rendered":"\n<p>Para os estudantes que\u00a0<strong>ingressaram antes de 2022<\/strong>, a Matriz Curricular vigente \u00e9 a seguinte:\u00a0<strong><a href=\"https:\/\/sites.uel.br\/prograd\/wp-content\/uploads\/catalogo_cursos\/2021\/organizacao_curricular\/farmacia.pdf\" target=\"_blank\" rel=\"noreferrer noopener\">Matriz Curricular<\/a><\/strong><\/p>\n\n\n\n<p>Para os\u00a0<strong>ingressantes a partir de 2022<\/strong>, o curso passou por adapta\u00e7\u00e3o curricular para a credita\u00e7\u00e3o da extens\u00e3o, seguindo o disposto na\u00a0Resolu\u00e7\u00e3o\u00a0<a href=\"https:\/\/www.uel.br\/prograd\/documentos\/resolucoes\/2018\/resolucao_126_18.pdf\">CNE\/CES n.07 de 18 de dezembro de 2018<\/a>.<\/p>\n\n\n\n<p>Abaixo segue modelo da\u00a0<strong>Nova Matriz Curricular<\/strong>:<\/p>\n\n\n\n<div data-wp-interactive=\"core\/file\" class=\"wp-block-file\"><object data-wp-bind--hidden=\"!state.hasPdfPreview\" hidden class=\"wp-block-file__embed\" data=\"https:\/\/graduacao.uel.br\/farmacia\/wp-content\/uploads\/2024\/07\/farmacia-uel.pdf\" type=\"application\/pdf\" style=\"width:100%;height:600px\" aria-label=\"Incorporado de farmacia-uel.\"><\/object><a id=\"wp-block-file--media-30ed77eb-e249-4e7b-b454-c346177410eb\" href=\"https:\/\/graduacao.uel.br\/farmacia\/wp-content\/uploads\/2024\/07\/farmacia-uel.pdf\">farmacia-uel<\/a><a href=\"https:\/\/graduacao.uel.br\/farmacia\/wp-content\/uploads\/2024\/07\/farmacia-uel.pdf\" class=\"wp-block-file__button wp-element-button\" download aria-describedby=\"wp-block-file--media-30ed77eb-e249-4e7b-b454-c346177410eb\">Baixar<\/a><\/div>\n","protected":false},"excerpt":{"rendered":"<p>Para os estudantes que\u00a0ingressaram antes de 2022, a Matriz Curricular vigente \u00e9 a seguinte:\u00a0Matriz Curricular Para os\u00a0ingressantes a partir de 2022, o curso passou por adapta\u00e7\u00e3o curricular para a credita\u00e7\u00e3o da extens\u00e3o, seguindo o disposto na\u00a0Resolu\u00e7\u00e3o\u00a0CNE\/CES n.07 de 18 de dezembro de 2018. Abaixo segue modelo da\u00a0Nova Matriz Curricular:<\/p>\n","protected":false},"author":8,"featured_media":0,"parent":0,"menu_order":0,"comment_status":"closed","ping_status":"closed","template":"","meta":{"_acf_changed":false,"footnotes":""},"class_list":["post-46","page","type-page","status-publish","hentry"],"acf":[],"_links":{"self":[{"href":"https:\/\/graduacao.uel.br\/farmacia\/wp-json\/wp\/v2\/pages\/46","targetHints":{"allow":["GET"]}}],"collection":[{"href":"https:\/\/graduacao.uel.br\/farmacia\/wp-json\/wp\/v2\/pages"}],"about":[{"href":"https:\/\/graduacao.uel.br\/farmacia\/wp-json\/wp\/v2\/types\/page"}],"author":[{"embeddable":true,"href":"https:\/\/graduacao.uel.br\/farmacia\/wp-json\/wp\/v2\/users\/8"}],"replies":[{"embeddable":true,"href":"https:\/\/graduacao.uel.br\/farmacia\/wp-json\/wp\/v2\/comments?post=46"}],"version-history":[{"count":3,"href":"https:\/\/graduacao.uel.br\/farmacia\/wp-json\/wp\/v2\/pages\/46\/revisions"}],"predecessor-version":[{"id":84,"href":"https:\/\/graduacao.uel.br\/farmacia\/wp-json\/wp\/v2\/pages\/46\/revisions\/84"}],"wp:attachment":[{"href":"https:\/\/graduacao.uel.br\/farmacia\/wp-json\/wp\/v2\/media?parent=46"}],"curies":[{"name":"wp","href":"https:\/\/api.w.org\/{rel}","templated":true}]}}